{"id":444,"date":"2019-01-30T00:00:00","date_gmt":"2019-01-30T00:00:00","guid":{"rendered":"https:\/\/clearchox.com\/product\/soklet-bhut-jolokia-chili-70\/"},"modified":"2026-01-19T19:42:41","modified_gmt":"2026-01-19T19:42:41","slug":"soklet-bhut-jolokia-chili-70","status":"publish","type":"product","link":"https:\/\/clearchox.com\/de\/shop\/soklet-bhut-jolokia-chili-70\/","title":{"rendered":"Soklet Bhut Jolokia Chili 70%"},"content":{"rendered":"<p>Schokolade und Chili ist eine Kombination, die seit den Tagen der alten Mayas bew\u00e4hrt ist. Zur Interpretation dieser Kombination verwendet Soklet eine der sch\u00e4rfsten Chilis der Welt &#8211; die <a href=\"https:\/\/de.wikipedia.org\/wiki\/Bhut_Jolokia\" target=\"_blank\" rel=\"noopener noreferrer\">Bhut Jolokia<\/a> aus <a href=\"https:\/\/de.wikipedia.org\/wiki\/Assam\" target=\"_blank\" rel=\"noopener noreferrer\">Assam<\/a> \u2013 verbunden mit dunkler Schokolade und mit einem Hauch von rosa Himalaya-Salz.<\/p>\n<p><strong>Vom-Baum-zur-Tafel<br \/>\nNachhaltig angebaut und gewissenhaft hergestellt<br \/>\n<\/strong>Diese Qualit\u00e4tstafel wird aus Kakao hergestellt, der auf unseren eigenen Plantagen, in den Ausl\u00e4ufern des Anamalais gedeiht, so Soklet. Dort selektieren und fermentieren sie das Beste heraus, bevor es in pure Schokolade verwandelt wird. Altbew\u00e4hrte Methoden stellen den vollendeten Geschmack von Soklet sicher, sodass man ein luxuri\u00f6ses Mundgef\u00fchl gewinnt. Soklet verk\u00f6rpert das Beste aller nat\u00fcrlichen feinen indischen Schokoladen, damit Sie den wahren Geschmack des Terroirs genie\u00dfen k\u00f6nnen.<\/p>\n<p>Im Jahr 2017 erhielten sie den <a href=\"http:\/\/www.cocoaofexcellence.org\/\" target=\"_blank\" rel=\"noopener noreferrer\">Cocoa of Excellence Award<\/a>, der u.a. von <a href=\"https:\/\/www.bioversityinternational.org\/\" target=\"_blank\" rel=\"noopener noreferrer\">Biodiversity International<\/a> vergeben wurde. Das ist etwas ganz besonderes!<\/p>\n<p><strong>Zutaten:\u00a0<\/strong>Kakaomasse, Rohrzucker, Kakaobutter, Bhut-Jolokia-Chili, Rosa Himalayasalz<\/p>\n<p><strong>Aromaprofil<\/strong>:<\/p>\n<p><span style=\"color: #993300\"><strong>Kann Spuren von Schalenfr\u00fcchten, Erdn\u00fcssen und Milch enthalten.<\/strong><\/span><\/p>\n<table width=\"593\">\n<tbody>\n<tr>\n<td width=\"333\">N\u00e4hrwerte\/Nutritional values<\/td>\n<td width=\"260\">Per 100 g<\/td>\n<\/tr>\n<tr>\n<td>Energie\/Energy<\/td>\n<td>549 kcal\/2299 kJ<\/td>\n<\/tr>\n<tr>\n<td>Fett\/Fat<\/td>\n<td>33,70 g<\/td>\n<\/tr>\n<tr>\n<td>davon ges\u00e4ttigte Fetts\u00e4uren\/of that saturated fatty acids<\/td>\n<td>10,11 g<\/td>\n<\/tr>\n<tr>\n<td>Kohlenhydrate\/Carbohydrates<\/td>\n<td>47,67 g<\/td>\n<\/tr>\n<tr>\n<td>davon Zucker\/of that sugar<\/td>\n<td>20,80 g<\/td>\n<\/tr>\n<tr>\n<td>Eiweiss\/Protein<\/td>\n<td>14,10 g<\/td>\n<\/tr>\n<tr>\n<td>Salz\/Salt<\/td>\n<td>0 mg<\/td>\n<\/tr>\n<\/tbody>\n<\/table>\n<p>&nbsp;<\/p>\n","protected":false},"excerpt":{"rendered":"<p>Bhut Jolokia oder Naga Jolokia ist einer der sch\u00e4rfsten Chilis der Welt. In Kombination mit einem Hauch von rosa Himalayasalz und dem vollen, dunklen Kakao vom Fu\u00dfe der Anamalais-Berge ist dies eine erstaunliche Tafel!<\/p>\n","protected":false},"featured_media":84195,"comment_status":"open","ping_status":"closed","template":"","meta":[],"product_brand":[108],"product_cat":[754,733,15,736],"product_tag":[],"class_list":{"0":"post-444","1":"product","2":"type-product","3":"status-publish","4":"has-post-thumbnail","6":"product_brand-soklet","7":"product_cat-herkunftschokolade","8":"product_cat-preistraeger","9":"product_cat-schokolade","10":"product_cat-vegan","11":"product_shipping_class-16","12":"infinite-scroll-item","13":"resize-featured-image","14":"sales-flash-overlay","15":"woocommerce-text-align-center","16":"woocommerce-image-align-center","17":"wc-has-gallery","19":"first","20":"outofstock","21":"shipping-taxable","22":"purchasable","23":"product-type-simple"},"_links":{"self":[{"href":"https:\/\/clearchox.com\/de\/wp-json\/wp\/v2\/product\/444","targetHints":{"allow":["GET"]}}],"collection":[{"href":"https:\/\/clearchox.com\/de\/wp-json\/wp\/v2\/product"}],"about":[{"href":"https:\/\/clearchox.com\/de\/wp-json\/wp\/v2\/types\/product"}],"replies":[{"embeddable":true,"href":"https:\/\/clearchox.com\/de\/wp-json\/wp\/v2\/comments?post=444"}],"wp:featuredmedia":[{"embeddable":true,"href":"https:\/\/clearchox.com\/de\/wp-json\/wp\/v2\/media\/84195"}],"wp:attachment":[{"href":"https:\/\/clearchox.com\/de\/wp-json\/wp\/v2\/media?parent=444"}],"wp:term":[{"taxonomy":"product_brand","embeddable":true,"href":"https:\/\/clearchox.com\/de\/wp-json\/wp\/v2\/product_brand?post=444"},{"taxonomy":"product_cat","embeddable":true,"href":"https:\/\/clearchox.com\/de\/wp-json\/wp\/v2\/product_cat?post=444"},{"taxonomy":"product_tag","embeddable":true,"href":"https:\/\/clearchox.com\/de\/wp-json\/wp\/v2\/product_tag?post=444"}],"curies":[{"name":"wp","href":"https:\/\/api.w.org\/{rel}","templated":true}]}}