{"id":446,"date":"2019-02-01T00:00:00","date_gmt":"2019-02-01T00:00:00","guid":{"rendered":"https:\/\/clearchox.com\/product\/soklet-vegan-coconut-crunch-60\/"},"modified":"2026-04-20T19:18:27","modified_gmt":"2026-04-20T19:18:27","slug":"soklet-vegan-coconut-crunch-60","status":"publish","type":"product","link":"https:\/\/clearchox.com\/de\/shop\/soklet-vegan-coconut-crunch-60\/","title":{"rendered":"Soklet Kokosnuss Crunch &#8211; vegane Kokosnussmilchschokolade 60%"},"content":{"rendered":"<p><strong>Vom-Baum-zur-Tafel<br \/>\nNachhaltig angebaut und gewissenhaft hergestellt<br \/>\n<\/strong>Diese Qualit\u00e4tstafel wird aus Kakao hergestellt, der auf unseren eigenen Plantagen, in den Ausl\u00e4ufern des Anamalais gedeiht, so Soklet. Dort selektieren und fermentieren sie das Beste heraus, bevor es in pure Schokolade verwandelt wird. Altbew\u00e4hrte Methoden stellen den vollendeten Geschmack von Soklet sicher, sodass man ein luxuri\u00f6ses Mundgef\u00fchl gewinnt. Soklet verk\u00f6rpert das Beste aller nat\u00fcrlichen feinen indischen Schokoladen, damit Sie den wahren Geschmack des Terroirs genie\u00dfen k\u00f6nnen.<\/p>\n<p>Im Jahr 2017 erhielten sie den <a href=\"http:\/\/www.cocoaofexcellence.org\/\" target=\"_blank\" rel=\"noopener noreferrer\">Cocoa of Excellence Award<\/a>, der u.a. von <a href=\"https:\/\/www.bioversityinternational.org\/\" target=\"_blank\" rel=\"noopener noreferrer\">Biodiversity International<\/a> vergeben wurde. Das ist etwas ganz Besonderes!<\/p>\n<p><strong>Zutaten:\u00a0<\/strong>Kakaomasse,\u00a0Kakaobutter, Kokosbl\u00fctenzucker, Kokosnussmilchpulver, Ger\u00f6stete Kokosnussflocken<\/p>\n<p><strong>Aromaprofil<\/strong>:<\/p>\n<p><span style=\"color: #993300\"><strong>Kann Spuren von Schalenfr\u00fcchten, Erdn\u00fcssen und Milch enthalten.<\/strong><\/span><\/p>\n<table width=\"593\">\n<tbody>\n<tr>\n<td width=\"333\">N\u00e4hrwerte\/Nutritional values<\/td>\n<td width=\"260\">Per 100 g<\/td>\n<\/tr>\n<tr>\n<td>Energie\/Energy<\/td>\n<td>549 kcal\/2299 kJ<\/td>\n<\/tr>\n<tr>\n<td>Fett\/Fat<\/td>\n<td>33,70 g<\/td>\n<\/tr>\n<tr>\n<td>davon ges\u00e4ttigte Fetts\u00e4uren\/of that saturated fatty acids<\/td>\n<td>10,11 g<\/td>\n<\/tr>\n<tr>\n<td>Kohlenhydrate\/Carbohydrates<\/td>\n<td>47,67 g<\/td>\n<\/tr>\n<tr>\n<td>davon Zucker\/of that sugar<\/td>\n<td>20,80 g<\/td>\n<\/tr>\n<tr>\n<td>Eiweiss\/Protein<\/td>\n<td>14,10 g<\/td>\n<\/tr>\n<tr>\n<td>Salz\/Salt<\/td>\n<td>0 mg<\/td>\n<\/tr>\n<\/tbody>\n<\/table>\n<p>&nbsp;<\/p>\n","protected":false},"excerpt":{"rendered":"<p>Diese vegane Schokolade wird mit Kokosnussmilchpulver und Kokoszucker hergestellt, wodurch ein nussiger Geschmack entsteht. \u00dcberzogen mit ger\u00f6steten Kokosnussflocken, erleben Sie eine knusprige Wendung der cremigen Textur, die deutlich mit Kokosmilch durchzogen ist. Einfach lecker!<\/p>\n","protected":false},"featured_media":84199,"comment_status":"open","ping_status":"closed","template":"","meta":[],"product_brand":[108],"product_cat":[754,15,736],"product_tag":[],"class_list":{"0":"post-446","1":"product","2":"type-product","3":"status-publish","4":"has-post-thumbnail","6":"product_brand-soklet","7":"product_cat-herkunftschokolade","8":"product_cat-schokolade","9":"product_cat-vegan","10":"product_shipping_class-16","11":"infinite-scroll-item","12":"resize-featured-image","13":"sales-flash-overlay","14":"woocommerce-text-align-center","15":"woocommerce-image-align-center","16":"wc-has-gallery","18":"first","19":"instock","20":"shipping-taxable","21":"purchasable","22":"product-type-simple"},"_links":{"self":[{"href":"https:\/\/clearchox.com\/de\/wp-json\/wp\/v2\/product\/446","targetHints":{"allow":["GET"]}}],"collection":[{"href":"https:\/\/clearchox.com\/de\/wp-json\/wp\/v2\/product"}],"about":[{"href":"https:\/\/clearchox.com\/de\/wp-json\/wp\/v2\/types\/product"}],"replies":[{"embeddable":true,"href":"https:\/\/clearchox.com\/de\/wp-json\/wp\/v2\/comments?post=446"}],"wp:featuredmedia":[{"embeddable":true,"href":"https:\/\/clearchox.com\/de\/wp-json\/wp\/v2\/media\/84199"}],"wp:attachment":[{"href":"https:\/\/clearchox.com\/de\/wp-json\/wp\/v2\/media?parent=446"}],"wp:term":[{"taxonomy":"product_brand","embeddable":true,"href":"https:\/\/clearchox.com\/de\/wp-json\/wp\/v2\/product_brand?post=446"},{"taxonomy":"product_cat","embeddable":true,"href":"https:\/\/clearchox.com\/de\/wp-json\/wp\/v2\/product_cat?post=446"},{"taxonomy":"product_tag","embeddable":true,"href":"https:\/\/clearchox.com\/de\/wp-json\/wp\/v2\/product_tag?post=446"}],"curies":[{"name":"wp","href":"https:\/\/api.w.org\/{rel}","templated":true}]}}