{"id":459,"date":"2019-04-01T00:00:00","date_gmt":"2019-04-01T00:00:00","guid":{"rendered":"https:\/\/clearchox.com\/product\/krakakoa-arenga-100\/"},"modified":"2026-01-22T15:53:02","modified_gmt":"2026-01-22T15:53:02","slug":"krakakoa-arenga-100","status":"publish","type":"product","link":"https:\/\/clearchox.com\/de\/shop\/krakakoa-arenga-100\/","title":{"rendered":"Krakakoa &#8211; Arenga 100%"},"content":{"rendered":"<p>Dies ist 100% Sumatra-Kakao in seiner reinsten Form. Eine sehr zug\u00e4ngliche Tafel aus fermentiertem Kakao mit robusten und nat\u00fcrlichen S\u00e4urenoten und komplexen erdigen Aromen.<\/p>\n<p><strong>Zutaten<\/strong>: Kakaomasse<br \/>\n<strong>Aroma<\/strong>: nat\u00fcrliche Zitruss\u00e4uren mit runden Noten von Walnuss- und Zedernholz.<\/p>\n<p><span style=\"color: #993300\"><strong>Kann Spuren von Milch und Schalenfr\u00fcchten enthalten.<\/strong><\/span><\/p>\n<table border=\"0\" width=\"593\" cellspacing=\"0\" cellpadding=\"0\">\n<colgroup>\n<col width=\"333\" \/>\n<col width=\"260\" \/><\/colgroup>\n<tbody>\n<tr>\n<td class=\"xl68\" width=\"333\" height=\"15\"><strong>N\u00e4hrwerte<\/strong><\/td>\n<td class=\"xl66\" width=\"260\"><strong>pro\u00a0100 g<\/strong><\/td>\n<\/tr>\n<tr>\n<td class=\"xl64\" height=\"15\">Energie<\/td>\n<td class=\"xl65\">500 kCal\/2092 kJ<\/td>\n<\/tr>\n<tr>\n<td class=\"xl64\" height=\"15\">Fett<\/td>\n<td class=\"xl65\">56 g<\/td>\n<\/tr>\n<tr>\n<td class=\"xl64\" height=\"15\">davon ges\u00e4ttigte Fetts\u00e4uren<\/td>\n<td class=\"xl65\">36 g<\/td>\n<\/tr>\n<tr>\n<td class=\"xl64\" height=\"15\">Kohlenhydrate<\/td>\n<td class=\"xl65\">28 g<\/td>\n<\/tr>\n<tr>\n<td class=\"xl64\" height=\"15\">davon Zucker (nat\u00fcrlich anwesende Zucker)<\/td>\n<td class=\"xl65\">2 g<\/td>\n<\/tr>\n<tr>\n<td class=\"xl64\" height=\"15\">Eiweiss<\/td>\n<td class=\"xl65\">10 g<\/td>\n<\/tr>\n<tr>\n<td class=\"xl67\" height=\"15\">Salz<\/td>\n<td class=\"xl63\">0 g<\/td>\n<\/tr>\n<\/tbody>\n<\/table>\n<p>&nbsp;<\/p>\n","protected":false},"excerpt":{"rendered":"<p>Gewinner der Bronzemedaille der Academy of Chocolate 2018. K\u00f6stlicher, frisch aromatischer Kakao aus Sumatra mit einem sehr milden Geschmack. Dies macht die 100% sehr zug\u00e4nglich.<\/p>\n","protected":false},"featured_media":84213,"comment_status":"open","ping_status":"open","template":"","meta":[],"product_brand":[105],"product_cat":[754,733,15,736],"product_tag":[],"class_list":{"0":"post-459","1":"product","2":"type-product","3":"status-publish","4":"has-post-thumbnail","6":"product_brand-krakakoa","7":"product_cat-herkunftschokolade","8":"product_cat-preistraeger","9":"product_cat-schokolade","10":"product_cat-vegan","11":"product_shipping_class-16","12":"infinite-scroll-item","13":"resize-featured-image","14":"sales-flash-overlay","15":"woocommerce-text-align-center","16":"woocommerce-image-align-center","17":"wc-has-gallery","19":"first","20":"outofstock","21":"shipping-taxable","22":"purchasable","23":"product-type-simple"},"_links":{"self":[{"href":"https:\/\/clearchox.com\/de\/wp-json\/wp\/v2\/product\/459","targetHints":{"allow":["GET"]}}],"collection":[{"href":"https:\/\/clearchox.com\/de\/wp-json\/wp\/v2\/product"}],"about":[{"href":"https:\/\/clearchox.com\/de\/wp-json\/wp\/v2\/types\/product"}],"replies":[{"embeddable":true,"href":"https:\/\/clearchox.com\/de\/wp-json\/wp\/v2\/comments?post=459"}],"wp:featuredmedia":[{"embeddable":true,"href":"https:\/\/clearchox.com\/de\/wp-json\/wp\/v2\/media\/84213"}],"wp:attachment":[{"href":"https:\/\/clearchox.com\/de\/wp-json\/wp\/v2\/media?parent=459"}],"wp:term":[{"taxonomy":"product_brand","embeddable":true,"href":"https:\/\/clearchox.com\/de\/wp-json\/wp\/v2\/product_brand?post=459"},{"taxonomy":"product_cat","embeddable":true,"href":"https:\/\/clearchox.com\/de\/wp-json\/wp\/v2\/product_cat?post=459"},{"taxonomy":"product_tag","embeddable":true,"href":"https:\/\/clearchox.com\/de\/wp-json\/wp\/v2\/product_tag?post=459"}],"curies":[{"name":"wp","href":"https:\/\/api.w.org\/{rel}","templated":true}]}}