{"id":472,"date":"2019-07-04T00:00:00","date_gmt":"2019-07-04T00:00:00","guid":{"rendered":"https:\/\/clearchox.com\/product\/kuna-cacaoboter-25-kg-allergenenvrij-bio\/"},"modified":"2026-01-08T08:19:51","modified_gmt":"2026-01-08T08:19:51","slug":"kuna-kakaobutter-25-kg-allergenfrei-bio","status":"publish","type":"product","link":"https:\/\/clearchox.com\/de\/shop\/kuna-kakaobutter-25-kg-allergenfrei-bio\/","title":{"rendered":"Kun\u00e1 Kakaobutter 2,5 kg &#8211; allergenfrei BIO"},"content":{"rendered":"<p><strong>Zutaten<\/strong>: Kakaobutter von Arriba-\/Nacional-Kakaobohnen<\/p>\n","protected":false},"excerpt":{"rendered":"<p>Diese Kakaobutter ist nicht desodoriert und enth\u00e4lt daher das k\u00f6stliche florale Schokoladenaroma der Arriba-Kakaobohnen mit seinen nat\u00fcrlichen Eigenschaften.<\/p>\n","protected":false},"featured_media":130829,"comment_status":"open","ping_status":"closed","template":"","meta":[],"product_brand":[56],"product_cat":[737,735,754,15,736],"product_tag":[],"class_list":{"0":"post-472","1":"product","2":"type-product","3":"status-publish","4":"has-post-thumbnail","6":"product_brand-kuna","7":"product_cat-allergenfrei","8":"product_cat-bio","9":"product_cat-herkunftschokolade","10":"product_cat-schokolade","11":"product_cat-vegan","12":"product_shipping_class-16","13":"infinite-scroll-item","14":"resize-featured-image","15":"sales-flash-overlay","16":"woocommerce-text-align-center","17":"woocommerce-image-align-center","18":"wc-has-gallery","20":"first","21":"outofstock","22":"shipping-taxable","23":"purchasable","24":"product-type-simple"},"_links":{"self":[{"href":"https:\/\/clearchox.com\/de\/wp-json\/wp\/v2\/product\/472","targetHints":{"allow":["GET"]}}],"collection":[{"href":"https:\/\/clearchox.com\/de\/wp-json\/wp\/v2\/product"}],"about":[{"href":"https:\/\/clearchox.com\/de\/wp-json\/wp\/v2\/types\/product"}],"replies":[{"embeddable":true,"href":"https:\/\/clearchox.com\/de\/wp-json\/wp\/v2\/comments?post=472"}],"wp:featuredmedia":[{"embeddable":true,"href":"https:\/\/clearchox.com\/de\/wp-json\/wp\/v2\/media\/130829"}],"wp:attachment":[{"href":"https:\/\/clearchox.com\/de\/wp-json\/wp\/v2\/media?parent=472"}],"wp:term":[{"taxonomy":"product_brand","embeddable":true,"href":"https:\/\/clearchox.com\/de\/wp-json\/wp\/v2\/product_brand?post=472"},{"taxonomy":"product_cat","embeddable":true,"href":"https:\/\/clearchox.com\/de\/wp-json\/wp\/v2\/product_cat?post=472"},{"taxonomy":"product_tag","embeddable":true,"href":"https:\/\/clearchox.com\/de\/wp-json\/wp\/v2\/product_tag?post=472"}],"curies":[{"name":"wp","href":"https:\/\/api.w.org\/{rel}","templated":true}]}}