{"id":487,"date":"2019-07-15T00:00:00","date_gmt":"2019-07-15T00:00:00","guid":{"rendered":"https:\/\/clearchox.com\/product\/morin-peru-pablino-70-bio\/"},"modified":"2026-03-30T14:53:18","modified_gmt":"2026-03-30T14:53:18","slug":"morin-peru-pablino-70-bio","status":"publish","type":"product","link":"https:\/\/clearchox.com\/de\/shop\/morin-peru-pablino-70-bio\/","title":{"rendered":"Morin Peru Pablino 70% BIO"},"content":{"rendered":"<p>Diese Bohnen wachsen in der gleichen Region, wie <a href=\"\/?p=38172\" target=\"_blank\" rel=\"noopener noreferrer\">Chanchamayo-Kakao,<\/a> am Fu\u00dfe der Anden in den Regenw\u00e4ldern mitten in Peru. Die Plantage geh\u00f6rt einem Kakaobauern, der im selben Hof verschiedene Arten von B\u00e4umen anbaut: B\u00e4ume mit feinem Schatten f\u00fcr Kakao, Papaya, Kaffee und sogar K\u00fcrbisse, die \u00fcber den Boden kriechen.<br \/>\nDieser Z\u00fcchter macht alles biologisch und ist nicht nur sehr gewissenhaft, er erm\u00f6glicht sich durch gemischten Anbau auch ein regelm\u00e4\u00dfiges Einkommen und ist nicht nur vom Kakao abh\u00e4ngig.<\/p>\n<p><strong>Geschmack<\/strong>: fruchtig und w\u00fcrzig, bleibt lange im Mund h\u00e4ngen<br \/>\n<b>Zutaten<\/b>: Kakaomasse, Rohrzucker, Kakaobutter, Sonnenblumenlecithin.<\/p>\n<p><span style=\"color: #993300\"><strong><span lang=\"DE\">Kann Spuren von Milch, N<\/span><span lang=\"DE\">\u00fc<\/span><span lang=\"DE\">ssen, Erdn\u00fcssen und Sesam enthalten.<\/span><\/strong><\/span><\/p>\n<table width=\"593\">\n<tbody>\n<tr>\n<td width=\"333\">N\u00e4hrwerte\/Nutritional values\/Voedingswaarde<\/td>\n<td width=\"260\">Per 100 g<\/td>\n<\/tr>\n<tr>\n<td>Energie\/Energy<\/td>\n<td>606 kcal\/2519 kJ<\/td>\n<\/tr>\n<tr>\n<td>Fett\/Fat\/Vet<\/td>\n<td>43,6 g<\/td>\n<\/tr>\n<tr>\n<td>davon ges\u00e4ttigte Fetts\u00e4uren\/of that saturated fatty acids\/waarvan verzadigd<\/td>\n<td>26,3 g<\/td>\n<\/tr>\n<tr>\n<td>Kohlenhydrate\/Carbohydrates\/Koolhydraten<\/td>\n<td>44,5 g<\/td>\n<\/tr>\n<tr>\n<td>davon Zucker\/of which sugar\/waarvan suiker<\/td>\n<td>27,1 g<\/td>\n<\/tr>\n<tr>\n<td>Eiweiss\/Protein\/Eiwit<\/td>\n<td>8,8 g<\/td>\n<\/tr>\n<tr>\n<td>Salz\/Salt\/Zout<\/td>\n<td>0,08 g<\/td>\n<\/tr>\n<\/tbody>\n<\/table>\n<p>EAN 3760264290193<\/p>\n","protected":false},"excerpt":{"rendered":"<p>Single Plantation. Der Kakao f\u00fcr diese Tafel stammt von einer einzigen Plantage aus der Region Chanchamayo. Dort wird der Kakao, gemischt mit anderen B\u00e4umen angebaut. Fruchtig und w\u00fcrzig im Geschmack.<\/p>\n","protected":false},"featured_media":84325,"comment_status":"open","ping_status":"closed","template":"","meta":[],"product_brand":[79],"product_cat":[754,733,15,736],"product_tag":[],"class_list":{"0":"post-487","1":"product","2":"type-product","3":"status-publish","4":"has-post-thumbnail","6":"product_brand-chocolaterie-a-morin","7":"product_cat-herkunftschokolade","8":"product_cat-preistraeger","9":"product_cat-schokolade","10":"product_cat-vegan","11":"product_shipping_class-16","12":"infinite-scroll-item","13":"resize-featured-image","14":"sales-flash-overlay","15":"woocommerce-text-align-center","16":"woocommerce-image-align-center","17":"wc-has-gallery","19":"first","20":"instock","21":"shipping-taxable","22":"purchasable","23":"product-type-simple"},"_links":{"self":[{"href":"https:\/\/clearchox.com\/de\/wp-json\/wp\/v2\/product\/487","targetHints":{"allow":["GET"]}}],"collection":[{"href":"https:\/\/clearchox.com\/de\/wp-json\/wp\/v2\/product"}],"about":[{"href":"https:\/\/clearchox.com\/de\/wp-json\/wp\/v2\/types\/product"}],"replies":[{"embeddable":true,"href":"https:\/\/clearchox.com\/de\/wp-json\/wp\/v2\/comments?post=487"}],"wp:featuredmedia":[{"embeddable":true,"href":"https:\/\/clearchox.com\/de\/wp-json\/wp\/v2\/media\/84325"}],"wp:attachment":[{"href":"https:\/\/clearchox.com\/de\/wp-json\/wp\/v2\/media?parent=487"}],"wp:term":[{"taxonomy":"product_brand","embeddable":true,"href":"https:\/\/clearchox.com\/de\/wp-json\/wp\/v2\/product_brand?post=487"},{"taxonomy":"product_cat","embeddable":true,"href":"https:\/\/clearchox.com\/de\/wp-json\/wp\/v2\/product_cat?post=487"},{"taxonomy":"product_tag","embeddable":true,"href":"https:\/\/clearchox.com\/de\/wp-json\/wp\/v2\/product_tag?post=487"}],"curies":[{"name":"wp","href":"https:\/\/api.w.org\/{rel}","templated":true}]}}