{"id":497,"date":"2019-08-01T00:00:00","date_gmt":"2019-08-01T00:00:00","guid":{"rendered":"https:\/\/clearchox.com\/product\/auro-saloy-puur-70\/"},"modified":"2026-04-23T07:33:58","modified_gmt":"2026-04-23T07:33:58","slug":"auro-saloy-puur-70","status":"publish","type":"product","link":"https:\/\/clearchox.com\/de\/shop\/auro-saloy-puur-70\/","title":{"rendered":"Auro Saloy Dunkel 70%"},"content":{"rendered":"<ul>\n<li>Die Auro Reserve-Kollektion wurde sorgf\u00e4ltig aus den besten Bohnen eines Landguts hergestellt. Auro begegnet jeder Sorte und Ernte mit einer neuen Perspektive, um die besonderen Eigenschaften des Terroirs herauszustellen.<\/li>\n<\/ul>\n<p><a href=\"https:\/\/www.philatlas.com\/mindanao\/r11\/davao-city\/saloy.html\" target=\"_blank\" rel=\"noopener noreferrer\">Saloy<\/a> ist eine Gemeinschaft mit knapp 2.100 Einwohnern, die Teil der Stadt <a href=\"https:\/\/de.wikipedia.org\/wiki\/Davao_City\" target=\"_blank\" rel=\"noopener noreferrer\">Davao<\/a> auf der s\u00fcdlichen Insel <a href=\"https:\/\/de.wikipedia.org\/wiki\/Mindanao\" target=\"_blank\" rel=\"noopener noreferrer\">Mindanao<\/a> ist. Davao war einst das Zentrum des Kakaoanbaus. Saloy ist eigentlich weit au\u00dferhalb der Stadt Davao, in der bergigen Gegend tropischer W\u00e4lder.<\/p>\n<hr \/>\n<p><strong>Geschmack<\/strong>: Kr\u00e4uter, Bergamotte und Kirschen<br \/>\n<b>Zutaten<\/b>: Kakaomasse, Rohrzucker, Kakaobutter<\/p>\n<p><span style=\"color: #993300\"><strong><span lang=\"DE\">Kann Spuren von Milch, Soja, Schalenfr\u00fcchten und Erdn\u00fcssen enthalten. <\/span><\/strong><\/span><\/p>\n<table width=\"593\">\n<tbody>\n<tr>\n<td width=\"333\">N\u00e4hrwerte\/Nutritional values\/Voedingswaarde<\/td>\n<td width=\"260\">Per 100 g<\/td>\n<\/tr>\n<tr>\n<td>Energie\/Energy<\/td>\n<td>550 kcal\/2301 kJ<\/td>\n<\/tr>\n<tr>\n<td>Fett\/Fat\/Vet<\/td>\n<td>38 g<\/td>\n<\/tr>\n<tr>\n<td>davon ges\u00e4ttigte Fetts\u00e4uren\/of that saturated fatty acids\/waarvan verzadigd<\/td>\n<td>23 g<\/td>\n<\/tr>\n<tr>\n<td>Kohlenhydrate\/Carbohydrates\/Koolhydraten<\/td>\n<td>46 g<\/td>\n<\/tr>\n<tr>\n<td>davon Zucker\/of which sugar\/waarvan suiker<\/td>\n<td>30 g<\/td>\n<\/tr>\n<tr>\n<td>Eiweiss\/Protein\/Eiwit<\/td>\n<td>8 g<\/td>\n<\/tr>\n<tr>\n<td>Salz\/Salt\/Zout<\/td>\n<td>2 mg (0,002 g)<\/td>\n<\/tr>\n<\/tbody>\n<\/table>\n<p>EAN<\/p>\n","protected":false},"excerpt":{"rendered":"<p>Saloy liegt in den tropischen Bergen und wird von frischem Quellwasser gen\u00e4hrt, das durch die \u00fcppigen W\u00e4lder flie\u00dft. Die Schokolade weist sehr dynamische Noten von Kr\u00e4utern, Bergamotte und Kirschen auf.<\/p>\n","protected":false},"featured_media":84356,"comment_status":"open","ping_status":"closed","template":"","meta":[],"product_brand":[116],"product_cat":[754,733,15,736],"product_tag":[],"class_list":{"0":"post-497","1":"product","2":"type-product","3":"status-publish","4":"has-post-thumbnail","6":"product_brand-auro","7":"product_cat-herkunftschokolade","8":"product_cat-preistraeger","9":"product_cat-schokolade","10":"product_cat-vegan","11":"product_shipping_class-16","12":"infinite-scroll-item","13":"resize-featured-image","14":"sales-flash-overlay","15":"woocommerce-text-align-center","16":"woocommerce-image-align-center","17":"wc-has-gallery","19":"first","20":"instock","21":"shipping-taxable","22":"purchasable","23":"product-type-simple"},"_links":{"self":[{"href":"https:\/\/clearchox.com\/de\/wp-json\/wp\/v2\/product\/497","targetHints":{"allow":["GET"]}}],"collection":[{"href":"https:\/\/clearchox.com\/de\/wp-json\/wp\/v2\/product"}],"about":[{"href":"https:\/\/clearchox.com\/de\/wp-json\/wp\/v2\/types\/product"}],"replies":[{"embeddable":true,"href":"https:\/\/clearchox.com\/de\/wp-json\/wp\/v2\/comments?post=497"}],"wp:featuredmedia":[{"embeddable":true,"href":"https:\/\/clearchox.com\/de\/wp-json\/wp\/v2\/media\/84356"}],"wp:attachment":[{"href":"https:\/\/clearchox.com\/de\/wp-json\/wp\/v2\/media?parent=497"}],"wp:term":[{"taxonomy":"product_brand","embeddable":true,"href":"https:\/\/clearchox.com\/de\/wp-json\/wp\/v2\/product_brand?post=497"},{"taxonomy":"product_cat","embeddable":true,"href":"https:\/\/clearchox.com\/de\/wp-json\/wp\/v2\/product_cat?post=497"},{"taxonomy":"product_tag","embeddable":true,"href":"https:\/\/clearchox.com\/de\/wp-json\/wp\/v2\/product_tag?post=497"}],"curies":[{"name":"wp","href":"https:\/\/api.w.org\/{rel}","templated":true}]}}