{"id":501,"date":"2019-08-01T00:00:00","date_gmt":"2019-08-01T00:00:00","guid":{"rendered":"https:\/\/clearchox.com\/product\/auro-saloy-100-cacao\/"},"modified":"2026-04-23T07:34:03","modified_gmt":"2026-04-23T07:34:03","slug":"auro-saloy-100-cacao","status":"publish","type":"product","link":"https:\/\/clearchox.com\/de\/shop\/auro-saloy-100-cacao\/","title":{"rendered":"Auro Saloy 100% Kakao"},"content":{"rendered":"<p>Die Auro Reserve-Kollektion wurde sorgf\u00e4ltig aus den besten Bohnen eines Landguts hergestellt. Auro begegnet jeder Sorte und Ernte mit einer neuen Perspektive, um die besonderen Eigenschaften des Terroirs herauszustellen.<\/p>\n<hr \/>\n<p><strong>Geschmack<\/strong>: Kr\u00e4uter, Bergamotte und Kirschen<br \/>\n<b>Zutaten<\/b>: Kakaomasse<\/p>\n<p><span style=\"color: #993300\"><strong><span lang=\"DE\">Kann Spuren von Milch, Soja, Schalenfr\u00fcchten und Erdn\u00fcssen enthalten. <\/span><\/strong><\/span><\/p>\n<table width=\"593\">\n<tbody>\n<tr>\n<td width=\"333\">N\u00e4hrwerte\/Nutritional values\/Voedingswaarde<\/td>\n<td width=\"260\">Per 100 g<\/td>\n<\/tr>\n<tr>\n<td>Energie\/Energy<\/td>\n<td>600 kcal\/2510 kJ<\/td>\n<\/tr>\n<tr>\n<td>Fett\/Fat\/Vet<\/td>\n<td>51 g<\/td>\n<\/tr>\n<tr>\n<td>davon ges\u00e4ttigte Fetts\u00e4uren\/of that saturated fatty acids\/waarvan verzadigd<\/td>\n<td>31 g<\/td>\n<\/tr>\n<tr>\n<td>Kohlenhydrate\/Carbohydrates\/Koolhydraten<\/td>\n<td>24 g<\/td>\n<\/tr>\n<tr>\n<td>davon Zucker\/of which sugar\/waarvan suiker<\/td>\n<td>1 g<\/td>\n<\/tr>\n<tr>\n<td>Eiweiss\/Protein\/Eiwit<\/td>\n<td>12 g<\/td>\n<\/tr>\n<tr>\n<td>Salz\/Salt\/Zout<\/td>\n<td>3 mg (0,003 g)<\/td>\n<\/tr>\n<\/tbody>\n<\/table>\n<p>EAN<\/p>\n","protected":false},"excerpt":{"rendered":"<p>Saloy liegt in den tropischen Bergen und wird mit frischem Quellwasser gespeist, das durch \u00fcppige W\u00e4lder flie\u00dft. Diese 100% Tafel hat gro\u00dfartige Aromen &#8211; eine Perle zwischen den 100%-igen der Welt.<\/p>\n","protected":false},"featured_media":84372,"comment_status":"open","ping_status":"open","template":"","meta":[],"product_brand":[116],"product_cat":[754,15,736],"product_tag":[],"class_list":{"0":"post-501","1":"product","2":"type-product","3":"status-publish","4":"has-post-thumbnail","6":"product_brand-auro","7":"product_cat-herkunftschokolade","8":"product_cat-schokolade","9":"product_cat-vegan","10":"product_shipping_class-16","11":"infinite-scroll-item","12":"resize-featured-image","13":"sales-flash-overlay","14":"woocommerce-text-align-center","15":"woocommerce-image-align-center","16":"wc-has-gallery","18":"first","19":"instock","20":"shipping-taxable","21":"purchasable","22":"product-type-simple"},"_links":{"self":[{"href":"https:\/\/clearchox.com\/de\/wp-json\/wp\/v2\/product\/501","targetHints":{"allow":["GET"]}}],"collection":[{"href":"https:\/\/clearchox.com\/de\/wp-json\/wp\/v2\/product"}],"about":[{"href":"https:\/\/clearchox.com\/de\/wp-json\/wp\/v2\/types\/product"}],"replies":[{"embeddable":true,"href":"https:\/\/clearchox.com\/de\/wp-json\/wp\/v2\/comments?post=501"}],"wp:featuredmedia":[{"embeddable":true,"href":"https:\/\/clearchox.com\/de\/wp-json\/wp\/v2\/media\/84372"}],"wp:attachment":[{"href":"https:\/\/clearchox.com\/de\/wp-json\/wp\/v2\/media?parent=501"}],"wp:term":[{"taxonomy":"product_brand","embeddable":true,"href":"https:\/\/clearchox.com\/de\/wp-json\/wp\/v2\/product_brand?post=501"},{"taxonomy":"product_cat","embeddable":true,"href":"https:\/\/clearchox.com\/de\/wp-json\/wp\/v2\/product_cat?post=501"},{"taxonomy":"product_tag","embeddable":true,"href":"https:\/\/clearchox.com\/de\/wp-json\/wp\/v2\/product_tag?post=501"}],"curies":[{"name":"wp","href":"https:\/\/api.w.org\/{rel}","templated":true}]}}