{"id":507,"date":"2019-08-02T00:00:00","date_gmt":"2019-08-02T00:00:00","guid":{"rendered":"https:\/\/clearchox.com\/product\/koelelementen-4-x-600-ml\/"},"modified":"2026-01-08T08:16:51","modified_gmt":"2026-01-08T08:16:51","slug":"koelelementen-4-x-600-ml","status":"publish","type":"product","link":"https:\/\/clearchox.com\/de\/shop\/koelelementen-4-x-600-ml\/","title":{"rendered":"K\u00fchlelemente 4 x 600 ml"},"content":{"rendered":"<p>Die Anzahl von vier K\u00fchlelementen basiert auf positive Erfahrungen bei vielen Sendungen. Es bietet keine absolute Garantie, da die Temperaturen, die Route des LKWs und die Tageszeit unterschiedlich sind &#8211; Ist der Transporter viel in der strahlenden Sonne? Wird die Sendung fr\u00fch oder sp\u00e4t am Tag geliefert? F\u00e4hrt man durch W\u00e4lder? Oder viel \u00fcber Autobahnen? (Wind k\u00fchlt.)<\/p>\n","protected":false},"excerpt":{"rendered":"<p>Extra Sicherheit. Auf Wunsch legen wir vier 600-ml-K\u00fchlpackungen in den Versandkarton. Diese sind umweltfreundlich und wiederverwendbar.<\/p>\n","protected":false},"featured_media":84386,"comment_status":"open","ping_status":"closed","template":"","meta":[],"product_brand":[84],"product_cat":[731],"product_tag":[],"class_list":{"0":"post-507","1":"product","2":"type-product","3":"status-publish","4":"has-post-thumbnail","6":"product_brand-serviceprodukten-clearchox","7":"product_cat-serviceprodukte","8":"product_shipping_class-16","9":"infinite-scroll-item","10":"resize-featured-image","11":"sales-flash-overlay","12":"woocommerce-text-align-center","13":"woocommerce-image-align-center","14":"wc-has-gallery","16":"first","17":"instock","18":"shipping-taxable","19":"purchasable","20":"product-type-simple"},"_links":{"self":[{"href":"https:\/\/clearchox.com\/de\/wp-json\/wp\/v2\/product\/507","targetHints":{"allow":["GET"]}}],"collection":[{"href":"https:\/\/clearchox.com\/de\/wp-json\/wp\/v2\/product"}],"about":[{"href":"https:\/\/clearchox.com\/de\/wp-json\/wp\/v2\/types\/product"}],"replies":[{"embeddable":true,"href":"https:\/\/clearchox.com\/de\/wp-json\/wp\/v2\/comments?post=507"}],"wp:featuredmedia":[{"embeddable":true,"href":"https:\/\/clearchox.com\/de\/wp-json\/wp\/v2\/media\/84386"}],"wp:attachment":[{"href":"https:\/\/clearchox.com\/de\/wp-json\/wp\/v2\/media?parent=507"}],"wp:term":[{"taxonomy":"product_brand","embeddable":true,"href":"https:\/\/clearchox.com\/de\/wp-json\/wp\/v2\/product_brand?post=507"},{"taxonomy":"product_cat","embeddable":true,"href":"https:\/\/clearchox.com\/de\/wp-json\/wp\/v2\/product_cat?post=507"},{"taxonomy":"product_tag","embeddable":true,"href":"https:\/\/clearchox.com\/de\/wp-json\/wp\/v2\/product_tag?post=507"}],"curies":[{"name":"wp","href":"https:\/\/api.w.org\/{rel}","templated":true}]}}