{"id":85215,"date":"2019-12-18T12:57:54","date_gmt":"2019-12-18T12:57:54","guid":{"rendered":"https:\/\/clearchox.com\/product\/taza-mexicano-zimt-2-rundtafeln-50-bio\/"},"modified":"2026-04-20T07:58:50","modified_gmt":"2026-04-20T07:58:50","slug":"taza-mexicano-zimt-2-rundtafeln-50-bio","status":"publish","type":"product","link":"https:\/\/clearchox.com\/de\/shop\/taza-mexicano-zimt-2-rundtafeln-50-bio\/","title":{"rendered":"Taza Mexicano Zimt (2 Rundtafeln) 50% BIO"},"content":{"rendered":"<p>Kakaobohnen, herrlicher BIO-Zimt und Zucker werden zusammen auf traditionell mexikanischen Granitm\u00fchlsteinen gemahlen (<span class=\"tlid-translation translation\" lang=\"de\"><span title=\"&quot;\">im Gegensatz zur \u00fcblichen Conche<\/span><\/span>). Das ergibt ein etwas grobes, &#8222;sandiges&#8220; Gef\u00fchl im Mund, was auch die urspr\u00fcnglichen Aromen unterstreicht.<\/p>\n<p>Taza Chocolate ist stolz und froh mit dem <a href=\"http:\/\/www.nativealimentos.com.br\/en\/cana-verde\/index.html\" target=\"_blank\" rel=\"noopener noreferrer\">Native\u00ae Green Cane Project<\/a>\u00a0zusammenzuarbeiten, der den BIO-Rohrzucker liefert.<br \/>\nDer BIO-Kakao stammt von<a href=\"https:\/\/oko-caribe.com\/\" target=\"_blank\" rel=\"noopener noreferrer\"> \u00d6ko Caribe<\/a> aus der Dominikanischen Republik.<\/p>\n<p>Enth\u00e4lt 2 runde Scheiben herrlicher Schokolade.<\/p>\n<p><strong>Zutaten<\/strong>: Kakaobohnen, Rohrzucker, Zimt<\/p>\n<p><strong><span style=\"color: #993300\">Kann Spuren von N\u00fcssen, Kokos und Erdn\u00fcssen enthalten.<\/span><\/strong><\/p>\n<table border=\"0\" width=\"593\" cellspacing=\"0\" cellpadding=\"0\">\n<colgroup>\n<col width=\"333\" \/>\n<col width=\"260\" \/><\/colgroup>\n<tbody>\n<tr>\n<td class=\"xl68\" width=\"333\" height=\"15\"><strong>N\u00e4hrwerte<\/strong><\/td>\n<td class=\"xl66\" width=\"260\"><strong>pro 100 g<\/strong><\/td>\n<\/tr>\n<tr>\n<td class=\"xl64\" height=\"15\">Energie<\/td>\n<td class=\"xl65\">552 kCal\/2311 kJ<\/td>\n<\/tr>\n<tr>\n<td class=\"xl64\" height=\"15\">Fett<\/td>\n<td class=\"xl65\">31,6 g<\/td>\n<\/tr>\n<tr>\n<td class=\"xl64\" height=\"15\">davon ges\u00e4ttigte Fetts\u00e4uren<\/td>\n<td class=\"xl65\">18,4 g<\/td>\n<\/tr>\n<tr>\n<td class=\"xl64\" height=\"15\">Kohlenhydrate<\/td>\n<td class=\"xl65\">60,5 g<\/td>\n<\/tr>\n<tr>\n<td class=\"xl64\" height=\"15\">davon Zucker<\/td>\n<td class=\"xl65\">50 g<\/td>\n<\/tr>\n<tr>\n<td class=\"xl64\" height=\"15\">Eiweiss<\/td>\n<td class=\"xl65\">7,9 g<\/td>\n<\/tr>\n<tr>\n<td class=\"xl67\" height=\"15\">Salz<\/td>\n<td class=\"xl63\">0 g<\/td>\n<\/tr>\n<\/tbody>\n<\/table>\n<p>EAN 898456001111<\/p>\n","protected":false},"excerpt":{"rendered":"<p>Schokoladenscheiben mit warmem Zimt, nach original mexikanischer Art auf Stein gemahlen. Schokolade und Zimt, eine ideale Kombination. Genie\u00dfen Sie die St\u00fccke pur oder machen Sie aus einer Scheibe ein k\u00f6stliches Getr\u00e4nk.<\/p>\n","protected":false},"featured_media":86813,"comment_status":"open","ping_status":"closed","template":"","meta":[],"product_brand":[751],"product_cat":[735,15,736],"product_tag":[],"class_list":{"0":"post-85215","1":"product","2":"type-product","3":"status-publish","4":"has-post-thumbnail","6":"product_brand-taza","7":"product_cat-bio","8":"product_cat-schokolade","9":"product_cat-vegan","10":"infinite-scroll-item","11":"resize-featured-image","12":"sales-flash-overlay","13":"woocommerce-text-align-center","14":"woocommerce-image-align-center","15":"wc-has-gallery","17":"first","18":"instock","19":"shipping-taxable","20":"purchasable","21":"product-type-simple"},"_links":{"self":[{"href":"https:\/\/clearchox.com\/de\/wp-json\/wp\/v2\/product\/85215","targetHints":{"allow":["GET"]}}],"collection":[{"href":"https:\/\/clearchox.com\/de\/wp-json\/wp\/v2\/product"}],"about":[{"href":"https:\/\/clearchox.com\/de\/wp-json\/wp\/v2\/types\/product"}],"replies":[{"embeddable":true,"href":"https:\/\/clearchox.com\/de\/wp-json\/wp\/v2\/comments?post=85215"}],"wp:featuredmedia":[{"embeddable":true,"href":"https:\/\/clearchox.com\/de\/wp-json\/wp\/v2\/media\/86813"}],"wp:attachment":[{"href":"https:\/\/clearchox.com\/de\/wp-json\/wp\/v2\/media?parent=85215"}],"wp:term":[{"taxonomy":"product_brand","embeddable":true,"href":"https:\/\/clearchox.com\/de\/wp-json\/wp\/v2\/product_brand?post=85215"},{"taxonomy":"product_cat","embeddable":true,"href":"https:\/\/clearchox.com\/de\/wp-json\/wp\/v2\/product_cat?post=85215"},{"taxonomy":"product_tag","embeddable":true,"href":"https:\/\/clearchox.com\/de\/wp-json\/wp\/v2\/product_tag?post=85215"}],"curies":[{"name":"wp","href":"https:\/\/api.w.org\/{rel}","templated":true}]}}