{"id":85216,"date":"2019-12-18T12:57:59","date_gmt":"2019-12-18T12:57:59","guid":{"rendered":"https:\/\/clearchox.com\/product\/taza-mexicano-guajillo-chili-2-rundtafeln-50-bio\/"},"modified":"2026-04-21T13:27:49","modified_gmt":"2026-04-21T13:27:49","slug":"taza-mexicano-guajillo-chili-2-rundtafeln-50-bio","status":"publish","type":"product","link":"https:\/\/clearchox.com\/de\/shop\/taza-mexicano-guajillo-chili-2-rundtafeln-50-bio\/","title":{"rendered":"Taza Mexicano Guajillo Chili (2 Rundtafeln) 50% BIO"},"content":{"rendered":"<p>Kakaobohnen, mild-scharfes Chilipulver und Zucker werden zusammen auf traditionell mexikanischen Granitm\u00fchlsteinen gemahlen (<span class=\"tlid-translation translation\" lang=\"de\"><span title=\"&quot;\">im Gegensatz zur \u00fcblichen Conche<\/span><\/span>). Das ergibt ein etwas grobes, &#8222;sandiges&#8220; Gef\u00fchl im Mund, was auch die urspr\u00fcnglichen Aromen unterstreicht.<\/p>\n<p>Der <a href=\"https:\/\/en.wikipedia.org\/wiki\/Guajillo_chili\" target=\"_blank\" rel=\"noopener noreferrer\">Guajillo-Chili<\/a> ist der getrocknete Mirasol-Chili. Mirasol ist spanisch f\u00fcr &#8222;Blick auf die Sonne&#8220;. Guajillo ist das am zweith\u00e4ufigsten verwendete Chili in der mexikanischen K\u00fcche. Mild bis mittelscharf. Die meisten dieser Schoten stammen aus dem mexikanischen Bundesstaat <a href=\"https:\/\/de.wikipedia.org\/wiki\/Zacatecas_(Bundesstaat)\" target=\"_blank\" rel=\"noopener noreferrer\">Zacatecas<\/a>.<\/p>\n<p>Taza Chocolate ist stolz und froh mit dem\u00a0<a href=\"http:\/\/www.nativealimentos.com.br\/en\/cana-verde\/index.html\" target=\"_blank\" rel=\"noopener noreferrer\">Native\u00ae Green Cane Project <\/a>zusammenzuarbeiten, der den BIO-Rohrzucker liefert.<br \/>\nDer BIO-Kakao stammt von<a href=\"https:\/\/oko-caribe.com\/\" target=\"_blank\" rel=\"noopener noreferrer\"> \u00d6ko Caribe<\/a> aus der Dominikanischen Republik.<\/p>\n<p>Enth\u00e4lt 2 runde Scheiben herrlicher Schokolade.<\/p>\n<p><strong>Zutaten<\/strong>: Kakaobohnen, Rohrzucker, Chilipulver<\/p>\n<p><strong><span style=\"color: #993300\">Kann Spuren von N\u00fcssen, Kokos und Erdn\u00fcssen enthalten.<\/span><\/strong><\/p>\n<table border=\"0\" width=\"593\" cellspacing=\"0\" cellpadding=\"0\">\n<colgroup>\n<col width=\"333\" \/>\n<col width=\"260\" \/><\/colgroup>\n<tbody>\n<tr>\n<td class=\"xl68\" width=\"333\" height=\"15\"><strong>N\u00e4hrwerte<\/strong><\/td>\n<td class=\"xl66\" width=\"260\"><strong>pro 100 g<\/strong><\/td>\n<\/tr>\n<tr>\n<td class=\"xl64\" height=\"15\">Energie<\/td>\n<td class=\"xl65\">526 kCal\/2201 kJ<\/td>\n<\/tr>\n<tr>\n<td class=\"xl64\" height=\"15\">Fett<\/td>\n<td class=\"xl65\">26,3 g<\/td>\n<\/tr>\n<tr>\n<td class=\"xl64\" height=\"15\">davon ges\u00e4ttigte Fetts\u00e4uren<\/td>\n<td class=\"xl65\">15,8 g<\/td>\n<\/tr>\n<tr>\n<td class=\"xl64\" height=\"15\">Kohlenhydrate<\/td>\n<td class=\"xl65\">63 g<\/td>\n<\/tr>\n<tr>\n<td class=\"xl64\" height=\"15\">davon Zucker<\/td>\n<td class=\"xl65\">55,2 g<\/td>\n<\/tr>\n<tr>\n<td class=\"xl64\" height=\"15\">Eiweiss<\/td>\n<td class=\"xl65\">7,9 g<\/td>\n<\/tr>\n<tr>\n<td class=\"xl67\" height=\"15\">Salz<\/td>\n<td class=\"xl63\">0 g<\/td>\n<\/tr>\n<\/tbody>\n<\/table>\n<p>EAN 898456001241<\/p>\n","protected":false},"excerpt":{"rendered":"<p>Schokoladenscheiben mit der s\u00fc\u00dfen W\u00e4rme von Chili, nach original mexikanischer Art auf Stein gemahlen. Wie viele Schokoladen mit Chili gibt es? Aber diese ist lecker mild und ausgewogen. Auch genial als Trinkschokolade.<\/p>\n","protected":false},"featured_media":86812,"comment_status":"open","ping_status":"closed","template":"","meta":[],"product_brand":[751],"product_cat":[735,15,736],"product_tag":[],"class_list":{"0":"post-85216","1":"product","2":"type-product","3":"status-publish","4":"has-post-thumbnail","6":"product_brand-taza","7":"product_cat-bio","8":"product_cat-schokolade","9":"product_cat-vegan","10":"infinite-scroll-item","11":"resize-featured-image","12":"sales-flash-overlay","13":"woocommerce-text-align-center","14":"woocommerce-image-align-center","15":"wc-has-gallery","17":"first","18":"instock","19":"shipping-taxable","20":"purchasable","21":"product-type-simple"},"_links":{"self":[{"href":"https:\/\/clearchox.com\/de\/wp-json\/wp\/v2\/product\/85216","targetHints":{"allow":["GET"]}}],"collection":[{"href":"https:\/\/clearchox.com\/de\/wp-json\/wp\/v2\/product"}],"about":[{"href":"https:\/\/clearchox.com\/de\/wp-json\/wp\/v2\/types\/product"}],"replies":[{"embeddable":true,"href":"https:\/\/clearchox.com\/de\/wp-json\/wp\/v2\/comments?post=85216"}],"wp:featuredmedia":[{"embeddable":true,"href":"https:\/\/clearchox.com\/de\/wp-json\/wp\/v2\/media\/86812"}],"wp:attachment":[{"href":"https:\/\/clearchox.com\/de\/wp-json\/wp\/v2\/media?parent=85216"}],"wp:term":[{"taxonomy":"product_brand","embeddable":true,"href":"https:\/\/clearchox.com\/de\/wp-json\/wp\/v2\/product_brand?post=85216"},{"taxonomy":"product_cat","embeddable":true,"href":"https:\/\/clearchox.com\/de\/wp-json\/wp\/v2\/product_cat?post=85216"},{"taxonomy":"product_tag","embeddable":true,"href":"https:\/\/clearchox.com\/de\/wp-json\/wp\/v2\/product_tag?post=85216"}],"curies":[{"name":"wp","href":"https:\/\/api.w.org\/{rel}","templated":true}]}}