{"id":85220,"date":"2019-12-18T13:40:26","date_gmt":"2019-12-18T13:40:26","guid":{"rendered":"https:\/\/clearchox.com\/product\/infoblatt-kuna-set-von-10-stuck\/"},"modified":"2026-01-08T08:20:50","modified_gmt":"2026-01-08T08:20:50","slug":"infoblatt-kuna-set-von-10-stuck","status":"publish","type":"product","link":"https:\/\/clearchox.com\/de\/shop\/infoblatt-kuna-set-von-10-stuck\/","title":{"rendered":"Infoblatt Kun\u00e1 (Set von 10 St\u00fcck) DE"},"content":{"rendered":"<p>Laura Reiman malt die Menschen <em>hinter<\/em> der Schokolade <em>mit<\/em> Schokolade. Fransisco aus Kindiurku ist ein Kichwa Indianer aus dem Amazonas von Ecuador. Er ist Mitglied der Genossenschaft Asociaci\u00f3n Wi\u00f1ak aus Archidona, mit der Kun\u00e1 sehr eng zusammenarbeitet.<br \/>\nClearChox unterst\u00fctzt die Arbeit von Laura mit dem Ziel, Schokolade ein Gesicht zu geben. <a href=\"\/?page_id=45828\" target=\"_blank\" rel=\"noopener noreferrer\">Schau auch hier<\/a>.<\/p>\n","protected":false},"excerpt":{"rendered":"<p>Geben Sie Ihren interessierten Kunden ein Infoblatt. Immer mehr Endverbraucher wollen wissen, was sie kaufen und woher die Schokolade kommt.<br \/>\nDies ist das Infoblatt \u00fcber die Marke Kun\u00e1. Die Vorderseite zeigt, in Schokolade gemalt, Fransisco von Kindiurku. Die R\u00fcckseite erz\u00e4hlt von der Schokoladenmarke. Wir versenden sie in Einheiten von 10 St\u00fcck.<\/p>\n","protected":false},"featured_media":84166,"comment_status":"open","ping_status":"closed","template":"","meta":[],"product_brand":[84],"product_cat":[15],"product_tag":[],"class_list":{"0":"post-85220","1":"product","2":"type-product","3":"status-publish","4":"has-post-thumbnail","6":"product_brand-serviceprodukten-clearchox","7":"product_cat-schokolade","8":"infinite-scroll-item","9":"resize-featured-image","10":"sales-flash-overlay","11":"woocommerce-text-align-center","12":"woocommerce-image-align-center","13":"wc-has-gallery","15":"first","16":"instock","17":"shipping-taxable","18":"purchasable","19":"product-type-simple"},"_links":{"self":[{"href":"https:\/\/clearchox.com\/de\/wp-json\/wp\/v2\/product\/85220","targetHints":{"allow":["GET"]}}],"collection":[{"href":"https:\/\/clearchox.com\/de\/wp-json\/wp\/v2\/product"}],"about":[{"href":"https:\/\/clearchox.com\/de\/wp-json\/wp\/v2\/types\/product"}],"replies":[{"embeddable":true,"href":"https:\/\/clearchox.com\/de\/wp-json\/wp\/v2\/comments?post=85220"}],"wp:featuredmedia":[{"embeddable":true,"href":"https:\/\/clearchox.com\/de\/wp-json\/wp\/v2\/media\/84166"}],"wp:attachment":[{"href":"https:\/\/clearchox.com\/de\/wp-json\/wp\/v2\/media?parent=85220"}],"wp:term":[{"taxonomy":"product_brand","embeddable":true,"href":"https:\/\/clearchox.com\/de\/wp-json\/wp\/v2\/product_brand?post=85220"},{"taxonomy":"product_cat","embeddable":true,"href":"https:\/\/clearchox.com\/de\/wp-json\/wp\/v2\/product_cat?post=85220"},{"taxonomy":"product_tag","embeddable":true,"href":"https:\/\/clearchox.com\/de\/wp-json\/wp\/v2\/product_tag?post=85220"}],"curies":[{"name":"wp","href":"https:\/\/api.w.org\/{rel}","templated":true}]}}