{"id":85224,"date":"2019-12-18T13:40:46","date_gmt":"2019-12-18T13:40:46","guid":{"rendered":"https:\/\/clearchox.com\/product\/hazel-lees-geschmackskarte-fur-schokoladen\/"},"modified":"2026-03-13T08:34:40","modified_gmt":"2026-03-13T08:34:40","slug":"hazel-lees-geschmackskarte-fur-schokoladen","status":"publish","type":"product","link":"https:\/\/clearchox.com\/de\/shop\/hazel-lees-geschmackskarte-fur-schokoladen\/","title":{"rendered":"Hazel Lee&#8217;s Geschmackskarte f\u00fcr Schokoladen DE"},"content":{"rendered":"<p><a href=\"https:\/\/clearchox.com\/wp-content\/uploads\/2019\/02\/Hazel-Lee-Taset-with-Colour-1100x966.jpg\"><img decoding=\"async\" class=\"alignnone size-full wp-image-60474\" src=\"https:\/\/clearchox.com\/wp-content\/uploads\/2019\/02\/Hazel-Lee-Taset-with-Colour-1100x966.jpg\" alt=\" width=\" height=\"966\" \/><\/a><\/p>\n","protected":false},"excerpt":{"rendered":"<p>DE Version. \u00a0Das konkrete Benennen von Aromen und Ger\u00fcchen ist schwierig. Die meisten Leute denken leichter in Farben. Die Lebensmittelspezialistin Hazel Lee entwickelte eine einzigartige Geschmackskarte. Die Farben f\u00fchren zu den Worten. Gr\u00f6\u00dfe A3, wird in einer Kartonh\u00fclse geliefert.<\/p>\n","protected":false},"featured_media":84211,"comment_status":"open","ping_status":"closed","template":"","meta":[],"product_brand":[84],"product_cat":[731],"product_tag":[],"class_list":{"0":"post-85224","1":"product","2":"type-product","3":"status-publish","4":"has-post-thumbnail","6":"product_brand-serviceprodukten-clearchox","7":"product_cat-serviceprodukte","8":"infinite-scroll-item","9":"resize-featured-image","10":"sales-flash-overlay","11":"woocommerce-text-align-center","12":"woocommerce-image-align-center","14":"first","15":"instock","16":"shipping-taxable","17":"purchasable","18":"product-type-simple"},"_links":{"self":[{"href":"https:\/\/clearchox.com\/de\/wp-json\/wp\/v2\/product\/85224","targetHints":{"allow":["GET"]}}],"collection":[{"href":"https:\/\/clearchox.com\/de\/wp-json\/wp\/v2\/product"}],"about":[{"href":"https:\/\/clearchox.com\/de\/wp-json\/wp\/v2\/types\/product"}],"replies":[{"embeddable":true,"href":"https:\/\/clearchox.com\/de\/wp-json\/wp\/v2\/comments?post=85224"}],"wp:featuredmedia":[{"embeddable":true,"href":"https:\/\/clearchox.com\/de\/wp-json\/wp\/v2\/media\/84211"}],"wp:attachment":[{"href":"https:\/\/clearchox.com\/de\/wp-json\/wp\/v2\/media?parent=85224"}],"wp:term":[{"taxonomy":"product_brand","embeddable":true,"href":"https:\/\/clearchox.com\/de\/wp-json\/wp\/v2\/product_brand?post=85224"},{"taxonomy":"product_cat","embeddable":true,"href":"https:\/\/clearchox.com\/de\/wp-json\/wp\/v2\/product_cat?post=85224"},{"taxonomy":"product_tag","embeddable":true,"href":"https:\/\/clearchox.com\/de\/wp-json\/wp\/v2\/product_tag?post=85224"}],"curies":[{"name":"wp","href":"https:\/\/api.w.org\/{rel}","templated":true}]}}