{"id":86,"date":"2014-05-02T00:00:00","date_gmt":"2014-05-02T00:00:00","guid":{"rendered":"https:\/\/clearchox.com\/product\/kuna-25-kg-drops-65-napo-amazonas-bio\/"},"modified":"2026-01-19T19:42:38","modified_gmt":"2026-01-19T19:42:38","slug":"kuna-25-kg-drops-65-napo-amazonas-bio","status":"publish","type":"product","link":"https:\/\/clearchox.com\/de\/shop\/kuna-25-kg-drops-65-napo-amazonas-bio\/","title":{"rendered":"Kun\u00e1 2,5 kg Kakaotropfen 65% Napo Amazonas BIO"},"content":{"rendered":"<p><strong>Kakao-Drops (Tropfen) der feinsten Kakaosorten, dem Nacional (Arriba) aus Ecuador, mit einem reichhaltigen Aroma. Mit Panela (nicht raffinierter Rohrzucker) ges\u00fc\u00dft. Rein biologisch.<\/strong><\/p>\n<p><a href=\"https:\/\/clearchox.com\/wp-content\/uploads\/2015\/07\/Kun\u00e1-drops-usage-DE.jpg\"><img decoding=\"async\" class=\"alignnone size-full wp-image-52449\" src=\"https:\/\/clearchox.com\/wp-content\/uploads\/2015\/07\/Kun\u00e1-drops-usage-DE.jpg\" alt=\" width=\" height=\"383\" \/><\/a><\/p>\n<p><strong>Das ist mehr als fairer Handel und mit einer transparenten Lieferkette.<br \/>\n<\/strong>Kun\u00e1 stellt seine Schokolade mit Kakaobohnen der Kichwa <a href=\"http:\/\/www.winak.org.ec\/\" target=\"_blank\" rel=\"noopener noreferrer\">Genossenschaft Wi\u00f1ak<\/a> aus Archidona, Napo (Amazonas), Ecuador her.<\/p>\n<p>Die Mitglieder der Genossenschaft leben in der Unesco-Biosph\u00e4re Sumaco. Der Kakao wird von Familien in sogenannten Chakras angebaut. Das sind Dschungelareale, die sie als &#8222;Garten&#8220; benutzen. Mit allem Respekt f\u00fcr die Natur. Der Anbau erfolgt rein biologisch, ist zertifiziert und per Definition viel mehr als fairer Handel.<\/p>\n<p><a href=\"\/?p=47828\" target=\"_blank\" rel=\"noopener noreferrer\">Lesen Sie hier mehr \u00fcber Schokolade aus dem Kichwa<\/a><\/p>\n<p>Fredy Shiguango, der Vorsitzende\/Leiter, erkl\u00e4rt, was Asociaci\u00f3n Wi\u00f1ak f\u00fcr die Bev\u00f6lkerung bedeutet (\u00fcbersetzt von Luis Leon):<\/p>\n<p>&nbsp;<\/p>\n","protected":false},"excerpt":{"rendered":"<p>Bio-Kuvert\u00fcre-Drops (Tropfen), 65% Kakao der feinsten Sorte, dem Nacional aus dem Amazonas von Ecuador, der Unesco-Biosph\u00e4re Sumaco. Ges\u00fc\u00dft mit Panela, wie alle Schokoladen von Kun\u00e1.<\/p>\n","protected":false},"featured_media":130833,"comment_status":"open","ping_status":"closed","template":"","meta":[],"product_brand":[56],"product_cat":[737,735,754,15,736],"product_tag":[747],"class_list":{"0":"post-86","1":"product","2":"type-product","3":"status-publish","4":"has-post-thumbnail","6":"product_brand-kuna","7":"product_cat-allergenfrei","8":"product_cat-bio","9":"product_cat-herkunftschokolade","10":"product_cat-schokolade","11":"product_cat-vegan","12":"product_tag-drops","13":"product_shipping_class-16","14":"infinite-scroll-item","15":"resize-featured-image","16":"sales-flash-overlay","17":"woocommerce-text-align-center","18":"woocommerce-image-align-center","19":"wc-has-gallery","21":"first","22":"outofstock","23":"shipping-taxable","24":"purchasable","25":"product-type-simple"},"_links":{"self":[{"href":"https:\/\/clearchox.com\/de\/wp-json\/wp\/v2\/product\/86","targetHints":{"allow":["GET"]}}],"collection":[{"href":"https:\/\/clearchox.com\/de\/wp-json\/wp\/v2\/product"}],"about":[{"href":"https:\/\/clearchox.com\/de\/wp-json\/wp\/v2\/types\/product"}],"replies":[{"embeddable":true,"href":"https:\/\/clearchox.com\/de\/wp-json\/wp\/v2\/comments?post=86"}],"wp:featuredmedia":[{"embeddable":true,"href":"https:\/\/clearchox.com\/de\/wp-json\/wp\/v2\/media\/130833"}],"wp:attachment":[{"href":"https:\/\/clearchox.com\/de\/wp-json\/wp\/v2\/media?parent=86"}],"wp:term":[{"taxonomy":"product_brand","embeddable":true,"href":"https:\/\/clearchox.com\/de\/wp-json\/wp\/v2\/product_brand?post=86"},{"taxonomy":"product_cat","embeddable":true,"href":"https:\/\/clearchox.com\/de\/wp-json\/wp\/v2\/product_cat?post=86"},{"taxonomy":"product_tag","embeddable":true,"href":"https:\/\/clearchox.com\/de\/wp-json\/wp\/v2\/product_tag?post=86"}],"curies":[{"name":"wp","href":"https:\/\/api.w.org\/{rel}","templated":true}]}}