{"id":86831,"date":"2020-01-16T16:38:27","date_gmt":"2020-01-16T16:38:27","guid":{"rendered":"https:\/\/clearchox.com\/de\/product\/mesjokke-natural-blond-80g\/"},"modified":"2026-01-19T08:22:33","modified_gmt":"2026-01-19T08:22:33","slug":"mesjokke-natural-blond-80g","status":"publish","type":"product","link":"https:\/\/clearchox.com\/de\/shop\/mesjokke-natural-blond-80g\/","title":{"rendered":"Mesjokke Natural Blonde 80g"},"content":{"rendered":"<p><strong>Once you go blonde \u2026.<\/strong><\/p>\n<p>Kakaobutter: 40% Bio desodoriert und nat\u00fcrliche Kakaobutter aus der Dominikanischen Republik<br \/>\nZucker: Organischer Arenga Palmzucker aus der Region Minahasa, Nord-Sulawesi, Indonesien<\/p>\n<p>Motto: Once you go blonde \u2026.<br \/>\nGew\u00fcrze: Samen der Foeniculum Vulgare (Fenchel)<br \/>\nProfil: tief, leicht s\u00fc\u00df, Hauch von Anis<br \/>\nLockruf: blink blink schmatz schmatz schmatz<\/p>\n<h2>Musik zu Natural Blonde: One Way or Another von Blondie<\/h2>\n<h2>Blondine mit Tiefgang<\/h2>\n<p>Diese Schokolade ist eine Blondine mit Tiefgang. Nach einem Bissen will man nie wieder eine andere wei\u00dfe Schokolade haben. Wei\u00df, das ist sie nicht, eher blond, die Schokolade von den Mesjokke-Jungs. Die F\u00e4rbung erh\u00e4lt die Schokolade durch den einzigartigen honigbraunen Palmzucker, der zudem ein unverwechselbares Aroma von Karamell besitzt. Der Palmzucker der <a href=\"http:\/\/www.fansfornature.com\/bewusst-handeln\/zuckerpalme.html\" target=\"_blank\" rel=\"noopener noreferrer\">Arenga-Zuckerpalme<\/a>, der von der Masarang-Foundation in Tomohon auf Nord-Sulawesi stammt, ist ein nat\u00fcrliches Allround-Talent, das mehr als 6000 Bauern der Kooperative ein gutes Einkommen sichert. Die Zuckerpalme ist sehr gen\u00fcgsam, ergiebig, \u00f6kologisch und \u00f6konomisch wertvoll und deren Zucker ist sehr gesund, da beim Produktionsprozess die nat\u00fcrlichen Vitamine und Aminos\u00e4uren erhalten bleiben.<\/p>\n<p>Der Ertrag von sechs Zuckerpalmen sichert einer ganzen Familie in der abgelegenen Region die Lebenshaltungskosten. Die Bauern sind durch die Kooperative zu 100% am Gewinn beteiligt, was ihnen die finanziellen Mittel gibt, um ihre Kinder auf h\u00f6here Schulen zu schicken. Da sie somit auch unabh\u00e4ngiger sind, werden die Regenw\u00e4lder geschont, die f\u00fcr Monokulturen und ein korruptes System abgeholzt wurden. Damit leistet die Zuckerpalme auch einen nachhaltigen Naturschutz. Aus ihr lassen sich zudem bis zu sechszig Produkte gewinnen.<\/p>\n<p><strong>Zutaten<\/strong>: Kakaobutter 40%, <span style=\"color: #993300;\"><strong><em>Milch<\/em><\/strong><\/span>pulver, <a href=\"https:\/\/de.wikipedia.org\/wiki\/Zuckerpalme\" target=\"_blank\" rel=\"noopener noreferrer\">Palmzucker <\/a>aus Indonesien, Glucose, Fenchelsamen, <span style=\"color: #993300;\"><em><strong>Soja<\/strong><\/em><\/span>lecithin (&lt; 0,4%)<\/p>\n<p><span style=\"color: #993300;\"><strong>Kann Spuren von N\u00fcssen und Schalenfr\u00fcchten enthalten.<\/strong><\/span><\/p>\n<table border=\"0\" width=\"593\" cellspacing=\"0\" cellpadding=\"0\">\n<colgroup>\n<col width=\"333\" \/>\n<col width=\"260\" \/><\/colgroup>\n<tbody>\n<tr>\n<td class=\"xl68\" width=\"333\" height=\"15\"><strong>N\u00e4hrwerte<\/strong><\/td>\n<td class=\"xl66\" width=\"260\"><strong>pro 100 g<\/strong><\/td>\n<\/tr>\n<tr>\n<td class=\"xl64\" height=\"15\">Energie<\/td>\n<td class=\"xl65\">614 kcal\/ 2550 kj<\/td>\n<\/tr>\n<tr>\n<td class=\"xl64\" height=\"15\">Fett<\/td>\n<td class=\"xl65\">47 g<\/td>\n<\/tr>\n<tr>\n<td class=\"xl64\" height=\"15\">davon ges\u00e4ttigte Fetts\u00e4uren<\/td>\n<td class=\"xl65\">30 g<\/td>\n<\/tr>\n<tr>\n<td class=\"xl64\" height=\"15\">Kohlenhydrate<\/td>\n<td class=\"xl65\">40 g<\/td>\n<\/tr>\n<tr>\n<td class=\"xl64\" height=\"15\">davon Zucker<\/td>\n<td class=\"xl65\">40 g<\/td>\n<\/tr>\n<tr>\n<td class=\"xl64\" height=\"15\">Eiweiss<\/td>\n<td class=\"xl65\">7,3 g<\/td>\n<\/tr>\n<tr>\n<td class=\"xl67\" height=\"15\">Salz<\/td>\n<td class=\"xl63\">0,2 g<\/td>\n<\/tr>\n<\/tbody>\n<\/table>\n","protected":false},"excerpt":{"rendered":"<p>Once you go blonde&#8230; Die Schokolade ist mit Bio-Arenga-Palmzucker leicht ges\u00fc\u00dft, der die Tafel honigbraun f\u00e4rbt. Beste Kakaobutter und Fenchelsamen verleihen ihr satte Aromen\u00a0von Karamell und Noten von Anis. Irre lecker cremig ohne Milch &#8230;. schmatz schmatz.<\/p>\n","protected":false},"featured_media":83884,"comment_status":"open","ping_status":"closed","template":"","meta":[],"product_brand":[75],"product_cat":[15],"product_tag":[],"class_list":{"0":"post-86831","1":"product","2":"type-product","3":"status-publish","4":"has-post-thumbnail","6":"product_brand-mesjokke","7":"product_cat-schokolade","8":"infinite-scroll-item","9":"resize-featured-image","10":"sales-flash-overlay","11":"woocommerce-text-align-center","12":"woocommerce-image-align-center","14":"first","15":"instock","16":"shipping-taxable","17":"purchasable","18":"product-type-simple"},"_links":{"self":[{"href":"https:\/\/clearchox.com\/de\/wp-json\/wp\/v2\/product\/86831","targetHints":{"allow":["GET"]}}],"collection":[{"href":"https:\/\/clearchox.com\/de\/wp-json\/wp\/v2\/product"}],"about":[{"href":"https:\/\/clearchox.com\/de\/wp-json\/wp\/v2\/types\/product"}],"replies":[{"embeddable":true,"href":"https:\/\/clearchox.com\/de\/wp-json\/wp\/v2\/comments?post=86831"}],"wp:featuredmedia":[{"embeddable":true,"href":"https:\/\/clearchox.com\/de\/wp-json\/wp\/v2\/media\/83884"}],"wp:attachment":[{"href":"https:\/\/clearchox.com\/de\/wp-json\/wp\/v2\/media?parent=86831"}],"wp:term":[{"taxonomy":"product_brand","embeddable":true,"href":"https:\/\/clearchox.com\/de\/wp-json\/wp\/v2\/product_brand?post=86831"},{"taxonomy":"product_cat","embeddable":true,"href":"https:\/\/clearchox.com\/de\/wp-json\/wp\/v2\/product_cat?post=86831"},{"taxonomy":"product_tag","embeddable":true,"href":"https:\/\/clearchox.com\/de\/wp-json\/wp\/v2\/product_tag?post=86831"}],"curies":[{"name":"wp","href":"https:\/\/api.w.org\/{rel}","templated":true}]}}