{"id":86833,"date":"2020-01-16T16:41:47","date_gmt":"2020-01-16T16:41:47","guid":{"rendered":"https:\/\/clearchox.com\/de\/product\/mesjokke-swinging-sunrise-72-2\/"},"modified":"2026-02-28T21:30:44","modified_gmt":"2026-02-28T21:30:44","slug":"mesjokke-swinging-sunrise-72-2","status":"publish","type":"product","link":"https:\/\/clearchox.com\/de\/shop\/mesjokke-swinging-sunrise-72-2\/","title":{"rendered":"Mesjokke Swinging Sunrise 72% 80g"},"content":{"rendered":"<p>Die Trinitario-Kakaobohnen stammen von <a href=\"http:\/\/www.kokoakamili.com\/\" target=\"_blank\" rel=\"noopener noreferrer\">Kokoa Kiamili<\/a> aus Mbingu, dem <a href=\"https:\/\/de.wikipedia.org\/wiki\/Kilombero_(Distrikt)\" target=\"_blank\" rel=\"noopener noreferrer\">Kilombero-Tal<\/a> in Tansania.<\/p>\n<p>Wenn die Kakaobohnen fermentiert und trocknet werden, erschallt stets tansanische Musik aus dem Radio der Gesch\u00e4ftsf\u00fchrer <a href=\"http:\/\/www.kokoakamili.com\/team\/\" target=\"_blank\" rel=\"noopener noreferrer\">Simran und Brian<\/a>. Sie ist die klassische Musik der 70er Jahre Tansanias und wird Zilipendwa genannt, was frei \u00fcbersetzt &#8222;diejenigen, die geliebt wurden&#8220; hei\u00dft.<br \/>\nMesjokke w\u00e4hlt immer einen Titel f\u00fcr ihren Kakao aus. Hier ist es &#8222;Let&#8217;s Dance!&#8220; von David Bowie.<br \/>\nDer Lockruf dieser Schokolade lautet daher: scha-wingngngngng<\/p>\n<h2>Musik zu Swinging Sunrise: Let&#8217;s Dance von David Bowie<\/h2>\n<p><strong>Zutaten<\/strong>: Kakaomasse aus Kakaobohnen aus Tanzania, Rohrzucker aus Paraguay, non GMO <span style=\"color: #993300;\"><em><strong>Soja<\/strong><\/em><\/span>lecithin (&lt; 0,4%)<\/p>\n<p><span style=\"color: #993300;\"><strong>Enth\u00e4lt Soja. Kann auch Spuren von N\u00fcssen, Milch und Schalenfr\u00fcchten enthalten.<\/strong><\/span><\/p>\n<table border=\"0\" width=\"593\" cellspacing=\"0\" cellpadding=\"0\">\n<colgroup>\n<col width=\"333\" \/>\n<col width=\"260\" \/><\/colgroup>\n<tbody>\n<tr>\n<td class=\"xl68\" width=\"333\" height=\"15\"><strong>N\u00e4hrwerte<\/strong><\/td>\n<td class=\"xl66\" width=\"260\"><strong>pro 100 g<\/strong><\/td>\n<\/tr>\n<tr>\n<td class=\"xl64\" height=\"15\">Energie<\/td>\n<td class=\"xl65\">594 kcal\/ 2471 kj<\/td>\n<\/tr>\n<tr>\n<td class=\"xl64\" height=\"15\">Fett<\/td>\n<td class=\"xl65\">43 g<\/td>\n<\/tr>\n<tr>\n<td class=\"xl64\" height=\"15\">davon ges\u00e4ttigte Fetts\u00e4uren<\/td>\n<td class=\"xl65\">24 g<\/td>\n<\/tr>\n<tr>\n<td class=\"xl64\" height=\"15\">Kohlenhydrate<\/td>\n<td class=\"xl65\">40 g<\/td>\n<\/tr>\n<tr>\n<td class=\"xl64\" height=\"15\">davon Zucker<\/td>\n<td class=\"xl65\">36 g<\/td>\n<\/tr>\n<tr>\n<td class=\"xl64\" height=\"15\">Eiweiss<\/td>\n<td class=\"xl65\">10 g<\/td>\n<\/tr>\n<tr>\n<td class=\"xl67\" height=\"15\">Salz<\/td>\n<td class=\"xl63\">0 g<\/td>\n<\/tr>\n<\/tbody>\n<\/table>\n","protected":false},"excerpt":{"rendered":"<p>Let&#8217;s dance! Dies ist der Sonnenschein des Mesjokke-Clans. Swinging, aufregend, intensiv. Rote Fr\u00fcchte mit einer sch\u00f6nen S\u00e4ure und warmen T\u00f6nen dunkler Schokolade aus Tansania. Laut den Herren von Mesjokke h\u00f6rt diese Tafel auf den Lockruf: scha-wingngngngng!<\/p>\n","protected":false},"featured_media":84201,"comment_status":"open","ping_status":"closed","template":"","meta":[],"product_brand":[75],"product_cat":[15,736],"product_tag":[],"class_list":{"0":"post-86833","1":"product","2":"type-product","3":"status-publish","4":"has-post-thumbnail","6":"product_brand-mesjokke","7":"product_cat-schokolade","8":"product_cat-vegan","9":"infinite-scroll-item","10":"resize-featured-image","11":"sales-flash-overlay","12":"woocommerce-text-align-center","13":"woocommerce-image-align-center","14":"wc-has-gallery","16":"first","17":"instock","18":"shipping-taxable","19":"purchasable","20":"product-type-simple"},"_links":{"self":[{"href":"https:\/\/clearchox.com\/de\/wp-json\/wp\/v2\/product\/86833","targetHints":{"allow":["GET"]}}],"collection":[{"href":"https:\/\/clearchox.com\/de\/wp-json\/wp\/v2\/product"}],"about":[{"href":"https:\/\/clearchox.com\/de\/wp-json\/wp\/v2\/types\/product"}],"replies":[{"embeddable":true,"href":"https:\/\/clearchox.com\/de\/wp-json\/wp\/v2\/comments?post=86833"}],"wp:featuredmedia":[{"embeddable":true,"href":"https:\/\/clearchox.com\/de\/wp-json\/wp\/v2\/media\/84201"}],"wp:attachment":[{"href":"https:\/\/clearchox.com\/de\/wp-json\/wp\/v2\/media?parent=86833"}],"wp:term":[{"taxonomy":"product_brand","embeddable":true,"href":"https:\/\/clearchox.com\/de\/wp-json\/wp\/v2\/product_brand?post=86833"},{"taxonomy":"product_cat","embeddable":true,"href":"https:\/\/clearchox.com\/de\/wp-json\/wp\/v2\/product_cat?post=86833"},{"taxonomy":"product_tag","embeddable":true,"href":"https:\/\/clearchox.com\/de\/wp-json\/wp\/v2\/product_tag?post=86833"}],"curies":[{"name":"wp","href":"https:\/\/api.w.org\/{rel}","templated":true}]}}