{"id":86834,"date":"2020-01-16T16:41:50","date_gmt":"2020-01-16T16:41:50","guid":{"rendered":"https:\/\/clearchox.com\/de\/product\/mesjokke-d-a-r-c-angel-72-80g\/"},"modified":"2026-04-07T07:38:42","modified_gmt":"2026-04-07T07:38:42","slug":"mesjokke-d-a-r-c-angel-72-80g","status":"publish","type":"product","link":"https:\/\/clearchox.com\/de\/shop\/mesjokke-d-a-r-c-angel-72-80g\/","title":{"rendered":"Mesjokke D.A.R.C. Angel 72% 80g"},"content":{"rendered":"<div class=\"woocommerce-product-details__short-description\">\n<p>D.A.R.C hei\u00dft <strong>Divine Aromatic Roasted Cocoa<\/strong><\/p>\n<p>Kakao: 72% Trinitario, Cacao Bisiesto, Matagalpa, Nicaragua<br \/>\nZucker: Bio Rohrzucker von La R\u00e9union<\/p>\n<p>Motto: Holy Cacao!!<br \/>\nR\u00f6stung: mittel<br \/>\nProfil: erdig, kraftvoll<br \/>\nLockruf: aaa-haaaa-haaaa-men<\/p>\n<h2>Musik zu D.A.R.C. Angel: Black Magic Woman von Santana<\/h2>\n<h2>Herkunft<\/h2>\n<p>Die Kakaobohnen f\u00fcr die D.A.R.C. Engel Schokolade stammen aus den Plantagen von <a href=\"http:\/\/www.cacaobisiesto.com\/\" target=\"_blank\" rel=\"noopener noreferrer\">Cacao Bisiesto <\/a>in La Dalia, in der Region Matagalpa in Nicaragua. Das Unternehmen verdankt seinen Namen dem Tag seiner Gr\u00fcndung (29. Februar), der nur in Schaltjahren auftritt; <em>bisiesto<\/em> auf Spanisch. Die Gr\u00fcnder Jos\u00e9 Enrique Herrera und Giff Laube arbeiten eng mit den Bauern zusammen, um sicherzustellen, dass die Qualit\u00e4t des Kakaos hoch bleibt und dass diese mehr verdienen, als wenn ihr Kakao auf den Mainstream-Markt ginge. Gemeinsam gew\u00e4hrleisten sie, dass die Natur und der Kakao im ganzen Produktionsprozess respektiert werden und dass der Kakao so eine feine Bitterkeit und S\u00e4ure hat. Der Geschmack ist sehr intensiv und erinnert an Kaffee und N\u00fcsse<\/p>\n<p><strong>Zutaten<\/strong>: Kakaomasse, Rohrzucker, <em><strong>Soja<\/strong><\/em>lecithin (&lt; 0,4%)<\/p>\n<p><strong>Kann Spuren von Milch, Schalenfr\u00fcchten und N\u00fcssen enthalten.<\/strong><\/p>\n<table border=\"0\" width=\"593\" cellspacing=\"0\" cellpadding=\"0\">\n<colgroup>\n<col width=\"333\" \/>\n<col width=\"260\" \/><\/colgroup>\n<tbody>\n<tr>\n<td class=\"xl68\" width=\"333\" height=\"15\"><strong>N\u00e4hrwerte<\/strong><\/td>\n<td class=\"xl66\" width=\"260\"><strong>pro\u00a0100 g<\/strong><\/td>\n<\/tr>\n<tr>\n<td class=\"xl64\" height=\"15\">Energie<\/td>\n<td class=\"xl65\">594\u00a0kcal\/\u00a02471 kj<\/td>\n<\/tr>\n<tr>\n<td class=\"xl64\" height=\"15\">Fett<\/td>\n<td class=\"xl65\">43\u00a0g<\/td>\n<\/tr>\n<tr>\n<td class=\"xl64\" height=\"15\">davon ges\u00e4ttigte Fetts\u00e4uren<\/td>\n<td class=\"xl65\">24 g<\/td>\n<\/tr>\n<tr>\n<td class=\"xl64\" height=\"15\">Kohlenhydrate<\/td>\n<td class=\"xl65\">40\u00a0g<\/td>\n<\/tr>\n<tr>\n<td class=\"xl64\" height=\"15\">davon Zucker<\/td>\n<td class=\"xl65\">36 g<\/td>\n<\/tr>\n<tr>\n<td class=\"xl64\" height=\"15\">Eiweiss<\/td>\n<td class=\"xl65\">10\u00a0g<\/td>\n<\/tr>\n<tr>\n<td class=\"xl67\" height=\"15\">Salz<\/td>\n<td class=\"xl63\">0 g<\/td>\n<\/tr>\n<\/tbody>\n<\/table>\n<p>&nbsp;<\/p>\n<\/div>\n","protected":false},"excerpt":{"rendered":"<p>DARC hei\u00dft Divine Aromatic Roasted Cocoa. Der 72% Kakao aus Nicaragua weist kraftvolle und leicht erdige Aromen auf. Die Schokolade ist ausgewogen ges\u00fc\u00dft und zart schmelzend. Man k\u00f6nnte fast abheben vor Begeisterung &#8230;.. ohaaaa.<\/p>\n","protected":false},"featured_media":99968,"comment_status":"open","ping_status":"closed","template":"","meta":[],"product_brand":[75],"product_cat":[15,736],"product_tag":[],"class_list":{"0":"post-86834","1":"product","2":"type-product","3":"status-publish","4":"has-post-thumbnail","6":"product_brand-mesjokke","7":"product_cat-schokolade","8":"product_cat-vegan","9":"infinite-scroll-item","10":"resize-featured-image","11":"sales-flash-overlay","12":"woocommerce-text-align-center","13":"woocommerce-image-align-center","15":"first","16":"instock","17":"shipping-taxable","18":"purchasable","19":"product-type-simple"},"_links":{"self":[{"href":"https:\/\/clearchox.com\/de\/wp-json\/wp\/v2\/product\/86834","targetHints":{"allow":["GET"]}}],"collection":[{"href":"https:\/\/clearchox.com\/de\/wp-json\/wp\/v2\/product"}],"about":[{"href":"https:\/\/clearchox.com\/de\/wp-json\/wp\/v2\/types\/product"}],"replies":[{"embeddable":true,"href":"https:\/\/clearchox.com\/de\/wp-json\/wp\/v2\/comments?post=86834"}],"wp:featuredmedia":[{"embeddable":true,"href":"https:\/\/clearchox.com\/de\/wp-json\/wp\/v2\/media\/99968"}],"wp:attachment":[{"href":"https:\/\/clearchox.com\/de\/wp-json\/wp\/v2\/media?parent=86834"}],"wp:term":[{"taxonomy":"product_brand","embeddable":true,"href":"https:\/\/clearchox.com\/de\/wp-json\/wp\/v2\/product_brand?post=86834"},{"taxonomy":"product_cat","embeddable":true,"href":"https:\/\/clearchox.com\/de\/wp-json\/wp\/v2\/product_cat?post=86834"},{"taxonomy":"product_tag","embeddable":true,"href":"https:\/\/clearchox.com\/de\/wp-json\/wp\/v2\/product_tag?post=86834"}],"curies":[{"name":"wp","href":"https:\/\/api.w.org\/{rel}","templated":true}]}}