{"id":135,"date":"2015-07-29T00:00:00","date_gmt":"2015-07-29T00:00:00","guid":{"rendered":"https:\/\/clearchox.com\/product\/kuna-100-rio-verde-esmeraldas-bio\/"},"modified":"2026-03-30T15:08:21","modified_gmt":"2026-03-30T15:08:21","slug":"kuna-100-rio-verde-esmeraldas-bio","status":"publish","type":"product","link":"https:\/\/clearchox.com\/en\/shop\/kuna-100-rio-verde-esmeraldas-bio\/","title":{"rendered":"Kun\u00e1 100% Rio Verde Esmeraldas BIO"},"content":{"rendered":"<div id=\"tw-source-text-container\" class=\"tw-ta-container F0azHf tw-nfl\"><span class=\"Y2IQFc\" lang=\"en\">Out of nowhere, Kun\u00e1 won first prize at &#8220;El Salon del Cacao y chocolate Ecuatoriano&#8221; in Guayaquil (Ecuador) in 2012.<\/span><\/div>\n<div id=\"tw-source-rmn-container\" class=\"tw-ta-container F0azHf tw-nfl\">\n<p id=\"tw-source-rmn\" class=\"tw-data-placeholder tw-text-small tw-ta\" dir=\"ltr\"><strong><span class=\"Y2IQFc\" lang=\"en\"> More than fair trade <\/span><\/strong><\/p>\n<p class=\"tw-data-placeholder tw-text-small tw-ta\" dir=\"ltr\"><span class=\"Y2IQFc\" lang=\"en\">Kun\u00e1 is a brand of the Ecuadorian company FreshCosta, which &#8211; by our standards &#8211; operates a remarkable social policy. What we call fair trade is quite normal in Ecuador. At Kun\u00e1 it means social responsibility &#8211; firmly established throughout the concept. Producer well-being, job creation and the cultivation of high-quality cocoa are essential components. <\/span><\/p>\n<p class=\"tw-data-placeholder tw-text-small tw-ta\" dir=\"ltr\"><strong><span class=\"Y2IQFc\" lang=\"en\">A balanced 100% <\/span><\/strong><\/p>\n<p class=\"tw-data-placeholder tw-text-small tw-ta\" dir=\"ltr\"><span class=\"Y2IQFc\" lang=\"en\">Kun\u00e1 works with the &#8220;Asociaci\u00f3n Wi\u00f1ak&#8221; as well as with the &#8220;Uni\u00f3n de Asociaciones Artesanales Eloy Alfaro de Esmeraldas&#8221; in north-central Ecuador. Both cooperations are governed by the same charitable ideals. An interesting detail is that mainly people of African origin live in the Esmeraldas region, supposedly because of the sinking of a slave ship off the coast. The cocoa from this region is very balanced with a fat content of 7%. Precisely because of the balanced taste profile, there are many very good chocolates with a higher cocoa content. Not bitter, but pure with perfect taste. <\/span><\/p>\n<p class=\"tw-data-placeholder tw-text-small tw-ta\" dir=\"ltr\"><span class=\"Y2IQFc\" lang=\"en\">Eloy Alfaro won the &#8220;Aromas del Ecuador&#8221; award in 2013 with their cocoa mass (the precursor to chocolate &#8211; also known as cocoa liquor).<\/span><\/p>\n<p dir=\"ltr\"><strong>Ingredients: <\/strong>cocoa mass, cocoa butter.<\/p>\n<p dir=\"ltr\"><span style=\"color: #993300\"><em><strong>May contain traces of milk.<\/strong><\/em><\/span><\/p>\n<table width=\"593\">\n<tbody>\n<tr>\n<td width=\"333\"><strong>N\u00e4hrwerte\/Voedingswaarde\/Nutritional values\/Valeurs nutritionnelles<br \/>\n<\/strong><\/td>\n<td width=\"260\"><strong>pro\/per\/pour 30 g<\/strong><\/td>\n<\/tr>\n<tr>\n<td>Energie\/Energy\/Valeur \u00e9nerg\u00e9tique<\/td>\n<td>150 kcal \/ 165 kJ<\/td>\n<\/tr>\n<tr>\n<td>Fett\/Vet\/Fat\/Lipides<\/td>\n<td>16 g<\/td>\n<\/tr>\n<tr>\n<td>davon ges\u00e4ttigte Fetts\u00e4uren\/waarvan verzadigde\/of which saturated\/dont acides gras satur\u00e9s<\/td>\n<td>10 g<\/td>\n<\/tr>\n<tr>\n<td>Kohlenhydrate\/Koolhydraten\/Carbohydrates\/Glucides<\/td>\n<td>11 g<\/td>\n<\/tr>\n<tr>\n<td>davon Zucker\/waarvan suiker\/of which sugar\/dont sucre<\/td>\n<td>0 g<\/td>\n<\/tr>\n<tr>\n<td>Eiwei\u00df\/Eiwitten\/Proteins\/Prot\u00e9ines<\/td>\n<td>4 g<\/td>\n<\/tr>\n<tr>\n<td>Salz\/Zout\/Salt\/Sel<\/td>\n<td>0 mg<\/td>\n<\/tr>\n<\/tbody>\n<\/table>\n<\/div>\n","protected":false},"excerpt":{"rendered":"<p>The Queen from Esmeraldas, Ecuador. One hundred percent. Delicate, full-bodied 100% bar, with a slow melt and aromas of tobacco, raisins and liquorice. The long aftertaste crowns this glorious dark beauty.<\/p>\n","protected":false},"featured_media":83679,"comment_status":"open","ping_status":"closed","template":"","meta":[],"product_brand":[56],"product_cat":[734,15,737,735,736],"product_tag":[24],"class_list":{"0":"post-135","1":"product","2":"type-product","3":"status-publish","4":"has-post-thumbnail","6":"product_brand-kuna","7":"product_cat-bean-to-bar","8":"product_cat-chocolate","9":"product_cat-free-of-allergens","10":"product_cat-organic","11":"product_cat-vegan","12":"product_tag-visible","13":"product_shipping_class-16","14":"infinite-scroll-item","15":"resize-featured-image","16":"sales-flash-overlay","17":"woocommerce-text-align-center","18":"woocommerce-image-align-center","19":"wc-has-gallery","21":"first","22":"instock","23":"taxable","24":"shipping-taxable","25":"purchasable","26":"product-type-simple"},"_links":{"self":[{"href":"https:\/\/clearchox.com\/en\/wp-json\/wp\/v2\/product\/135","targetHints":{"allow":["GET"]}}],"collection":[{"href":"https:\/\/clearchox.com\/en\/wp-json\/wp\/v2\/product"}],"about":[{"href":"https:\/\/clearchox.com\/en\/wp-json\/wp\/v2\/types\/product"}],"replies":[{"embeddable":true,"href":"https:\/\/clearchox.com\/en\/wp-json\/wp\/v2\/comments?post=135"}],"wp:featuredmedia":[{"embeddable":true,"href":"https:\/\/clearchox.com\/en\/wp-json\/wp\/v2\/media\/83679"}],"wp:attachment":[{"href":"https:\/\/clearchox.com\/en\/wp-json\/wp\/v2\/media?parent=135"}],"wp:term":[{"taxonomy":"product_brand","embeddable":true,"href":"https:\/\/clearchox.com\/en\/wp-json\/wp\/v2\/product_brand?post=135"},{"taxonomy":"product_cat","embeddable":true,"href":"https:\/\/clearchox.com\/en\/wp-json\/wp\/v2\/product_cat?post=135"},{"taxonomy":"product_tag","embeddable":true,"href":"https:\/\/clearchox.com\/en\/wp-json\/wp\/v2\/product_tag?post=135"}],"curies":[{"name":"wp","href":"https:\/\/api.w.org\/{rel}","templated":true}]}}