{"id":91124,"date":"2024-08-22T12:46:39","date_gmt":"2024-08-22T12:46:39","guid":{"rendered":"https:\/\/clearchox.com\/en\/?post_type=product&#038;p=91124"},"modified":"2026-04-07T07:33:30","modified_gmt":"2026-04-07T07:33:30","slug":"naive-xocoatl","status":"publish","type":"product","link":"https:\/\/clearchox.com\/en\/shop\/naive-xocoatl\/","title":{"rendered":"Na\u00efve Xocoatl Ceremonial Aztec Chocolate 65%"},"content":{"rendered":"<p>Domantas Uzpalis, the chocolatier at the heart of Na\u00efve, says:<\/p>\n<p>&#8220;Moctezuma, the fierce Aztec emperor, was sitting alone in the balcony, overlooking the lake Texcoco in Tenochtitl\u00e1n. The humid scent of smoke, spice and vanilla wafted up to him from the humming central market. A golden goblet full of liquid chocolate was resting on emperor&#8217;s palms. After taking a generous sip, Moctezuma gazed into the goblet, trying to read the chocolate froth as if it were a portal into the future. At the same time, the ambitious Spanish conquistador Hern\u00e1n Cort\u00e9s was finalizing the details of the siege of Tenochtitl\u00e1n he would soon lead, terminating the Aztec empire&#8217;s rule forever&#8230;&#8221;<\/p>\n<p>The cocoa beans Domantas uses are a special, home-made blend of excellent quality beans, currently mostly from Venezuela.<\/p>\n<p><strong>Ingredients<\/strong>: specialty cacao*, cane sugar*, pure cocoa butter*, achiote*, honey*, vanilla pompona*, ancho chile*.<br \/>\n*from wild or all-natural farming!<\/p>\n<p><span style=\"color: #993300;\"><strong><em>May contain traces of dairy, wheat, treenuts and peanuts.<\/em><\/strong><\/span><\/p>\n<table border=\"0\" width=\"593\" cellspacing=\"0\" cellpadding=\"0\">\n<tbody>\n<tr>\n<td class=\"xl68\" width=\"333\" height=\"15\"><strong>Nutritional values\/N\u00e4hrwerte\/Voedingswaarde\/Valeurs nutritionnelles<\/strong><\/td>\n<td class=\"xl66\" width=\"260\"><strong>per\/pro\/per\/pour 100 g<\/strong><\/td>\n<\/tr>\n<tr>\n<td class=\"xl64\" height=\"15\">Energy\/Energie\/Valeur \u00e9nerg\u00e9tique<\/td>\n<td class=\"xl65\">551 kcal \/ 2313 kJ<\/td>\n<\/tr>\n<tr>\n<td class=\"xl64\" height=\"15\">Fat\/Fett\/Vet\/Lipides<\/td>\n<td class=\"xl65\">33.3 g<\/td>\n<\/tr>\n<tr>\n<td class=\"xl64\" height=\"15\">of which saturated\/davon ges\u00e4ttigte Fetts\u00e4uren\/waarvan verzadigd\/dont acides gras satur\u00e9s<\/td>\n<td class=\"xl65\">18 g<\/td>\n<\/tr>\n<tr>\n<td class=\"xl64\" height=\"15\">Carbohydrates\/Kohlenhydrate\/Koolhydraten\/Glucides<\/td>\n<td class=\"xl65\">51 g<\/td>\n<\/tr>\n<tr>\n<td class=\"xl64\" height=\"15\">of which sugar\/davon Zucker\/waarvan suiker\/dont sucre<\/td>\n<td class=\"xl65\">30 g<\/td>\n<\/tr>\n<tr>\n<td class=\"xl64\" height=\"15\">Proteins\/Eiweiss\/Eiwitten\/Prot\u00e9ines<\/td>\n<td class=\"xl65\">7.5 g<\/td>\n<\/tr>\n<tr>\n<td class=\"xl67\" height=\"15\">Salt\/Salz\/Zout\/Sel<\/td>\n<td class=\"xl63\">0.13 g<\/td>\n<\/tr>\n<\/tbody>\n<\/table>\n","protected":false},"excerpt":{"rendered":"<p>This top quality chocolate is spiced following an ancient Aztec-style ceremonial recipe. Try it and be transported back in time.<\/p>\n","protected":false},"featured_media":91125,"comment_status":"open","ping_status":"closed","template":"","meta":[],"product_brand":[100],"product_cat":[15],"product_tag":[1217,1215,1216,1218,1173,1197,1214],"class_list":{"0":"post-91124","1":"product","2":"type-product","3":"status-publish","4":"has-post-thumbnail","6":"product_brand-naive","7":"product_cat-chocolate","8":"product_tag-achiote","9":"product_tag-aztec","10":"product_tag-ceremonial","11":"product_tag-chilli","12":"product_tag-chocolate","13":"product_tag-honey","14":"product_tag-vanilla","15":"infinite-scroll-item","16":"resize-featured-image","17":"sales-flash-overlay","18":"woocommerce-text-align-center","19":"woocommerce-image-align-center","20":"wc-has-gallery","22":"first","23":"instock","24":"taxable","25":"shipping-taxable","26":"purchasable","27":"product-type-simple"},"_links":{"self":[{"href":"https:\/\/clearchox.com\/en\/wp-json\/wp\/v2\/product\/91124","targetHints":{"allow":["GET"]}}],"collection":[{"href":"https:\/\/clearchox.com\/en\/wp-json\/wp\/v2\/product"}],"about":[{"href":"https:\/\/clearchox.com\/en\/wp-json\/wp\/v2\/types\/product"}],"replies":[{"embeddable":true,"href":"https:\/\/clearchox.com\/en\/wp-json\/wp\/v2\/comments?post=91124"}],"wp:featuredmedia":[{"embeddable":true,"href":"https:\/\/clearchox.com\/en\/wp-json\/wp\/v2\/media\/91125"}],"wp:attachment":[{"href":"https:\/\/clearchox.com\/en\/wp-json\/wp\/v2\/media?parent=91124"}],"wp:term":[{"taxonomy":"product_brand","embeddable":true,"href":"https:\/\/clearchox.com\/en\/wp-json\/wp\/v2\/product_brand?post=91124"},{"taxonomy":"product_cat","embeddable":true,"href":"https:\/\/clearchox.com\/en\/wp-json\/wp\/v2\/product_cat?post=91124"},{"taxonomy":"product_tag","embeddable":true,"href":"https:\/\/clearchox.com\/en\/wp-json\/wp\/v2\/product_tag?post=91124"}],"curies":[{"name":"wp","href":"https:\/\/api.w.org\/{rel}","templated":true}]}}