{"id":3,"date":"2019-11-19T09:35:19","date_gmt":"2019-11-19T09:35:19","guid":{"rendered":"https:\/\/clearchox.com\/?page_id=3"},"modified":"2023-08-31T14:02:23","modified_gmt":"2023-08-31T14:02:23","slug":"confidentialite","status":"publish","type":"page","link":"https:\/\/clearchox.com\/fr\/confidentialite\/","title":{"rendered":"Confidentialit\u00e9 et cookies"},"content":{"rendered":"\n<p>Bien que le GDPR \u2013 la loi sur la confidentialit\u00e9 \u2013 s\u2019applique essentiellement aux consommateurs, ClearChox veut \u00eatre clair en ce qui concerne vos donn\u00e9es. Voici comment nous les traitons :<\/p>\n\n\n\n<ol class=\"wp-block-list\" type=\"1\" start=\"1\">\n<li>Les donn\u00e9es que nous avons de vous sont les donn\u00e9es dont nous avons besoin pour envoyer vos commandes aussi bien au niveau administratif que l\u00e9gal ainsi que pour la communication par e-mail ou par t\u00e9l\u00e9phone.<\/li>\n\n\n\n<li>Vous pouvez modifier vos donn\u00e9es aussi longtemps que la loi le permet, mais pas les donn\u00e9es associ\u00e9es aux commandes d\u00e9j\u00e0 trait\u00e9es.<\/li>\n\n\n\n<li>Si vous laissez un commentaire sur notre site Web en tant que visiteur, les donn\u00e9es que vous avez saisies ainsi que votre adresse IP seront enregistr\u00e9es.<\/li>\n\n\n\n<li>Notre soi-disant front-end fonctionne sous WordPress. Lorsque vous visitez (un commentaire sur le site), une cha\u00eene anonymis\u00e9e est cr\u00e9\u00e9e en fonction de votre adresse e-mail et peut \u00eatre envoy\u00e9e au service Gravatar si vous l\u2019utilisez. Une fois votre commentaire approuv\u00e9, votre photo de profil fournie via le service Gravatar sera visible dans le contexte du commentaire.<\/li>\n\n\n\n<li>Vous ne pouvez vous d\u00e9sinscrire de la newsletter que si nous n\u2019avons plus de relation commerciale. Nous utilisons \u00e9galement la newsletter pour communiquer les changements de tarifs et conditions.<\/li>\n\n\n\n<li>Nous ne vendons pas vos informations, ni ne les mettons \u00e0 la disposition d\u2019un tiers, sauf si cela est n\u00e9cessaire pour l\u2019ex\u00e9cution de votre commande, comme notre soci\u00e9t\u00e9 d\u2019ex\u00e9cution. Une exception \u00e0 cela peut \u00eatre si ClearChox est acquis ou fusionn\u00e9.<\/li>\n\n\n\n<li>Nous conservons vos donn\u00e9es aussi longtemps que cela est l\u00e9galement n\u00e9cessaire.<\/li>\n\n\n\n<li>Nous avons pris les mesures techniques, organisationnelles et op\u00e9rationnelles appropri\u00e9es pour prot\u00e9ger vos donn\u00e9es.<\/li>\n\n\n\n<li>Vos donn\u00e9es sont s\u00e9curis\u00e9es au moyen d\u2019un nom de connexion (votre adresse e-mail) et d\u2019un mot de passe s\u00e9curis\u00e9 suppl\u00e9mentaire que vous choisissez et enregistrez vous-m\u00eame.<\/li>\n\n\n\n<li>Si vous payez directement et non par facture, le fournisseur de paiement Sisow est utilis\u00e9 pour le traitement des paiements.<\/li>\n\n\n\n<li>Les services de SendinBlue sont utilis\u00e9s pour traiter les newsletters.<\/li>\n<\/ol>\n\n\n\n<hr class=\"wp-block-separator has-css-opacity\"\/>\n\n\n\n<h2 class=\"wp-block-heading\">Pourquoi traitons-nous des donn\u00e9es personnelles ?<\/h2>\n\n\n\n<ul class=\"wp-block-list\">\n<li>Pour traiter votre paiement en rapport avec la commande;<\/li>\n\n\n\n<li>Pour l&rsquo;envoi de votre commande;<\/li>\n\n\n\n<li>Pour l&rsquo;envoi \u00e9ventuel de lettres, d&rsquo;invitations et d&rsquo;offres par la poste aux lettres;<\/li>\n\n\n\n<li>Pour l&rsquo;administration financi\u00e8re, ch\u00e8que SKAL et d\u00e9claration d&rsquo;imp\u00f4ts;<\/li>\n\n\n\n<li>Pour l&rsquo;envoi de newsletters par e-mail ou autrement via Internet. Vous vous \u00eates inscrit pour cela et vous pouvez \u00e9galement vous d\u00e9sinscrire.<\/li>\n<\/ul>\n\n\n\n<hr class=\"wp-block-separator has-css-opacity\"\/>\n\n\n\n<p>ClearChox utilise des tiers pour l\u2019exp\u00e9dition des commandes, c\u2019est-\u00e0-dire une soci\u00e9t\u00e9 d\u2019ex\u00e9cution qui compile la commande, l\u2019emballe et lui fournit une \u00e9tiquette de transport et le service de livraison, le service postal ou un service de colis. Ces tiers re\u00e7oivent donc votre nom et vos coordonn\u00e9es ainsi qu\u2019un e-mail pour le traitement de votre commande et le transport \u00e0 l\u2019adresse que vous avez indiqu\u00e9e. Ces tiers doivent \u00e9galement conserver vos donn\u00e9es pendant une dur\u00e9e l\u00e9galement requise.<\/p>\n\n\n\n<p>Nous ne transmettons pas de donn\u00e9es \u00e0 d\u2019autres parties avec lesquelles nous n\u2019avons pas conclu d\u2019accord de traitement. De plus, nous ne transmettons pas vos donn\u00e9es \u00e0 des tiers, sauf si cela est l\u00e9galement requis et autoris\u00e9.<\/p>\n\n\n\n<hr class=\"wp-block-separator has-css-opacity\"\/>\n\n\n\n<h2 class=\"wp-block-heading\">Dur\u00e9e de conservation<\/h2>\n\n\n\n<p>En principe, nous ne conservons pas vos donn\u00e9es plus longtemps que l\u00e9galement ou socialement n\u00e9cessaire.<\/p>\n\n\n\n<hr class=\"wp-block-separator has-css-opacity\"\/>\n\n\n\n<h2 class=\"wp-block-heading\">S\u00e9curit\u00e9 des donn\u00e9es<\/h2>\n\n\n\n<p>Sur le plan technique, compte tenu de la nature de l&rsquo;entreprise, nous avons pris des mesures de s\u00e9curit\u00e9 plus qu&rsquo;ad\u00e9quates. Mais rien n&rsquo;est certain. <mark style=\"background-color:rgba(0, 0, 0, 0)\" class=\"has-inline-color has-accent-color\">Les employ\u00e9s de ClearChox:<\/mark><\/p>\n\n\n\n<ul class=\"wp-block-list\">\n<li>Utilisez un nom d&rsquo;utilisateur et un mot de passe pour entrer dans le syst\u00e8me.<\/li>\n\n\n\n<li>Ils peuvent \u00e9galement voir vos donn\u00e9es et, si n\u00e9cessaire, les modifier.<\/li>\n\n\n\n<li>Nous effectuons des sauvegardes qui restent chez notre fournisseur et nous sont envoy\u00e9es comme stockage externe en cas de calamit\u00e9s.<\/li>\n<\/ul>\n\n\n\n<hr class=\"wp-block-separator has-css-opacity\"\/>\n\n\n\n<h2 class=\"wp-block-heading\">Droits sur les donn\u00e9es<\/h2>\n\n\n\n<p>Vous avez le droit de consulter et de corriger ou de supprimer vos donn\u00e9es \u00e0 tout moment, \u00e0 condition que cela ne soit pas contraire \u00e0 d&rsquo;autres obligations l\u00e9gales. Demandez \u00e0 votre contact ClearChox.<\/p>\n\n\n\n<hr class=\"wp-block-separator has-css-opacity\"\/>\n\n\n\n<h2 class=\"wp-block-heading\">Modification de la d\u00e9claration de confidentialit\u00e9<\/h2>\n\n\n\n<p>Nous pouvons modifier notre d\u00e9claration de confidentialit\u00e9, mais toujours dans le cadre de ce que la loi prescrit.<\/p>\n\n\n\n<hr class=\"wp-block-separator has-css-opacity\"\/>\n\n\n\n<h2 class=\"wp-block-heading\">Cookies<\/h2>\n\n\n\n<p>ClearChox utilise des cookies sur notre site Web. Un cookie est un petit fichier simple qui est envoy\u00e9 avec les pages de ce site Web et\/ou des programmes de lecture de films et qui est stock\u00e9 par votre navigateur sur le disque dur de votre ordinateur. Les informations qui y sont stock\u00e9es peuvent \u00eatre renvoy\u00e9es \u00e0 nos serveurs lors d&rsquo;une visite ult\u00e9rieure.<\/p>\n\n\n\n<p>En principe, ClearChox utilise un logiciel standard pour les boutiques en ligne, les mailings et les analyses. Nous sommes heureux de vous permettre de travailler avec notre site Web.<br>Les cookies que nous utilisons ne stockent aucune information personnelle ou confidentielle vous concernant autre que ce qui est n\u00e9cessaire pour passer et traiter votre commande. Si vous avez d\u00e9sactiv\u00e9 les cookies dans votre navigateur, certaines parties de ce site Web peuvent ne pas \u00eatre accessibles ou utilisables.<\/p>\n\n\n\n<p>En utilisant notre site Web, vous acceptez que des cookies soient plac\u00e9s sur votre ordinateur conform\u00e9ment \u00e0 la pr\u00e9sente politique en mati\u00e8re de cookies. Lors de votre premi\u00e8re visite sur ce site Web, vous aurez vu un \u00e9cran contextuel \u00e0 cet effet, qui n&rsquo;appara\u00eetra g\u00e9n\u00e9ralement plus lors des visites suivantes.<\/p>\n\n\n\n<p>ClearChox utilise les cookies suivants dans les cat\u00e9gories suivantes:<\/p>\n\n\n\n<h3 class=\"wp-block-heading\">Les cookies indispensables au fonctionnement du site<\/h3>\n\n\n\n<p>Certains cookies sont essentiels pour garantir que vous pouvez visualiser et acc\u00e9der au site dans la bonne langue et que le site s&rsquo;affiche correctement et efficacement en fonction du navigateur, du syst\u00e8me d&rsquo;exploitation et de la r\u00e9solution d&rsquo;\u00e9cran que vous utilisez. Sans ces cookies, il ne serait pas possible de visualiser correctement certaines pages ou de d\u00e9finir votre propre club par d\u00e9faut. En raison de la nature essentielle de ces cookies, il n&rsquo;est pas possible de les refuser et de continuer \u00e0 consulter le site ClearChox.<\/p>\n\n\n\n<h3 class=\"wp-block-heading\">Cookies tiers<\/h3>\n\n\n\n<p>Les cookies tiers sont utilis\u00e9s, entre autres, pour vous permettre, en tant qu&rsquo;utilisateur de notre site Web, de vous connecter. Et plus. Les cookies que nous utilisons appartiennent aux cat\u00e9gories suivantes&nbsp;:<\/p>\n\n\n\n<h3 class=\"wp-block-heading\">R\u00e9seaux sociaux<\/h3>\n\n\n\n<p>Pour vous permettre de partager et d&rsquo;aimer notre contenu sur les sites de m\u00e9dias sociaux, tels que Facebook et Twitter, nous devons placer un cookie. L&rsquo;application de m\u00e9dias sociaux utilise des cookies pour suivre vos choix et publier des commentaires. Si vous utilisez une application de r\u00e9seau social, le cookie peut suivre votre utilisation, m\u00eame si vous n&rsquo;interagissez pas avec lui lors de votre visite sur notre site.<\/p>\n\n\n\n<h3 class=\"wp-block-heading\">Des mesures<\/h3>\n\n\n\n<p>Les cookies de cette cat\u00e9gorie nous permettent de compter le nombre de visiteurs sur notre site Internet et de suivre leur parcours. Il en va de m\u00eame pour notre newsletter. Nous souhaitons que notre site Web fonctionne au mieux et que les newsletters contiennent les informations que vous souhaitez lire.<\/p>\n\n\n\n<h3 class=\"wp-block-heading\">Balises Web et cookies dans le courrier HTML<\/h3>\n\n\n\n<p>Nos e-mails peuvent contenir une balise Web unique par campagne pour nous faire savoir si nos e-mails sont ouverts et si des liens ou des publicit\u00e9s dans l&rsquo;e-mail sont cliqu\u00e9s. Nous pouvons utiliser ces informations, entre autres, pour d\u00e9terminer lesquels de nos e-mails int\u00e9ressent le plus les utilisateurs et pour demander si les utilisateurs qui n&rsquo;ouvrent pas nos e-mails souhaitent continuer \u00e0 recevoir ces communications. La balise Web est supprim\u00e9e lorsque vous supprimez l&rsquo;e-mail. Si vous ne souhaitez pas que la balise Web soit t\u00e9l\u00e9charg\u00e9e sur votre appareil, vous devez d\u00e9finir les e-mails de notre part en texte brut plut\u00f4t qu&rsquo;en HTML d\u00e8s r\u00e9ception.<\/p>\n\n\n\n<p>Si vous ne souhaitez pas \u00eatre suivi par Google Analytics, veuillez visiter<br> <a href=\"http:\/\/tools.google.com\/dlpage\/gaoptout%20\" target=\"_blank\" rel=\"noreferrer noopener\">http:\/\/tools.google.com\/dlpage\/gaoptout <\/a><br>Si vous ne souhaitez pas \u00eatre suivi par Microsoft, acc\u00e9dez \u00e0<br> <a href=\"http:\/\/privacy.microsoft.com\/en-GB\/default.mspx%20\" target=\"_blank\" rel=\"noreferrer noopener\">http:\/\/privacy.microsoft.com\/en-GB\/default.mspx <\/a><br>Si vous ne souhaitez pas \u00eatre suivi par yahoo.com, rendez-vous sur<br> <a href=\"http:\/\/info.yahoo.com\/privacy\/uk\/yahoo\/\" target=\"_blank\" rel=\"noreferrer noopener\">http:\/\/info.yahoo.com\/privacy\/uk\/yahoo\/<\/a><\/p>\n\n\n\n<p>Dans la plupart des navigateurs, il est possible de g\u00e9rer les cookies via les param\u00e8tres du navigateur. Si vous souhaitez en savoir plus sur les cookies, par exemple comment voir quels cookies ont \u00e9t\u00e9 install\u00e9s et comment vous pouvez les g\u00e9rer et les supprimer, rendez-vous sur <a href=\"http:\/\/www.allaboutcookies.org\/\" target=\"_blank\" rel=\"noopener\">www.allaboutcookies.org<\/a>.<\/p>\n\n\n\n<p>Lorsque vous visitez notre page de connexion, nous stockons un cookie temporaire pour v\u00e9rifier si votre navigateur accepte les cookies. Ce cookie ne contient aucune donn\u00e9e personnelle et est supprim\u00e9 lorsque vous fermez votre navigateur.<\/p>\n\n\n\n<p>Une fois que vous \u00eates connect\u00e9, nous stockons certains cookies en relation avec vos informations de connexion et les options d&rsquo;affichage de l&rsquo;\u00e9cran. Les cookies de connexion sont valables 2 jours et les cookies d&rsquo;options d&rsquo;\u00e9cran sont valables 1 an. Si vous s\u00e9lectionnez \u00ab\u00a0Se souvenir de moi\u00a0\u00bb, votre identifiant sera enregistr\u00e9 pendant 2 semaines. D\u00e8s que vous vous d\u00e9connectez de votre compte, les cookies de connexion sont supprim\u00e9s.<\/p>\n","protected":false},"excerpt":{"rendered":"<p>Bien que le GDPR \u2013 la loi sur la confidentialit\u00e9 \u2013 s\u2019applique essentiellement aux consommateurs, ClearChox veut \u00eatre clair en ce qui concerne vos donn\u00e9es. Voici comment nous les traitons : Pourquoi traitons-nous des donn\u00e9es personnelles ? ClearChox utilise des tiers pour l\u2019exp\u00e9dition des commandes, c\u2019est-\u00e0-dire une soci\u00e9t\u00e9 d\u2019ex\u00e9cution qui compile la commande, l\u2019emballe et &#8230; <\/p>\n<p class=\"read-more-container\"><a title=\"Confidentialit\u00e9 et cookies\" class=\"read-more button\" href=\"https:\/\/clearchox.com\/fr\/confidentialite\/#more-3\" aria-label=\"En savoir plus sur Confidentialit\u00e9 et cookies\">Meer..<\/a><\/p>\n","protected":false},"author":1,"featured_media":0,"parent":0,"menu_order":0,"comment_status":"closed","ping_status":"open","template":"","meta":{"footnotes":""},"class_list":{"0":"post-3","1":"page","2":"type-page","3":"status-publish","5":"infinite-scroll-item"},"_links":{"self":[{"href":"https:\/\/clearchox.com\/fr\/wp-json\/wp\/v2\/pages\/3","targetHints":{"allow":["GET"]}}],"collection":[{"href":"https:\/\/clearchox.com\/fr\/wp-json\/wp\/v2\/pages"}],"about":[{"href":"https:\/\/clearchox.com\/fr\/wp-json\/wp\/v2\/types\/page"}],"author":[{"embeddable":true,"href":"https:\/\/clearchox.com\/fr\/wp-json\/wp\/v2\/users\/1"}],"replies":[{"embeddable":true,"href":"https:\/\/clearchox.com\/fr\/wp-json\/wp\/v2\/comments?post=3"}],"version-history":[{"count":0,"href":"https:\/\/clearchox.com\/fr\/wp-json\/wp\/v2\/pages\/3\/revisions"}],"wp:attachment":[{"href":"https:\/\/clearchox.com\/fr\/wp-json\/wp\/v2\/media?parent=3"}],"curies":[{"name":"wp","href":"https:\/\/api.w.org\/{rel}","templated":true}]}}