{"id":84473,"date":"2019-11-29T19:27:09","date_gmt":"2019-11-29T19:27:09","guid":{"rendered":"https:\/\/clearchox.com\/?page_id=84473"},"modified":"2024-10-01T12:35:18","modified_gmt":"2024-10-01T12:35:18","slug":"accueil","status":"publish","type":"page","link":"https:\/\/clearchox.com\/fr\/","title":{"rendered":"Accueil"},"content":{"rendered":"\n<div class=\"wp-block-group alignfull no-topmarges no-login has-background\" style=\"background-color:#f7f4ee\"><div class=\"wp-block-group__inner-container is-layout-flow wp-block-group-is-layout-flow\">\n<div class=\"wp-block-columns no-margins is-layout-flex wp-container-core-columns-is-layout-9d6595d7 wp-block-columns-is-layout-flex\">\n<div class=\"wp-block-column is-layout-flow wp-block-column-is-layout-flow\" style=\"flex-basis:30%\"><div class=\"wp-block-image\">\n<figure class=\"alignleft size-medium\"><img loading=\"lazy\" decoding=\"async\" width=\"300\" height=\"298\" src=\"https:\/\/clearchox.com\/en\/wp-content\/uploads\/sites\/8\/2020\/01\/alberto-1-300x298.png\" alt=\"\" class=\"wp-image-86587\" srcset=\"https:\/\/clearchox.com\/fr\/wp-content\/uploads\/sites\/20\/2020\/01\/alberto-1-300x298.png 300w, https:\/\/clearchox.com\/fr\/wp-content\/uploads\/sites\/20\/2020\/01\/alberto-1-150x150.png 150w, https:\/\/clearchox.com\/fr\/wp-content\/uploads\/sites\/20\/2020\/01\/alberto-1-100x100.png 100w, https:\/\/clearchox.com\/fr\/wp-content\/uploads\/sites\/20\/2020\/01\/alberto-1.png 600w\" sizes=\"auto, (max-width: 300px) 100vw, 300px\" \/><\/figure>\n<\/div><\/div>\n\n\n\n<div class=\"wp-block-column is-vertically-aligned-center no-marges is-layout-flow wp-block-column-is-layout-flow\" style=\"flex-basis:70%\">\n<h2 class=\"wp-block-heading\" id=\"h-login-or-register\">Login ou <a href=\"https:\/\/clearchox.com\/en\/good-chocolate\/\">register<\/a><\/h2>\n\n\n\n<div class=\"woocommerce\"><\/div>\n<\/div>\n<\/div>\n<\/div><\/div>\n\n\n\n<div class=\"wp-block-group alignfull no-margins no-login has-background\" style=\"background-color:#fce4a3\"><div class=\"wp-block-group__inner-container is-layout-flow wp-block-group-is-layout-flow\">\n<div style=\"height:30px\" aria-hidden=\"true\" class=\"wp-block-spacer\"><\/div>\n\n\n\n<h2 class=\"wp-block-heading\" id=\"h-not-yet-a-business-account\">Pas encore de compte professionnel ? <\/h2>\n\n\n\n<div class=\"wp-block-columns no-margins is-layout-flex wp-container-core-columns-is-layout-9d6595d7 wp-block-columns-is-layout-flex\">\n<div class=\"wp-block-column is-layout-flow wp-block-column-is-layout-flow\">\n<p class=\"has-medium-font-size\">ClearChox est grossiste et importateur de tr\u00e8s bon chocolat, de pr\u00e9f\u00e9rence fabriqu\u00e9 dans le pays d&rsquo;origine.<\/p>\n<\/div>\n\n\n\n<div class=\"wp-block-column is-layout-flow wp-block-column-is-layout-flow\">\n<div class=\"wp-block-button\"><a class=\"wp-block-button__link has-background wp-element-button\" href=\"https:\/\/clearchox.com\/en\/good-chocolate\" style=\"background-color:#421d06\">Register<\/a><\/div>\n<\/div>\n<\/div>\n<\/div><\/div>\n\n\n\n<h2 class=\"wp-block-heading has-text-align-center\" id=\"h-latest-messages\">Actualit\u00e9s<\/h2>\n\n\n\n<div class=\"wp-block-group\"><div class=\"wp-block-group__inner-container is-layout-flow wp-block-group-is-layout-flow\"><div class=\"display-posts-listing grid\"><div class=\"listing-item\"><a class=\"image\" href=\"https:\/\/clearchox.com\/fr\/attention-le-lait-nest-pas-toujours-du-lait\/\"><img loading=\"lazy\" decoding=\"async\" width=\"300\" height=\"300\" src=\"https:\/\/clearchox.com\/fr\/wp-content\/uploads\/sites\/20\/2022\/12\/Lentilmilk-by-Alon-De-Lon-Commons-Wikimedia-1100x1100-1-300x300.jpg\" class=\"attachment-medium size-medium wp-post-image\" alt=\"\" srcset=\"https:\/\/clearchox.com\/fr\/wp-content\/uploads\/sites\/20\/2022\/12\/Lentilmilk-by-Alon-De-Lon-Commons-Wikimedia-1100x1100-1-300x300.jpg 300w, https:\/\/clearchox.com\/fr\/wp-content\/uploads\/sites\/20\/2022\/12\/Lentilmilk-by-Alon-De-Lon-Commons-Wikimedia-1100x1100-1-1024x1024.jpg 1024w, https:\/\/clearchox.com\/fr\/wp-content\/uploads\/sites\/20\/2022\/12\/Lentilmilk-by-Alon-De-Lon-Commons-Wikimedia-1100x1100-1-150x150.jpg 150w, https:\/\/clearchox.com\/fr\/wp-content\/uploads\/sites\/20\/2022\/12\/Lentilmilk-by-Alon-De-Lon-Commons-Wikimedia-1100x1100-1-768x768.jpg 768w, https:\/\/clearchox.com\/fr\/wp-content\/uploads\/sites\/20\/2022\/12\/Lentilmilk-by-Alon-De-Lon-Commons-Wikimedia-1100x1100-1-600x600.jpg 600w, https:\/\/clearchox.com\/fr\/wp-content\/uploads\/sites\/20\/2022\/12\/Lentilmilk-by-Alon-De-Lon-Commons-Wikimedia-1100x1100-1-100x100.jpg 100w, https:\/\/clearchox.com\/fr\/wp-content\/uploads\/sites\/20\/2022\/12\/Lentilmilk-by-Alon-De-Lon-Commons-Wikimedia-1100x1100-1.jpg 1100w\" sizes=\"auto, (max-width: 300px) 100vw, 300px\" \/><\/a> <a class=\"title\" href=\"https:\/\/clearchox.com\/fr\/attention-le-lait-nest-pas-toujours-du-lait\/\">Attention! Le lait n&rsquo;est pas toujours du lait<\/a> <span class=\"excerpt-dash\">-<\/span> <span class=\"excerpt\">Dark chocolate is basically always completely plant-based (i.e. vegan). ClearChox also has a growing number of vegan chocolate bars in its range. <a class=\"excerpt-more\" href=\"https:\/\/clearchox.com\/fr\/attention-le-lait-nest-pas-toujours-du-lait\/\">Lire plus<\/a><\/span><\/div><div class=\"listing-item\"><a class=\"image\" href=\"https:\/\/clearchox.com\/fr\/impressionnante-video-definite\/\"><img loading=\"lazy\" decoding=\"async\" width=\"300\" height=\"300\" src=\"https:\/\/clearchox.com\/fr\/wp-content\/uploads\/sites\/20\/2022\/07\/jens-300x300.jpg\" class=\"attachment-medium size-medium wp-post-image\" alt=\"\" srcset=\"https:\/\/clearchox.com\/fr\/wp-content\/uploads\/sites\/20\/2022\/07\/jens-300x300.jpg 300w, https:\/\/clearchox.com\/fr\/wp-content\/uploads\/sites\/20\/2022\/07\/jens-150x150.jpg 150w, https:\/\/clearchox.com\/fr\/wp-content\/uploads\/sites\/20\/2022\/07\/jens-100x100.jpg 100w, https:\/\/clearchox.com\/fr\/wp-content\/uploads\/sites\/20\/2022\/07\/jens.jpg 400w\" sizes=\"auto, (max-width: 300px) 100vw, 300px\" \/><\/a> <a class=\"title\" href=\"https:\/\/clearchox.com\/fr\/impressionnante-video-definite\/\">Impressionnante vid\u00e9o de Definite<\/a> <span class=\"excerpt-dash\">-<\/span> <span class=\"excerpt\">Jens Kamin moved to the Dominican Republic and became a chocolate maker. The first real artisanal one in that country, which does produce cocoa\u2026 <a class=\"excerpt-more\" href=\"https:\/\/clearchox.com\/fr\/impressionnante-video-definite\/\">Lire plus<\/a><\/span><\/div><\/div>\n\n\n\n<div style=\"height:20px\" aria-hidden=\"true\" class=\"wp-block-spacer\"><\/div>\n\n\n\n<div class=\"wp-block-button aligncenter\"><a class=\"wp-block-button__link wp-element-button\" href=\"https:\/\/clearchox.com\/fr\/blog\/\">Plus &#8230;<\/a><\/div>\n<\/div><\/div>\n\n\n\n<div class=\"wp-block-group\"><div class=\"wp-block-group__inner-container is-layout-flow wp-block-group-is-layout-flow\">\n<figure class=\"wp-block-image\"><img decoding=\"async\" src=\"https:\/\/clearchox.com\/wp-content\/uploads\/2013\/11\/clearchainchocolate.png\" alt=\"\" class=\"wp-image-36504\"\/><\/figure>\n\n\n\n<figure class=\"wp-block-image\"><img decoding=\"async\" src=\"https:\/\/clearchox.com\/wp-content\/uploads\/2013\/11\/info-1200x245.png\" alt=\"\" class=\"wp-image-39158\"\/><\/figure>\n\n\n\n<div class=\"wp-block-columns has-2-columns is-layout-flex wp-container-core-columns-is-layout-9d6595d7 wp-block-columns-is-layout-flex\">\n<div class=\"wp-block-column is-layout-flow wp-block-column-is-layout-flow\">\n<h2 class=\"wp-block-heading\" id=\"h-clear-short-chain\">Cha\u00eene courte transparente<\/h2>\n\n\n\n<p>Nous proposons du chocolat de haute gamme. Sous tous les angles, en termes de qualit\u00e9 et d\u2019origine. Le meilleur cacao de fermiers, qui sont pay\u00e9s de mani\u00e8re \u00e9quitable, et de m\u00eame transform\u00e9 par des chocolatiers passionn\u00e9s. Pas d\u2019origines obscures, pas de secrets. C\u2019est pourquoi notre nom est ClearChox et Clear Chain Chocolate est notre devise&nbsp;! Chocolat avec une cha\u00eene d\u2019approvisionnement transparente. De la ferme \u00e0 vous en aussi peu d\u2019\u00e9tapes que possible. De cette fa\u00e7on, il a bien meilleur go\u00fbt.<\/p>\n<\/div>\n\n\n\n<div class=\"wp-block-column is-layout-flow wp-block-column-is-layout-flow\">\n<h2 class=\"wp-block-heading\" id=\"h-origine-chocolate\">Origine Chocolat<\/h2>\n\n\n\n<p>Nous voulons conna\u00eetre les agriculteurs ou les coop\u00e9ratives. Nous exigeons savoir de quelle plantation provient le cacao. Et nous voulons savoir qui fabrique le chocolat. Pas de fabrication en s\u00e9rie ; parce que tout ce qui est fait avec amour et attention est pur, bon, et \u00e7a a du go\u00fbt !<br>Ces chocolats sont appel\u00e9s chocolats d\u2019origine. Notre symbole est le losange avec une moiti\u00e9 bleue et une marron chocolat. Il y a deux fl\u00e8ches pointant dans des &nbsp;directions oppos\u00e9es. Car il est aussi important de pouvoir retracer tout le trajet dans les deux sens, donc aussi de la fabrication \u00e0 la r\u00e9colte.<\/p>\n<\/div>\n<\/div>\n<\/div><\/div>\n\n\n\n<div class=\"wp-block-group\"><div class=\"wp-block-group__inner-container is-layout-flow wp-block-group-is-layout-flow\">\n<div class=\"wp-block-media-text alignwide is-stacked-on-mobile\"><figure class=\"wp-block-media-text__media\"><img loading=\"lazy\" decoding=\"async\" width=\"425\" height=\"425\" src=\"https:\/\/clearchox.com\/en\/wp-content\/uploads\/sites\/8\/2020\/04\/Mar\u00eda-Cuastumal-Colombia-Tibito-72px.jpg\" alt=\"\" class=\"wp-image-87885 size-full\" srcset=\"https:\/\/clearchox.com\/fr\/wp-content\/uploads\/sites\/20\/2020\/04\/Mar\u00eda-Cuastumal-Colombia-Tibito-72px.jpg 425w, https:\/\/clearchox.com\/fr\/wp-content\/uploads\/sites\/20\/2020\/04\/Mar\u00eda-Cuastumal-Colombia-Tibito-72px-300x300.jpg 300w, https:\/\/clearchox.com\/fr\/wp-content\/uploads\/sites\/20\/2020\/04\/Mar\u00eda-Cuastumal-Colombia-Tibito-72px-150x150.jpg 150w, https:\/\/clearchox.com\/fr\/wp-content\/uploads\/sites\/20\/2020\/04\/Mar\u00eda-Cuastumal-Colombia-Tibito-72px-100x100.jpg 100w\" sizes=\"auto, (max-width: 425px) 100vw, 425px\" \/><\/figure><div class=\"wp-block-media-text__content\">\n<p class=\"has-large-font-size\">Art du chocolat<\/p>\n\n\n\n<p> Projet artistique de l&rsquo;artiste visuelle Laura Reiman<\/p>\n\n\n\n<div class=\"wp-block-button\"><a class=\"wp-block-button__link has-background wp-element-button\" href=\"https:\/\/clearchox.com\/fr\/art-du-chocolat\/\" style=\"background-color:#59433d\">Regardez lez peintures<\/a><\/div>\n<\/div><\/div>\n<\/div><\/div>\n","protected":false},"excerpt":{"rendered":"<p>Login ou register Pas encore de compte professionnel ? ClearChox est grossiste et importateur de tr\u00e8s bon chocolat, de pr\u00e9f\u00e9rence fabriqu\u00e9 dans le pays d&rsquo;origine. Actualit\u00e9s Cha\u00eene courte transparente Nous proposons du chocolat de haute gamme. Sous tous les angles, en termes de qualit\u00e9 et d\u2019origine. Le meilleur cacao de fermiers, qui sont pay\u00e9s de &#8230; <\/p>\n<p class=\"read-more-container\"><a title=\"Impressionnante vid\u00e9o de Definite\" class=\"read-more button\" href=\"https:\/\/clearchox.com\/fr\/impressionnante-video-definite\/#more-89697\" aria-label=\"En savoir plus sur Impressionnante vid\u00e9o de Definite\">Meer..<\/a><\/p>\n","protected":false},"author":1,"featured_media":86587,"parent":0,"menu_order":0,"comment_status":"closed","ping_status":"closed","template":"","meta":{"footnotes":""},"class_list":["post-84473","page","type-page","status-publish","has-post-thumbnail","hentry","infinite-scroll-item","resize-featured-image"],"_links":{"self":[{"href":"https:\/\/clearchox.com\/fr\/wp-json\/wp\/v2\/pages\/84473","targetHints":{"allow":["GET"]}}],"collection":[{"href":"https:\/\/clearchox.com\/fr\/wp-json\/wp\/v2\/pages"}],"about":[{"href":"https:\/\/clearchox.com\/fr\/wp-json\/wp\/v2\/types\/page"}],"author":[{"embeddable":true,"href":"https:\/\/clearchox.com\/fr\/wp-json\/wp\/v2\/users\/1"}],"replies":[{"embeddable":true,"href":"https:\/\/clearchox.com\/fr\/wp-json\/wp\/v2\/comments?post=84473"}],"version-history":[{"count":0,"href":"https:\/\/clearchox.com\/fr\/wp-json\/wp\/v2\/pages\/84473\/revisions"}],"wp:featuredmedia":[{"embeddable":true,"href":"https:\/\/clearchox.com\/fr\/wp-json\/wp\/v2\/media\/86587"}],"wp:attachment":[{"href":"https:\/\/clearchox.com\/fr\/wp-json\/wp\/v2\/media?parent=84473"}],"curies":[{"name":"wp","href":"https:\/\/api.w.org\/{rel}","templated":true}]}}