{"id":85198,"date":"2020-02-18T08:58:05","date_gmt":"2020-02-18T08:58:05","guid":{"rendered":"https:\/\/clearchox.com\/?page_id=85198"},"modified":"2023-08-31T14:18:36","modified_gmt":"2023-08-31T14:18:36","slug":"bon-chocolat","status":"publish","type":"page","link":"https:\/\/clearchox.com\/fr\/bon-chocolat\/","title":{"rendered":"Inscrivez-vous et optez pour du bon chocolat"},"content":{"rendered":"\n<div class=\"wp-block-columns is-layout-flex wp-container-core-columns-is-layout-9d6595d7 wp-block-columns-is-layout-flex\">\n<div class=\"wp-block-column is-layout-flow wp-block-column-is-layout-flow\">\n<h2 class=\"wp-block-heading\">Pourquoi ClearChox? <\/h2>\n\n\n\n<p>ClearChox est une entreprise unique fond\u00e9e en 2009 et sp\u00e9cialis\u00e9e dans les vrais chocolats. Nous connaissons les pays de provenance, tant de vari\u00e9t\u00e9s de cacao diff\u00e9rentes, la richesse des ar\u00f4mes, l&rsquo;exp\u00e9rience gustative. Le monde du chocolat est tellement plus riche que ce que montre le rayon des supermarch\u00e9s. <\/p>\n<\/div>\n\n\n\n<div class=\"wp-block-column is-layout-flow wp-block-column-is-layout-flow\">\n<ul class=\"wp-block-list\">\n<li>tr\u00e8s bon chocolat &#8211; bon pour l&rsquo;agriculteur et de bonne qualit\u00e9<\/li>\n\n\n\n<li>cha\u00eene commerciale transparente<\/li>\n\n\n\n<li>l&rsquo;agriculteur ou la coop\u00e9rative doit \u00eatre connu<\/li>\n\n\n\n<li>frais \u00e9quitables: bien au-del\u00e0 de Fairtrade<\/li>\n\n\n\n<li>fabriqu\u00e9 dans le pays d&rsquo;origine: 7 fois plus de revenus<\/li>\n\n\n\n<li>relation directe avec les chocolatiers<\/li>\n\n\n\n<li>nous vous offrons un service personnalis\u00e9<\/li>\n\n\n\n<li>logistique rapide<\/li>\n\n\n\n<li>disponible en stock <\/li>\n<\/ul>\n<\/div>\n<\/div>\n\n\n\n<div class=\"wp-block-group alignfull has-very-light-gray-background-color has-background\"><div class=\"wp-block-group__inner-container is-layout-flow wp-block-group-is-layout-flow\">\n<h2 class=\"wp-block-heading\">Devenez client en trois \u00e9tapes\u2026<\/h2>\n\n\n\n<div class=\"wp-block-columns is-layout-flex wp-container-core-columns-is-layout-9d6595d7 wp-block-columns-is-layout-flex\">\n<div class=\"wp-block-column is-layout-flow wp-block-column-is-layout-flow\">\n<p class=\"has-text-align-center has-very-light-gray-color has-text-color has-background has-huge-font-size\" style=\"background-color:#3b2416\">1<\/p>\n\n\n\n<h3 class=\"wp-block-heading\">Remplissez le formulaire<\/h3>\n\n\n\n<script>\nfunction validateForm() {\n  var c = document.forms[\"weclapp\"][\"company_name\"].value;\n  if (c == \"\") {\n    alert(\"Please, fill in your company name\");\n    return false;\n  }  \n  var e = document.forms[\"weclapp\"][\"email\"].value;\n  if (e == \"\") {\n    alert(\"Please, fill in your email address\");\n    return false;\n  }  \n  var n = document.forms[\"weclapp\"][\"lastName\"].value;\n  if (n == \"\") {\n    alert(\"Please, fill in your last name\");\n    return false;\n  }\n  var t = document.forms[\"weclapp\"][\"mobile\"].value;\n  if (t == \"\") {\n    alert(\"Please, fill in your telephone number\");\n    return false;\n  }\n} \n <\/script>\n<form name=\"weclapp\" class=\"weclapp\" method=\"post\" action=\"https:\/\/clearchox.weclapp.com\/webapp\/seam\/resource\/rest\/web2lead?charset=UTF-8\" onsubmit=\"return validateForm()\" accept-charset=\"UTF-8\">\n  <div class=\"forminator-field\">\n\n      <label for=\"idWC_company_name\" class=\"forminator-label\">Company name<span class=\"forminator-required\">*<\/span><\/label>\n      <br>\n<input class=\"forminator-input forminator-name--field\" type=\"text\" id=\"idWC_company_name\" name=\"company_name\" maxlength=\"1000\">\n  \n<\/div>\n  <div class=\"forminator-field\">\n    <label for=\"idWC_email\" class=\"forminator-label\">EMail<span class=\"forminator-required\">*<br>\n    <\/span><\/label>\n    <input class=\"forminator-input forminator-name--field\" type=\"text\" id=\"idWC_email\" name=\"email\" maxlength=\"1000\">\n  <\/div>\n  <div class=\"forminator-field\">\n    <label for=\"idWC_firstname\" class=\"forminator-label\">First name<br>\n    <\/label>\n    <input class=\"forminator-input forminator-name--field\" type=\"text\" id=\"idWC_firstname\" name=\"firstname\" maxlength=\"1000\">\n  <\/div>\n  <div class=\"forminator-field\">\n\n      <label for=\"idWC_lastName\" class=\"forminator-label\">Last name<span class=\"forminator-required\">*<\/span><\/label>\n      <br>\n<input class=\"forminator-input forminator-name--field\" type=\"text\" id=\"idWC_lastName\" name=\"lastName\" maxlength=\"1000\">  \n<\/div>\n  <div class=\"forminator-field\">\n    <label for=\"idWC_mobile\" class=\"forminator-label\">Telephone number<span class=\"forminator-required\">*<\/span><br>\n    <\/label>\n    <input class=\"forminator-input forminator-name--field\" type=\"text\" id=\"idWC_mobile\" name=\"mobile\" maxlength=\"1000\">\n  <\/div>\n    <div class=\"forminator-field\">\n    <label for=\"idWC_sales_tax_id\" class=\"forminator-label\">VAT number<br>\n    <\/label>\n    <input class=\"forminator-input forminator-name--field\" type=\"text\" id=\"idWC_sales_tax_id\" name=\"sales_tax_id\" maxlength=\"1000\">\n  <\/div>\n  <div class=\"forminator-field\">\n    <label for=\"idWC_description\" class=\"forminator-label\">Question or remark<br>\n    <\/label>\n    <textarea id=\"idWC_description\" name=\"description\" rows=\"5\"><\/textarea>\n  <\/div>\n  <input type=\"hidden\" name=\"honeypot\" value=\"\"><br>\n  <input type=\"hidden\" name=\"token\" value=\"3b68803d-e197-4674-b08b-c2b670d2a980\"><br>\n  <input type=\"submit\" value=\"Send\">\n<\/form>\n\n\n\n<p><\/p>\n<\/div>\n\n\n\n<div class=\"wp-block-column is-layout-flow wp-block-column-is-layout-flow\">\n<p class=\"has-text-align-center has-very-light-gray-color has-text-color has-background has-huge-font-size\" style=\"background-color:#3b2416\">2<\/p>\n\n\n\n<h3 class=\"wp-block-heading\">Contact personnel<\/h3>\n\n\n\n<p>Autant nous voulons conna\u00eetre nos fournisseurs, autant nous aimons avoir un contact personnel avec nos clients.<\/p>\n\n\n\n<p>Nous n&rsquo;acceptons que les entreprises comme clients grossistes, vous devez donc avoir un num\u00e9ro de TVA.<\/p>\n\n\n\n<p>Nous sommes connus pour notre bon service. Essayez-le vous-m\u00eame!<\/p>\n\n\n\n<p><\/p>\n<\/div>\n\n\n\n<div class=\"wp-block-column is-layout-flow wp-block-column-is-layout-flow\">\n<p class=\"has-text-align-center has-very-light-gray-color has-text-color has-background has-huge-font-size\" style=\"background-color:#3b2416\">3<\/p>\n\n\n\n<h3 class=\"wp-block-heading\">Premier ordre<\/h3>\n\n\n\n<p>Vous pouvez cr\u00e9er votre propre compte et passer votre premi\u00e8re commande tout de suite.<\/p>\n\n\n\n<p>C&rsquo;est tout!<\/p>\n<\/div>\n<\/div>\n<\/div><\/div>\n\n\n\n<p><\/p>\n","protected":false},"excerpt":{"rendered":"<p>Pourquoi ClearChox? ClearChox est une entreprise unique fond\u00e9e en 2009 et sp\u00e9cialis\u00e9e dans les vrais chocolats. Nous connaissons les pays de provenance, tant de vari\u00e9t\u00e9s de cacao diff\u00e9rentes, la richesse des ar\u00f4mes, l&rsquo;exp\u00e9rience gustative. Le monde du chocolat est tellement plus riche que ce que montre le rayon des supermarch\u00e9s. Devenez client en trois \u00e9tapes\u2026 &#8230; <\/p>\n<p class=\"read-more-container\"><a title=\"Inscrivez-vous et optez pour du bon chocolat\" class=\"read-more button\" href=\"https:\/\/clearchox.com\/fr\/bon-chocolat\/#more-85198\" aria-label=\"En savoir plus sur Inscrivez-vous et optez pour du bon chocolat\">Meer..<\/a><\/p>\n","protected":false},"author":1,"featured_media":0,"parent":0,"menu_order":0,"comment_status":"closed","ping_status":"closed","template":"","meta":{"footnotes":""},"class_list":{"0":"post-85198","1":"page","2":"type-page","3":"status-publish","5":"infinite-scroll-item"},"_links":{"self":[{"href":"https:\/\/clearchox.com\/fr\/wp-json\/wp\/v2\/pages\/85198","targetHints":{"allow":["GET"]}}],"collection":[{"href":"https:\/\/clearchox.com\/fr\/wp-json\/wp\/v2\/pages"}],"about":[{"href":"https:\/\/clearchox.com\/fr\/wp-json\/wp\/v2\/types\/page"}],"author":[{"embeddable":true,"href":"https:\/\/clearchox.com\/fr\/wp-json\/wp\/v2\/users\/1"}],"replies":[{"embeddable":true,"href":"https:\/\/clearchox.com\/fr\/wp-json\/wp\/v2\/comments?post=85198"}],"version-history":[{"count":0,"href":"https:\/\/clearchox.com\/fr\/wp-json\/wp\/v2\/pages\/85198\/revisions"}],"wp:attachment":[{"href":"https:\/\/clearchox.com\/fr\/wp-json\/wp\/v2\/media?parent=85198"}],"curies":[{"name":"wp","href":"https:\/\/api.w.org\/{rel}","templated":true}]}}