{"id":86529,"date":"2020-01-08T08:41:45","date_gmt":"2020-01-08T08:41:45","guid":{"rendered":"https:\/\/clearchox.com\/?page_id=86529"},"modified":"2026-02-27T15:08:50","modified_gmt":"2026-02-27T15:08:50","slug":"qui-sommes-nous","status":"publish","type":"page","link":"https:\/\/clearchox.com\/fr\/qui-sommes-nous\/","title":{"rendered":"A propos de nous"},"content":{"rendered":"\n<p>En 2009, ClearChox a commenc\u00e9 sous le nom de Chocoweb. Une v\u00e9ritable entreprise europ\u00e9enne. L&rsquo;une des premi\u00e8res entreprises \u00e0 se concentrer sur la vente de tr\u00e8s bon chocolat. Donc, tant en ce qui concerne l&rsquo;origine que l&rsquo;exp\u00e9rience gustative.<\/p>\n\n\n\n<p>Fond\u00e9e par Jan-Paul Fros, Norbert Mergen et Marijke Metz, elle a commenc\u00e9 comme une boutique en ligne pour les vrais amateurs de chocolat, qui, \u00e0 l&rsquo;\u00e9poque, vivaient dispers\u00e9s \u00e0 travers la campagne n\u00e9erlandaise. \u00c0 cette \u00e9poque, les magasins de briques et de mortier n&rsquo;\u00e9taient pas encore pr\u00eats \u00e0 vendre les chocolats les plus chers. Apr\u00e8s cinq ans de pionnier, ClearChox a commenc\u00e9 en 2014 \u00e0 fournir \u00e9galement des chocolats aux boutiques sp\u00e9cialis\u00e9es et aux restaurants gastronomiques. D&rsquo;abord au Benelux et un an plus tard \u00e9galement en Allemagne et en Autriche (et en Suisse al\u00e9manique). <\/p>\n\n\n\n<h2 class=\"wp-block-heading\">Bien au-del\u00e0 du commerce \u00e9quitable<\/h2>\n\n\n\n<p>ClearChox propose une large gamme de marques de chocolat. Aucun chocolat que ClearChox a dans sa gamme ne porte une marque de certification comme le commerce \u00e9quitable ou Rainforest Alliance. Un membre du conseil d&rsquo;administration d&rsquo;un magasin Oxfam local a qualifi\u00e9 ClearChox de \u00ab\u00a0bien au-del\u00e0 du commerce \u00e9quitable\u00a0\u00bb. C&rsquo;est un compliment dont nous aimons nous souvenir. Nous aspirons \u00e0 la transparence dans la cha\u00eene commerciale. De l&rsquo;agriculteur au d\u00e9taillant et au consommateur. Chacun per\u00e7oit un revenu \u00e9quitable. Nous pr\u00e9f\u00e9rons vendre du chocolat fabriqu\u00e9 dans le pays d&rsquo;origine. Mais c&rsquo;est malheureusement plus souvent un souhait qu&rsquo;une pratique. Notamment parce que faire du chocolat est un m\u00e9tier et qu&rsquo;il faut en ma\u00eetriser les subtilit\u00e9s.<\/p>\n\n\n\n<h2 class=\"wp-block-heading\">Ce qui nous caract\u00e9rise<\/h2>\n\n\n\n<ul class=\"wp-block-list\">\n<li>Guichet unique, excellente logistique <\/li>\n\n\n\n<li>Cha\u00eenes courtes Connaissance du chocolat (nous connaissons le chemin de la f\u00e8ve \u00e0 la barre) Transparence parfaite <\/li>\n\n\n\n<li>Un peu rebelle <\/li>\n\n\n\n<li>Des marques uniques <\/li>\n\n\n\n<li>Implication de l&rsquo;agriculteur au consommateur <\/li>\n\n\n\n<li>Des prix r\u00e9alistes <\/li>\n\n\n\n<li>Chocolatiers fins (parfois quelque chose est temporairement indisponible) <\/li>\n<\/ul>\n\n\n\n<p>D\u00e9gustez du chocolat bon et vraiment honn\u00eate!<\/p>\n\n\n\n<p>Votre \u00e9quipe ClearChox: Oliver Dilli, Daan Koemans, Marijke Metz, en Norbert Mergen<\/p>\n\n\n\n<p>ClearChox a un bureau \u00e0 Bonn (Allemagne) avec un si\u00e8ge social \u00e0 Arnhem (Pays-Bas) et notre entrep\u00f4t \u00e0 Heteren (Pays-Bas).<\/p>\n","protected":false},"excerpt":{"rendered":"<p>En 2009, ClearChox a commenc\u00e9 sous le nom de Chocoweb. Une v\u00e9ritable entreprise europ\u00e9enne. L&rsquo;une des premi\u00e8res entreprises \u00e0 se concentrer sur la vente de tr\u00e8s bon chocolat. Donc, tant en ce qui concerne l&rsquo;origine que l&rsquo;exp\u00e9rience gustative. Fond\u00e9e par Jan-Paul Fros, Norbert Mergen et Marijke Metz, elle a commenc\u00e9 comme une boutique en ligne &#8230; <\/p>\n<p class=\"read-more-container\"><a title=\"A propos de nous\" class=\"read-more button\" href=\"https:\/\/clearchox.com\/fr\/qui-sommes-nous\/#more-86529\" aria-label=\"En savoir plus sur A propos de nous\">Meer..<\/a><\/p>\n","protected":false},"author":1,"featured_media":0,"parent":0,"menu_order":0,"comment_status":"closed","ping_status":"closed","template":"","meta":{"footnotes":""},"class_list":{"0":"post-86529","1":"page","2":"type-page","3":"status-publish","5":"infinite-scroll-item"},"_links":{"self":[{"href":"https:\/\/clearchox.com\/fr\/wp-json\/wp\/v2\/pages\/86529","targetHints":{"allow":["GET"]}}],"collection":[{"href":"https:\/\/clearchox.com\/fr\/wp-json\/wp\/v2\/pages"}],"about":[{"href":"https:\/\/clearchox.com\/fr\/wp-json\/wp\/v2\/types\/page"}],"author":[{"embeddable":true,"href":"https:\/\/clearchox.com\/fr\/wp-json\/wp\/v2\/users\/1"}],"replies":[{"embeddable":true,"href":"https:\/\/clearchox.com\/fr\/wp-json\/wp\/v2\/comments?post=86529"}],"version-history":[{"count":0,"href":"https:\/\/clearchox.com\/fr\/wp-json\/wp\/v2\/pages\/86529\/revisions"}],"wp:attachment":[{"href":"https:\/\/clearchox.com\/fr\/wp-json\/wp\/v2\/media?parent=86529"}],"curies":[{"name":"wp","href":"https:\/\/api.w.org\/{rel}","templated":true}]}}