{"id":86537,"date":"2020-01-08T08:47:48","date_gmt":"2020-01-08T08:47:48","guid":{"rendered":"https:\/\/clearchox.com\/?page_id=86537"},"modified":"2024-09-30T09:44:43","modified_gmt":"2024-09-30T09:44:43","slug":"bio-certification","status":"publish","type":"page","link":"https:\/\/clearchox.com\/fr\/bio-certification\/","title":{"rendered":"BIO certification"},"content":{"rendered":"\n<p><em>Le commerce biologique est une cha\u00eene. Vous, notre client, n&rsquo;avez besoin que de notre certificat BIO.<\/em><\/p>\n\n\n\n<p>ClearChox (nom commercial de VOF Chocoweb) est distributeur de nombreuses marques au Benelux et DACH (Allemagne, Autriche et Suisse) et dans d&rsquo;autres pays de l&rsquo;UE.<\/p>\n\n\n\n<p><a href=\"https:\/\/clearchox.com\/wp-content\/uploads\/2024\/09\/NL-BIO-01.528-0004460.2024.002.pdf\" target=\"_blank\" rel=\"noreferrer noopener\">Notre certification (PDF)<\/a>. Il est en n\u00e9erlandais. Les ann\u00e9es pr\u00e9c\u00e9dentes, nous l&rsquo;avons obtenu dans plusieurs langues.<\/p>\n","protected":false},"excerpt":{"rendered":"<p>Le commerce biologique est une cha\u00eene. Vous, notre client, n&rsquo;avez besoin que de notre certificat BIO. ClearChox (nom commercial de VOF Chocoweb) est distributeur de nombreuses marques au Benelux et DACH (Allemagne, Autriche et Suisse) et dans d&rsquo;autres pays de l&rsquo;UE. Notre certification (PDF). Il est en n\u00e9erlandais. Les ann\u00e9es pr\u00e9c\u00e9dentes, nous l&rsquo;avons obtenu dans &#8230; <\/p>\n<p class=\"read-more-container\"><a title=\"BIO certification\" class=\"read-more button\" href=\"https:\/\/clearchox.com\/fr\/bio-certification\/#more-86537\" aria-label=\"En savoir plus sur BIO certification\">Meer..<\/a><\/p>\n","protected":false},"author":1,"featured_media":0,"parent":0,"menu_order":0,"comment_status":"closed","ping_status":"closed","template":"","meta":{"footnotes":""},"class_list":{"0":"post-86537","1":"page","2":"type-page","3":"status-publish","5":"infinite-scroll-item"},"_links":{"self":[{"href":"https:\/\/clearchox.com\/fr\/wp-json\/wp\/v2\/pages\/86537","targetHints":{"allow":["GET"]}}],"collection":[{"href":"https:\/\/clearchox.com\/fr\/wp-json\/wp\/v2\/pages"}],"about":[{"href":"https:\/\/clearchox.com\/fr\/wp-json\/wp\/v2\/types\/page"}],"author":[{"embeddable":true,"href":"https:\/\/clearchox.com\/fr\/wp-json\/wp\/v2\/users\/1"}],"replies":[{"embeddable":true,"href":"https:\/\/clearchox.com\/fr\/wp-json\/wp\/v2\/comments?post=86537"}],"version-history":[{"count":0,"href":"https:\/\/clearchox.com\/fr\/wp-json\/wp\/v2\/pages\/86537\/revisions"}],"wp:attachment":[{"href":"https:\/\/clearchox.com\/fr\/wp-json\/wp\/v2\/media?parent=86537"}],"curies":[{"name":"wp","href":"https:\/\/api.w.org\/{rel}","templated":true}]}}