{"id":90212,"date":"2022-11-11T16:30:08","date_gmt":"2022-11-11T16:30:08","guid":{"rendered":"https:\/\/clearchox.com\/en\/?page_id=90212"},"modified":"2025-01-30T11:46:10","modified_gmt":"2025-01-30T11:46:10","slug":"expected-delivery-dates","status":"publish","type":"page","link":"https:\/\/clearchox.com\/fr\/expected-delivery-dates\/","title":{"rendered":"Dates de livraison"},"content":{"rendered":"\n<p id=\"tw-target-text\">Notre sp\u00e9cialit\u00e9 est d&rsquo;importer de beaux chocolats de petits producteurs artisanaux du monde entier. De pr\u00e9f\u00e9rence dans les pays d&rsquo;origine du cacao.<\/p>\n\n\n\n<p>Cela signifie que nous devons faire face \u00e0 toutes sortes de d\u00e9fis qui peuvent entra\u00eener des retards ou affecter la disponibilit\u00e9 de nos chocolats, tels que :<\/p>\n\n\n\n<ul class=\"wp-block-list\">\n<li>La saisonnalit\u00e9. Le cacao de qualit\u00e9 sup\u00e9rieure, qui constitue la base de nos chocolats, n&rsquo;est pas un produit de masse. Il est r\u00e9colt\u00e9 \u00e0 une certaine p\u00e9riode de l&rsquo;ann\u00e9e et ne peut \u00eatre conserv\u00e9 ind\u00e9finiment. De plus, les conditions m\u00e9t\u00e9orologiques, les r\u00e9coltes et les conditions du march\u00e9 varient. Parfois, un certain type ou une certaine qualit\u00e9 de f\u00e8ves de cacao n&rsquo;est tout simplement pas disponible ou est trop cher pour nos chocolatiers. En outre, les r\u00e9coltes de cacao peuvent \u00eatre retard\u00e9es, ce qui peut entra\u00eener des retards dans la production de chocolat.<\/li>\n\n\n\n<li>Probl\u00e8mes de transport. Nous essayons d&rsquo;organiser nos transports le plus facilement possible et nous avons acquis beaucoup d&rsquo;exp\u00e9rience dans ce domaine. Mais nous n&rsquo;avons pas toujours le contr\u00f4le sur les choses. Une gr\u00e8ve dans un a\u00e9roport. Un incident international bloquant les navires dans le canal de Suez. Des contr\u00f4les douaniers particuli\u00e8rement stricts en raison de craintes li\u00e9es \u00e0 l&rsquo;acheminement de stup\u00e9fiants. Des semaines ou des mois de retard peuvent en r\u00e9sulter &#8211; et parfois des dommages \u00e0 notre chocolat ou des co\u00fbts suppl\u00e9mentaires pour l&rsquo;entreposage frigorifique \u00e0 l&rsquo;a\u00e9roport.<\/li>\n\n\n\n<li>Probl\u00e8mes chez le chocolatier. Tous nos fournisseurs font un travail fantastique, mais il n&rsquo;est jamais facile de faire des affaires et, dans certains pays, les conditions politiques ou \u00e9conomiques rendent les choses encore plus difficiles. Au fil des ans, pour n&rsquo;en citer que quelques-uns, nous avons d\u00fb faire face \u00e0 un approvisionnement en \u00e9lectricit\u00e9 limit\u00e9, \u00e0 des enl\u00e8vements d&rsquo;ouvriers agricoles, \u00e0 des routes bloqu\u00e9es apr\u00e8s des temp\u00eates tropicales et \u00e0 la maladie du seul agent de certification biologique disponible qui se rend sur place une fois par an. Il y a toujours quelque chose\u2026<\/li>\n<\/ul>\n\n\n\n<p>En bref, il faut beaucoup d&rsquo;efforts pour que ce chocolat magnifique, sp\u00e9cial et d\u00e9licieux vous parvienne dans les meilleures conditions, et cela ne se passe pas toujours comme nous l&rsquo;avions esp\u00e9r\u00e9 ou planifi\u00e9. C&rsquo;est pourquoi nous vous demandons \u00e0 l&rsquo;avance de faire preuve de compr\u00e9hension.<\/p>\n\n\n\n<p id=\"tw-target-text\">Nous essaierons de vous tenir au courant de la disponibilit\u00e9 des produits par le biais de notre bulletin d&rsquo;information. Toutefois, n&rsquo;h\u00e9sitez pas \u00e0 nous contacter si vous avez des questions sur la disponibilit\u00e9 des produits.<\/p>\n\n\n\n<div class=\"wp-block-columns is-layout-flex wp-container-core-columns-is-layout-9d6595d7 wp-block-columns-is-layout-flex\">\n<div class=\"wp-block-column is-layout-flow wp-block-column-is-layout-flow\" style=\"flex-basis:33.33%\"><\/div>\n\n\n\n<div class=\"wp-block-column is-layout-flow wp-block-column-is-layout-flow\" style=\"flex-basis:66.66%\">\n<p><\/p>\n<\/div>\n<\/div>\n","protected":false},"excerpt":{"rendered":"<p>Notre sp\u00e9cialit\u00e9 est d&rsquo;importer de beaux chocolats de petits producteurs artisanaux du monde entier. De pr\u00e9f\u00e9rence dans les pays d&rsquo;origine du cacao. Cela signifie que nous devons faire face \u00e0 toutes sortes de d\u00e9fis qui peuvent entra\u00eener des retards ou affecter la disponibilit\u00e9 de nos chocolats, tels que : En bref, il faut beaucoup d&rsquo;efforts &#8230; <\/p>\n<p class=\"read-more-container\"><a title=\"Dates de livraison\" class=\"read-more button\" href=\"https:\/\/clearchox.com\/fr\/expected-delivery-dates\/#more-90212\" aria-label=\"En savoir plus sur Dates de livraison\">Meer..<\/a><\/p>\n","protected":false},"author":392,"featured_media":0,"parent":0,"menu_order":0,"comment_status":"closed","ping_status":"closed","template":"","meta":{"footnotes":""},"class_list":{"0":"post-90212","1":"page","2":"type-page","3":"status-publish","5":"infinite-scroll-item"},"_links":{"self":[{"href":"https:\/\/clearchox.com\/fr\/wp-json\/wp\/v2\/pages\/90212","targetHints":{"allow":["GET"]}}],"collection":[{"href":"https:\/\/clearchox.com\/fr\/wp-json\/wp\/v2\/pages"}],"about":[{"href":"https:\/\/clearchox.com\/fr\/wp-json\/wp\/v2\/types\/page"}],"author":[{"embeddable":true,"href":"https:\/\/clearchox.com\/fr\/wp-json\/wp\/v2\/users\/392"}],"replies":[{"embeddable":true,"href":"https:\/\/clearchox.com\/fr\/wp-json\/wp\/v2\/comments?post=90212"}],"version-history":[{"count":0,"href":"https:\/\/clearchox.com\/fr\/wp-json\/wp\/v2\/pages\/90212\/revisions"}],"wp:attachment":[{"href":"https:\/\/clearchox.com\/fr\/wp-json\/wp\/v2\/media?parent=90212"}],"curies":[{"name":"wp","href":"https:\/\/api.w.org\/{rel}","templated":true}]}}