{"id":90685,"date":"2023-10-08T09:41:31","date_gmt":"2023-10-08T09:41:31","guid":{"rendered":"https:\/\/clearchox.com\/fr\/?page_id=90685"},"modified":"2023-10-08T09:41:32","modified_gmt":"2023-10-08T09:41:32","slug":"art-du-chocolat","status":"publish","type":"page","link":"https:\/\/clearchox.com\/fr\/art-du-chocolat\/","title":{"rendered":"Art du chocolat"},"content":{"rendered":"\n<div class=\"wp-block-columns is-layout-flex wp-container-core-columns-is-layout-9d6595d7 wp-block-columns-is-layout-flex\">\n<div class=\"wp-block-column is-layout-flow wp-block-column-is-layout-flow\">\n<p>Projet artistique de l\u2019artiste visuelle Laura Reiman<\/p>\n<\/div>\n\n\n\n<div class=\"wp-block-column is-layout-flow wp-block-column-is-layout-flow\">\n<p class=\"has-drop-cap\">Laura a peint des producteurs de cacao et des chocolatiers du monde entier avec du chocolat pur sur toile. Elle a voulu montrer les visages derri\u00e8re le chocolat que nous consommons avec cette collection de portraits peints en chocolat. Tout comme les \u00eatres humains, le chocolat avec lequel ils sont peints vieillit, se transforme, s\u2019ab\u00eeme parfois. Cela rend les portraits vuln\u00e9rables. Mais surtout, les portraits montrent des \u00eatres humains de toutes les parties du monde avec leurs propres r\u00eaves, luttes et aspirations ; tous reli\u00e9s par le chocolat. Sur cette page, quelques portraits de producteurs de cacao et de chocolatiers des marques que ClearChox repr\u00e9sente ou a repr\u00e9sent\u00e9es dans le pass\u00e9 sont pr\u00e9sent\u00e9s. Nous les connaissons ! Ils nous donnent leur nom, l\u2019endroit o\u00f9 ils habitent et dans certains cas m\u00eame combien d\u2019enfants ou de petits-enfants ils ont !<\/p>\n<\/div>\n<\/div>\n\n\n\n<figure class=\"wp-block-gallery has-nested-images columns-default is-cropped wp-block-gallery-1 is-layout-flex wp-block-gallery-is-layout-flex\">\n<figure class=\"wp-block-image size-large\"><img loading=\"lazy\" decoding=\"async\" width=\"1024\" height=\"1024\" data-id=\"89071\" src=\"https:\/\/clearchox.com\/en\/wp-content\/uploads\/sites\/8\/2020\/12\/Bernardini-1024x1024.jpg\" alt=\"\" class=\"wp-image-89071\" srcset=\"https:\/\/clearchox.com\/fr\/wp-content\/uploads\/sites\/20\/2020\/12\/Bernardini-1024x1024.jpg 1024w, https:\/\/clearchox.com\/fr\/wp-content\/uploads\/sites\/20\/2020\/12\/Bernardini-300x300.jpg 300w, https:\/\/clearchox.com\/fr\/wp-content\/uploads\/sites\/20\/2020\/12\/Bernardini-150x150.jpg 150w, https:\/\/clearchox.com\/fr\/wp-content\/uploads\/sites\/20\/2020\/12\/Bernardini-768x768.jpg 768w, https:\/\/clearchox.com\/fr\/wp-content\/uploads\/sites\/20\/2020\/12\/Bernardini-600x600.jpg 600w, https:\/\/clearchox.com\/fr\/wp-content\/uploads\/sites\/20\/2020\/12\/Bernardini-100x100.jpg 100w, https:\/\/clearchox.com\/fr\/wp-content\/uploads\/sites\/20\/2020\/12\/Bernardini.jpg 1200w\" sizes=\"auto, (max-width: 1024px) 100vw, 1024px\" \/><figcaption class=\"wp-element-caption\">Georg Bernardini \u2013 Chocolatier et cofondateur de Georgia Ramon, Allemand.<\/figcaption><\/figure>\n\n\n\n<figure class=\"wp-block-image size-large\"><img loading=\"lazy\" decoding=\"async\" width=\"1024\" height=\"1024\" data-id=\"89072\" src=\"https:\/\/clearchox.com\/en\/wp-content\/uploads\/sites\/8\/2020\/12\/FranciscoKuna-1024x1024.jpg\" alt=\"\" class=\"wp-image-89072\" srcset=\"https:\/\/clearchox.com\/fr\/wp-content\/uploads\/sites\/20\/2020\/12\/FranciscoKuna-1024x1024.jpg 1024w, https:\/\/clearchox.com\/fr\/wp-content\/uploads\/sites\/20\/2020\/12\/FranciscoKuna-300x300.jpg 300w, https:\/\/clearchox.com\/fr\/wp-content\/uploads\/sites\/20\/2020\/12\/FranciscoKuna-150x150.jpg 150w, https:\/\/clearchox.com\/fr\/wp-content\/uploads\/sites\/20\/2020\/12\/FranciscoKuna-768x768.jpg 768w, https:\/\/clearchox.com\/fr\/wp-content\/uploads\/sites\/20\/2020\/12\/FranciscoKuna-1536x1536.jpg 1536w, https:\/\/clearchox.com\/fr\/wp-content\/uploads\/sites\/20\/2020\/12\/FranciscoKuna-600x600.jpg 600w, https:\/\/clearchox.com\/fr\/wp-content\/uploads\/sites\/20\/2020\/12\/FranciscoKuna-100x100.jpg 100w, https:\/\/clearchox.com\/fr\/wp-content\/uploads\/sites\/20\/2020\/12\/FranciscoKuna.jpg 1795w\" sizes=\"auto, (max-width: 1024px) 100vw, 1024px\" \/><figcaption class=\"wp-element-caption\">Fransisco, cultivateur de cacao, Kun\u00e1, Ecuateur<\/figcaption><\/figure>\n\n\n\n<figure class=\"wp-block-image size-large\"><img loading=\"lazy\" decoding=\"async\" width=\"1024\" height=\"1024\" data-id=\"89073\" src=\"https:\/\/clearchox.com\/en\/wp-content\/uploads\/sites\/8\/2020\/12\/GisellaChchukululu-1024x1024.jpg\" alt=\"\" class=\"wp-image-89073\" srcset=\"https:\/\/clearchox.com\/fr\/wp-content\/uploads\/sites\/20\/2020\/12\/GisellaChchukululu-1024x1024.jpg 1024w, https:\/\/clearchox.com\/fr\/wp-content\/uploads\/sites\/20\/2020\/12\/GisellaChchukululu-300x300.jpg 300w, https:\/\/clearchox.com\/fr\/wp-content\/uploads\/sites\/20\/2020\/12\/GisellaChchukululu-150x150.jpg 150w, https:\/\/clearchox.com\/fr\/wp-content\/uploads\/sites\/20\/2020\/12\/GisellaChchukululu-768x768.jpg 768w, https:\/\/clearchox.com\/fr\/wp-content\/uploads\/sites\/20\/2020\/12\/GisellaChchukululu-1536x1536.jpg 1536w, https:\/\/clearchox.com\/fr\/wp-content\/uploads\/sites\/20\/2020\/12\/GisellaChchukululu-600x600.jpg 600w, https:\/\/clearchox.com\/fr\/wp-content\/uploads\/sites\/20\/2020\/12\/GisellaChchukululu-100x100.jpg 100w, https:\/\/clearchox.com\/fr\/wp-content\/uploads\/sites\/20\/2020\/12\/GisellaChchukululu.jpg 1772w\" sizes=\"auto, (max-width: 1024px) 100vw, 1024px\" \/><figcaption class=\"wp-element-caption\">Gisella Caseido, propri\u00e9taire, cultivateur de cacao, Rancho Grande, Ecuateur<\/figcaption><\/figure>\n\n\n\n<figure class=\"wp-block-image size-large\"><img loading=\"lazy\" decoding=\"async\" width=\"1024\" height=\"1024\" data-id=\"89074\" src=\"https:\/\/clearchox.com\/en\/wp-content\/uploads\/sites\/8\/2020\/12\/Jiri-Jordis-1024x1024.jpg\" alt=\"\" class=\"wp-image-89074\" srcset=\"https:\/\/clearchox.com\/fr\/wp-content\/uploads\/sites\/20\/2020\/12\/Jiri-Jordis-1024x1024.jpg 1024w, https:\/\/clearchox.com\/fr\/wp-content\/uploads\/sites\/20\/2020\/12\/Jiri-Jordis-300x300.jpg 300w, https:\/\/clearchox.com\/fr\/wp-content\/uploads\/sites\/20\/2020\/12\/Jiri-Jordis-150x150.jpg 150w, https:\/\/clearchox.com\/fr\/wp-content\/uploads\/sites\/20\/2020\/12\/Jiri-Jordis-768x768.jpg 768w, https:\/\/clearchox.com\/fr\/wp-content\/uploads\/sites\/20\/2020\/12\/Jiri-Jordis-600x600.jpg 600w, https:\/\/clearchox.com\/fr\/wp-content\/uploads\/sites\/20\/2020\/12\/Jiri-Jordis-100x100.jpg 100w, https:\/\/clearchox.com\/fr\/wp-content\/uploads\/sites\/20\/2020\/12\/Jiri-Jordis.jpg 1200w\" sizes=\"auto, (max-width: 1024px) 100vw, 1024px\" \/><figcaption class=\"wp-element-caption\">Jiri Stesjkal \u2013 Jordi\u2019s, Republique Tcheque, Chocolatier, co-proprietaire Jordi\u2019s.<\/figcaption><\/figure>\n\n\n\n<figure class=\"wp-block-image size-large\"><img loading=\"lazy\" decoding=\"async\" width=\"1024\" height=\"1024\" data-id=\"89075\" src=\"https:\/\/clearchox.com\/en\/wp-content\/uploads\/sites\/8\/2020\/12\/JoseNicolasVelezMantilla-1-1024x1024.jpg\" alt=\"\" class=\"wp-image-89075\" srcset=\"https:\/\/clearchox.com\/fr\/wp-content\/uploads\/sites\/20\/2020\/12\/JoseNicolasVelezMantilla-1-1024x1024.jpg 1024w, https:\/\/clearchox.com\/fr\/wp-content\/uploads\/sites\/20\/2020\/12\/JoseNicolasVelezMantilla-1-300x300.jpg 300w, https:\/\/clearchox.com\/fr\/wp-content\/uploads\/sites\/20\/2020\/12\/JoseNicolasVelezMantilla-1-150x150.jpg 150w, https:\/\/clearchox.com\/fr\/wp-content\/uploads\/sites\/20\/2020\/12\/JoseNicolasVelezMantilla-1-768x768.jpg 768w, https:\/\/clearchox.com\/fr\/wp-content\/uploads\/sites\/20\/2020\/12\/JoseNicolasVelezMantilla-1-600x600.jpg 600w, https:\/\/clearchox.com\/fr\/wp-content\/uploads\/sites\/20\/2020\/12\/JoseNicolasVelezMantilla-1-100x100.jpg 100w, https:\/\/clearchox.com\/fr\/wp-content\/uploads\/sites\/20\/2020\/12\/JoseNicolasVelezMantilla-1.jpg 1200w\" sizes=\"auto, (max-width: 1024px) 100vw, 1024px\" \/><figcaption class=\"wp-element-caption\">Jose Nicolas Velez Mantilla \u2013 Hoja Verde, Ecuateur, cofondateur <a href=\"https:\/\/clearchox.com\/en\/brand\/hoja-verde-de\/\">Hoja Verde<\/a>.<\/figcaption><\/figure>\n\n\n\n<figure class=\"wp-block-image size-large\"><img loading=\"lazy\" decoding=\"async\" width=\"1024\" height=\"1024\" data-id=\"89076\" src=\"https:\/\/clearchox.com\/en\/wp-content\/uploads\/sites\/8\/2020\/12\/LuisLeon-1024x1024.jpg\" alt=\"\" class=\"wp-image-89076\" srcset=\"https:\/\/clearchox.com\/fr\/wp-content\/uploads\/sites\/20\/2020\/12\/LuisLeon-1024x1024.jpg 1024w, https:\/\/clearchox.com\/fr\/wp-content\/uploads\/sites\/20\/2020\/12\/LuisLeon-300x300.jpg 300w, https:\/\/clearchox.com\/fr\/wp-content\/uploads\/sites\/20\/2020\/12\/LuisLeon-150x150.jpg 150w, https:\/\/clearchox.com\/fr\/wp-content\/uploads\/sites\/20\/2020\/12\/LuisLeon-768x768.jpg 768w, https:\/\/clearchox.com\/fr\/wp-content\/uploads\/sites\/20\/2020\/12\/LuisLeon-600x600.jpg 600w, https:\/\/clearchox.com\/fr\/wp-content\/uploads\/sites\/20\/2020\/12\/LuisLeon-100x100.jpg 100w, https:\/\/clearchox.com\/fr\/wp-content\/uploads\/sites\/20\/2020\/12\/LuisLeon.jpg 1200w\" sizes=\"auto, (max-width: 1024px) 100vw, 1024px\" \/><figcaption class=\"wp-element-caption\">Luis Leon \u2013 <a href=\"https:\/\/clearchox.com\/en\/brand\/kuna-de\/\">Kun\u00e1<\/a>, Ecuateur, Chocolatier, cultivateur de cacao, fondateur Kun\u00e1.<\/figcaption><\/figure>\n\n\n\n<figure class=\"wp-block-image size-large\"><img loading=\"lazy\" decoding=\"async\" width=\"425\" height=\"425\" data-id=\"89077\" src=\"https:\/\/clearchox.com\/en\/wp-content\/uploads\/sites\/8\/2020\/12\/Maria-Cuastumal-Colombia-Tibito-72px.jpg\" alt=\"\" class=\"wp-image-89077\" srcset=\"https:\/\/clearchox.com\/fr\/wp-content\/uploads\/sites\/20\/2020\/12\/Maria-Cuastumal-Colombia-Tibito-72px.jpg 425w, https:\/\/clearchox.com\/fr\/wp-content\/uploads\/sites\/20\/2020\/12\/Maria-Cuastumal-Colombia-Tibito-72px-300x300.jpg 300w, https:\/\/clearchox.com\/fr\/wp-content\/uploads\/sites\/20\/2020\/12\/Maria-Cuastumal-Colombia-Tibito-72px-150x150.jpg 150w, https:\/\/clearchox.com\/fr\/wp-content\/uploads\/sites\/20\/2020\/12\/Maria-Cuastumal-Colombia-Tibito-72px-100x100.jpg 100w\" sizes=\"auto, (max-width: 425px) 100vw, 425px\" \/><figcaption class=\"wp-element-caption\">Mar\u00eda Cuastumal, fondateur et directrice de COPROCAGUAMUEZ, Putumayo, Colombia. Producteur par Tibito.<\/figcaption><\/figure>\n\n\n\n<figure class=\"wp-block-image size-large\"><img loading=\"lazy\" decoding=\"async\" width=\"1024\" height=\"1024\" data-id=\"89078\" src=\"https:\/\/clearchox.com\/en\/wp-content\/uploads\/sites\/8\/2020\/12\/OlmedoCastroHojaVerde-1024x1024.jpg\" alt=\"\" class=\"wp-image-89078\" srcset=\"https:\/\/clearchox.com\/fr\/wp-content\/uploads\/sites\/20\/2020\/12\/OlmedoCastroHojaVerde-1024x1024.jpg 1024w, https:\/\/clearchox.com\/fr\/wp-content\/uploads\/sites\/20\/2020\/12\/OlmedoCastroHojaVerde-300x300.jpg 300w, https:\/\/clearchox.com\/fr\/wp-content\/uploads\/sites\/20\/2020\/12\/OlmedoCastroHojaVerde-150x150.jpg 150w, https:\/\/clearchox.com\/fr\/wp-content\/uploads\/sites\/20\/2020\/12\/OlmedoCastroHojaVerde-768x768.jpg 768w, https:\/\/clearchox.com\/fr\/wp-content\/uploads\/sites\/20\/2020\/12\/OlmedoCastroHojaVerde-600x600.jpg 600w, https:\/\/clearchox.com\/fr\/wp-content\/uploads\/sites\/20\/2020\/12\/OlmedoCastroHojaVerde-100x100.jpg 100w, https:\/\/clearchox.com\/fr\/wp-content\/uploads\/sites\/20\/2020\/12\/OlmedoCastroHojaVerde.jpg 1200w\" sizes=\"auto, (max-width: 1024px) 100vw, 1024px\" \/><figcaption class=\"wp-element-caption\">Olmedo Castro \u2013 <a href=\"https:\/\/clearchox.com\/de\/brand\/hoja-verde-de\/\">Hoja Verde<\/a>, Ecuateur, cultivateur de cacao.<\/figcaption><\/figure>\n\n\n\n<figure class=\"wp-block-image size-large\"><img loading=\"lazy\" decoding=\"async\" width=\"1024\" height=\"1024\" data-id=\"89080\" src=\"https:\/\/clearchox.com\/en\/wp-content\/uploads\/sites\/8\/2020\/12\/Ramona-Gustmann-1024x1024.jpg\" alt=\"\" class=\"wp-image-89080\" srcset=\"https:\/\/clearchox.com\/fr\/wp-content\/uploads\/sites\/20\/2020\/12\/Ramona-Gustmann-1024x1024.jpg 1024w, https:\/\/clearchox.com\/fr\/wp-content\/uploads\/sites\/20\/2020\/12\/Ramona-Gustmann-300x300.jpg 300w, https:\/\/clearchox.com\/fr\/wp-content\/uploads\/sites\/20\/2020\/12\/Ramona-Gustmann-150x150.jpg 150w, https:\/\/clearchox.com\/fr\/wp-content\/uploads\/sites\/20\/2020\/12\/Ramona-Gustmann-768x768.jpg 768w, https:\/\/clearchox.com\/fr\/wp-content\/uploads\/sites\/20\/2020\/12\/Ramona-Gustmann-600x600.jpg 600w, https:\/\/clearchox.com\/fr\/wp-content\/uploads\/sites\/20\/2020\/12\/Ramona-Gustmann-100x100.jpg 100w, https:\/\/clearchox.com\/fr\/wp-content\/uploads\/sites\/20\/2020\/12\/Ramona-Gustmann.jpg 1200w\" sizes=\"auto, (max-width: 1024px) 100vw, 1024px\" \/><figcaption class=\"wp-element-caption\">Ramona Gustman \u2013 <a href=\"https:\/\/clearchox.com\/de\/brand\/georgia-ramon-de\/\">Georgia Ramon<\/a>, Allemand, cofondateur Georgia Ramon.<\/figcaption><\/figure>\n\n\n\n<figure class=\"wp-block-image size-large\"><img loading=\"lazy\" decoding=\"async\" width=\"768\" height=\"768\" data-id=\"89082\" src=\"https:\/\/clearchox.com\/en\/wp-content\/uploads\/sites\/8\/2020\/12\/SokletIndia-Medium.jpg\" alt=\"\" class=\"wp-image-89082\" srcset=\"https:\/\/clearchox.com\/fr\/wp-content\/uploads\/sites\/20\/2020\/12\/SokletIndia-Medium.jpg 768w, https:\/\/clearchox.com\/fr\/wp-content\/uploads\/sites\/20\/2020\/12\/SokletIndia-Medium-300x300.jpg 300w, https:\/\/clearchox.com\/fr\/wp-content\/uploads\/sites\/20\/2020\/12\/SokletIndia-Medium-150x150.jpg 150w, https:\/\/clearchox.com\/fr\/wp-content\/uploads\/sites\/20\/2020\/12\/SokletIndia-Medium-600x600.jpg 600w, https:\/\/clearchox.com\/fr\/wp-content\/uploads\/sites\/20\/2020\/12\/SokletIndia-Medium-100x100.jpg 100w\" sizes=\"auto, (max-width: 768px) 100vw, 768px\" \/><figcaption class=\"wp-element-caption\">Maheswari, cultivateur de cacao, <a href=\"http:\/\/ https:\/\/clearchox.com\/brand\/soklet\/\">Soklet<\/a>, Inde<\/figcaption><\/figure>\n<\/figure>\n","protected":false},"excerpt":{"rendered":"<p>Projet artistique de l\u2019artiste visuelle Laura Reiman Laura a peint des producteurs de cacao et des chocolatiers du monde entier avec du chocolat pur sur toile. Elle a voulu montrer les visages derri\u00e8re le chocolat que nous consommons avec cette collection de portraits peints en chocolat. Tout comme les \u00eatres humains, le chocolat avec lequel &#8230; <\/p>\n<p class=\"read-more-container\"><a title=\"Art du chocolat\" class=\"read-more button\" href=\"https:\/\/clearchox.com\/fr\/art-du-chocolat\/#more-90685\" aria-label=\"En savoir plus sur Art du chocolat\">Meer..<\/a><\/p>\n","protected":false},"author":1,"featured_media":0,"parent":0,"menu_order":0,"comment_status":"closed","ping_status":"closed","template":"","meta":{"footnotes":""},"class_list":{"0":"post-90685","1":"page","2":"type-page","3":"status-publish","5":"infinite-scroll-item"},"_links":{"self":[{"href":"https:\/\/clearchox.com\/fr\/wp-json\/wp\/v2\/pages\/90685","targetHints":{"allow":["GET"]}}],"collection":[{"href":"https:\/\/clearchox.com\/fr\/wp-json\/wp\/v2\/pages"}],"about":[{"href":"https:\/\/clearchox.com\/fr\/wp-json\/wp\/v2\/types\/page"}],"author":[{"embeddable":true,"href":"https:\/\/clearchox.com\/fr\/wp-json\/wp\/v2\/users\/1"}],"replies":[{"embeddable":true,"href":"https:\/\/clearchox.com\/fr\/wp-json\/wp\/v2\/comments?post=90685"}],"version-history":[{"count":0,"href":"https:\/\/clearchox.com\/fr\/wp-json\/wp\/v2\/pages\/90685\/revisions"}],"wp:attachment":[{"href":"https:\/\/clearchox.com\/fr\/wp-json\/wp\/v2\/media?parent=90685"}],"curies":[{"name":"wp","href":"https:\/\/api.w.org\/{rel}","templated":true}]}}