{"id":157,"date":"2015-09-19T00:00:00","date_gmt":"2015-09-19T00:00:00","guid":{"rendered":"https:\/\/clearchox.com\/product\/morin-papoea-nieuw-guinea-70-sido\/"},"modified":"2026-03-30T14:58:38","modified_gmt":"2026-03-30T14:58:38","slug":"morin-papua-new-guinea-70-sido","status":"publish","type":"product","link":"https:\/\/clearchox.com\/fr\/shop\/morin-papua-new-guinea-70-sido\/","title":{"rendered":"Morin Papouasie-Nouvelle-Guin\u00e9e Sido 70%"},"content":{"rendered":"","protected":false},"excerpt":{"rendered":"<p>Cette tablette de chocolat noir, pour laquelle les f\u00e8ves de cacao sont cultiv\u00e9es en Papouasie-Nouvelle-Guin\u00e9e, offre de forts ar\u00f4mes fum\u00e9s, avec une touche de verdure et de loukoums.<\/p>\n","protected":false},"featured_media":83729,"comment_status":"open","ping_status":"closed","template":"","meta":[],"product_brand":[79],"product_cat":[734,15,736],"product_tag":[24],"class_list":{"0":"post-157","1":"product","2":"type-product","3":"status-publish","4":"has-post-thumbnail","6":"product_brand-chocolaterie-a-morin","7":"product_cat-bean-to-bar","8":"product_cat-chocolat","9":"product_cat-vegane","10":"product_tag-visible","11":"product_shipping_class-16","12":"infinite-scroll-item","13":"resize-featured-image","14":"sales-flash-overlay","15":"woocommerce-text-align-center","16":"woocommerce-image-align-center","17":"wc-has-gallery","19":"first","20":"instock","21":"taxable","22":"shipping-taxable","23":"purchasable","24":"product-type-simple"},"_links":{"self":[{"href":"https:\/\/clearchox.com\/fr\/wp-json\/wp\/v2\/product\/157","targetHints":{"allow":["GET"]}}],"collection":[{"href":"https:\/\/clearchox.com\/fr\/wp-json\/wp\/v2\/product"}],"about":[{"href":"https:\/\/clearchox.com\/fr\/wp-json\/wp\/v2\/types\/product"}],"replies":[{"embeddable":true,"href":"https:\/\/clearchox.com\/fr\/wp-json\/wp\/v2\/comments?post=157"}],"wp:featuredmedia":[{"embeddable":true,"href":"https:\/\/clearchox.com\/fr\/wp-json\/wp\/v2\/media\/83729"}],"wp:attachment":[{"href":"https:\/\/clearchox.com\/fr\/wp-json\/wp\/v2\/media?parent=157"}],"wp:term":[{"taxonomy":"product_brand","embeddable":true,"href":"https:\/\/clearchox.com\/fr\/wp-json\/wp\/v2\/product_brand?post=157"},{"taxonomy":"product_cat","embeddable":true,"href":"https:\/\/clearchox.com\/fr\/wp-json\/wp\/v2\/product_cat?post=157"},{"taxonomy":"product_tag","embeddable":true,"href":"https:\/\/clearchox.com\/fr\/wp-json\/wp\/v2\/product_tag?post=157"}],"curies":[{"name":"wp","href":"https:\/\/api.w.org\/{rel}","templated":true}]}}