{"id":158,"date":"2015-09-19T00:00:00","date_gmt":"2015-09-19T00:00:00","guid":{"rendered":"https:\/\/clearchox.com\/product\/morin-peru-chanchamayo-63\/"},"modified":"2026-03-30T14:58:39","modified_gmt":"2026-03-30T14:58:39","slug":"morin-peru-chanchamayo-63","status":"publish","type":"product","link":"https:\/\/clearchox.com\/fr\/shop\/morin-peru-chanchamayo-63\/","title":{"rendered":"Morin P\u00e9rou Chanchamayo 63% BIO"},"content":{"rendered":"","protected":false},"excerpt":{"rendered":"<p>Cette tablette de chocolat noir est fabriqu\u00e9e \u00e0 partir de f\u00e8ves de cacao p\u00e9ruviennes de la r\u00e9gion de Chanchamayo. Elle est quelque peu plus douce en go\u00fbt par rapport \u00e0 sa cousine \u00e0 100 %, mais avec de bonnes notes d&rsquo;agrumes prononc\u00e9es et des saveurs de miel arrondies en fin de bouche.<\/p>\n","protected":false},"featured_media":83734,"comment_status":"open","ping_status":"closed","template":"","meta":[],"product_brand":[79],"product_cat":[733,734,15,736],"product_tag":[24],"class_list":{"0":"post-158","1":"product","2":"type-product","3":"status-publish","4":"has-post-thumbnail","6":"product_brand-chocolaterie-a-morin","7":"product_cat-awards","8":"product_cat-bean-to-bar","9":"product_cat-chocolat","10":"product_cat-vegane","11":"product_tag-visible","12":"product_shipping_class-16","13":"infinite-scroll-item","14":"resize-featured-image","15":"sales-flash-overlay","16":"woocommerce-text-align-center","17":"woocommerce-image-align-center","18":"wc-has-gallery","20":"first","21":"instock","22":"taxable","23":"shipping-taxable","24":"purchasable","25":"product-type-simple"},"_links":{"self":[{"href":"https:\/\/clearchox.com\/fr\/wp-json\/wp\/v2\/product\/158","targetHints":{"allow":["GET"]}}],"collection":[{"href":"https:\/\/clearchox.com\/fr\/wp-json\/wp\/v2\/product"}],"about":[{"href":"https:\/\/clearchox.com\/fr\/wp-json\/wp\/v2\/types\/product"}],"replies":[{"embeddable":true,"href":"https:\/\/clearchox.com\/fr\/wp-json\/wp\/v2\/comments?post=158"}],"wp:featuredmedia":[{"embeddable":true,"href":"https:\/\/clearchox.com\/fr\/wp-json\/wp\/v2\/media\/83734"}],"wp:attachment":[{"href":"https:\/\/clearchox.com\/fr\/wp-json\/wp\/v2\/media?parent=158"}],"wp:term":[{"taxonomy":"product_brand","embeddable":true,"href":"https:\/\/clearchox.com\/fr\/wp-json\/wp\/v2\/product_brand?post=158"},{"taxonomy":"product_cat","embeddable":true,"href":"https:\/\/clearchox.com\/fr\/wp-json\/wp\/v2\/product_cat?post=158"},{"taxonomy":"product_tag","embeddable":true,"href":"https:\/\/clearchox.com\/fr\/wp-json\/wp\/v2\/product_tag?post=158"}],"curies":[{"name":"wp","href":"https:\/\/api.w.org\/{rel}","templated":true}]}}