{"id":162,"date":"2015-10-12T00:00:00","date_gmt":"2015-10-12T00:00:00","guid":{"rendered":"https:\/\/clearchox.com\/product\/kuna-cacaopoeder-25-kg-gealkaliseerd-bio\/"},"modified":"2025-07-07T08:26:42","modified_gmt":"2025-07-07T08:26:42","slug":"kuna-cocoa-powder-25-kg-alkalized-bio","status":"publish","type":"product","link":"https:\/\/clearchox.com\/fr\/shop\/kuna-cocoa-powder-25-kg-alkalized-bio\/","title":{"rendered":"Kun\u00e1 Poudre de Cacao 2,5 kg &#8211; Alcalinis\u00e9e BIO"},"content":{"rendered":"","protected":false},"excerpt":{"rendered":"<p>Poudre de cacao provenant du cacao des petits producteurs de l&rsquo;Amazonie \u00e9quatorienne. Cette poudre est alcalinis\u00e9e, c&rsquo;est-\u00e0-dire que les acides naturels du cacao ont \u00e9t\u00e9 neutralis\u00e9s. La poudre est donc l\u00e9g\u00e8rement plus brune que la poudre de cacao naturelle.<\/p>\n","protected":false},"featured_media":83742,"comment_status":"open","ping_status":"closed","template":"","meta":[],"product_brand":[56],"product_cat":[734,735,15,737,736],"product_tag":[24],"class_list":{"0":"post-162","1":"product","2":"type-product","3":"status-publish","4":"has-post-thumbnail","6":"product_brand-kuna","7":"product_cat-bean-to-bar","8":"product_cat-bio","9":"product_cat-chocolat","10":"product_cat-sans-allergenes","11":"product_cat-vegane","12":"product_tag-visible","13":"product_shipping_class-16","14":"infinite-scroll-item","15":"resize-featured-image","16":"sales-flash-overlay","17":"woocommerce-text-align-center","18":"woocommerce-image-align-center","19":"wc-has-gallery","21":"first","22":"outofstock","23":"taxable","24":"shipping-taxable","25":"purchasable","26":"product-type-simple"},"_links":{"self":[{"href":"https:\/\/clearchox.com\/fr\/wp-json\/wp\/v2\/product\/162","targetHints":{"allow":["GET"]}}],"collection":[{"href":"https:\/\/clearchox.com\/fr\/wp-json\/wp\/v2\/product"}],"about":[{"href":"https:\/\/clearchox.com\/fr\/wp-json\/wp\/v2\/types\/product"}],"replies":[{"embeddable":true,"href":"https:\/\/clearchox.com\/fr\/wp-json\/wp\/v2\/comments?post=162"}],"wp:featuredmedia":[{"embeddable":true,"href":"https:\/\/clearchox.com\/fr\/wp-json\/wp\/v2\/media\/83742"}],"wp:attachment":[{"href":"https:\/\/clearchox.com\/fr\/wp-json\/wp\/v2\/media?parent=162"}],"wp:term":[{"taxonomy":"product_brand","embeddable":true,"href":"https:\/\/clearchox.com\/fr\/wp-json\/wp\/v2\/product_brand?post=162"},{"taxonomy":"product_cat","embeddable":true,"href":"https:\/\/clearchox.com\/fr\/wp-json\/wp\/v2\/product_cat?post=162"},{"taxonomy":"product_tag","embeddable":true,"href":"https:\/\/clearchox.com\/fr\/wp-json\/wp\/v2\/product_tag?post=162"}],"curies":[{"name":"wp","href":"https:\/\/api.w.org\/{rel}","templated":true}]}}