{"id":171,"date":"2016-04-11T00:00:00","date_gmt":"2016-04-11T00:00:00","guid":{"rendered":"https:\/\/clearchox.com\/product\/georgia-ramon-belize-100-bio\/"},"modified":"2026-03-30T07:17:46","modified_gmt":"2026-03-30T07:17:46","slug":"georgia-ramon-belize-100-bio","status":"publish","type":"product","link":"https:\/\/clearchox.com\/fr\/shop\/georgia-ramon-belize-100-bio\/","title":{"rendered":"Georgia Ramon Belize 100% BIO"},"content":{"rendered":"","protected":false},"excerpt":{"rendered":"<p>Une barre \u00e0 100% de f\u00e8ves de cacao Trinitario du Belize. Elle a un go\u00fbt acidul\u00e9 et tr\u00e8s aromatique avec des notes de c\u00e9r\u00e9ales et de raisins.<\/p>\n","protected":false},"featured_media":88920,"comment_status":"open","ping_status":"closed","template":"","meta":[],"product_brand":[77],"product_cat":[733,734,735,15,736],"product_tag":[24],"class_list":{"0":"post-171","1":"product","2":"type-product","3":"status-publish","4":"has-post-thumbnail","6":"product_brand-georgia-ramon","7":"product_cat-awards","8":"product_cat-bean-to-bar","9":"product_cat-bio","10":"product_cat-chocolat","11":"product_cat-vegane","12":"product_tag-visible","13":"product_shipping_class-16","14":"infinite-scroll-item","15":"resize-featured-image","16":"sales-flash-overlay","17":"woocommerce-text-align-center","18":"woocommerce-image-align-center","20":"first","21":"instock","22":"taxable","23":"shipping-taxable","24":"purchasable","25":"product-type-simple"},"_links":{"self":[{"href":"https:\/\/clearchox.com\/fr\/wp-json\/wp\/v2\/product\/171","targetHints":{"allow":["GET"]}}],"collection":[{"href":"https:\/\/clearchox.com\/fr\/wp-json\/wp\/v2\/product"}],"about":[{"href":"https:\/\/clearchox.com\/fr\/wp-json\/wp\/v2\/types\/product"}],"replies":[{"embeddable":true,"href":"https:\/\/clearchox.com\/fr\/wp-json\/wp\/v2\/comments?post=171"}],"wp:featuredmedia":[{"embeddable":true,"href":"https:\/\/clearchox.com\/fr\/wp-json\/wp\/v2\/media\/88920"}],"wp:attachment":[{"href":"https:\/\/clearchox.com\/fr\/wp-json\/wp\/v2\/media?parent=171"}],"wp:term":[{"taxonomy":"product_brand","embeddable":true,"href":"https:\/\/clearchox.com\/fr\/wp-json\/wp\/v2\/product_brand?post=171"},{"taxonomy":"product_cat","embeddable":true,"href":"https:\/\/clearchox.com\/fr\/wp-json\/wp\/v2\/product_cat?post=171"},{"taxonomy":"product_tag","embeddable":true,"href":"https:\/\/clearchox.com\/fr\/wp-json\/wp\/v2\/product_tag?post=171"}],"curies":[{"name":"wp","href":"https:\/\/api.w.org\/{rel}","templated":true}]}}