{"id":176,"date":"2016-04-12T00:00:00","date_gmt":"2016-04-12T00:00:00","guid":{"rendered":"https:\/\/clearchox.com\/product\/georgia-ramon-melkchocolade-koffie-en-cacao-nibs-55-bio\/"},"modified":"2026-04-07T18:23:09","modified_gmt":"2026-04-07T18:23:09","slug":"georgia-ramon-milk-chocolate-coffee-and-cocoa-nibs-55-bio","status":"publish","type":"product","link":"https:\/\/clearchox.com\/fr\/shop\/georgia-ramon-milk-chocolate-coffee-and-cocoa-nibs-55-bio\/","title":{"rendered":"Georgia Ramon Chocolat au Lait Caf\u00e9 et \u00c9clats de Cacao 55% BIO"},"content":{"rendered":"","protected":false},"excerpt":{"rendered":"<p>Cette barre de chocolat au lait bio \u00e0 55% contient des grains de caf\u00e9 Bench Maji liqu\u00e9fi\u00e9s d&rsquo;\u00c9thiopie et des \u00e9clats de f\u00e8ves de cacao torr\u00e9fi\u00e9es croustillantes.<\/p>\n","protected":false},"featured_media":177,"comment_status":"open","ping_status":"closed","template":"","meta":[],"product_brand":[77],"product_cat":[733,734,735,15],"product_tag":[24],"class_list":{"0":"post-176","1":"product","2":"type-product","3":"status-publish","4":"has-post-thumbnail","6":"product_brand-georgia-ramon","7":"product_cat-awards","8":"product_cat-bean-to-bar","9":"product_cat-bio","10":"product_cat-chocolat","11":"product_tag-visible","12":"product_shipping_class-16","13":"infinite-scroll-item","14":"resize-featured-image","15":"sales-flash-overlay","16":"woocommerce-text-align-center","17":"woocommerce-image-align-center","19":"first","20":"instock","21":"taxable","22":"shipping-taxable","23":"purchasable","24":"product-type-simple"},"_links":{"self":[{"href":"https:\/\/clearchox.com\/fr\/wp-json\/wp\/v2\/product\/176","targetHints":{"allow":["GET"]}}],"collection":[{"href":"https:\/\/clearchox.com\/fr\/wp-json\/wp\/v2\/product"}],"about":[{"href":"https:\/\/clearchox.com\/fr\/wp-json\/wp\/v2\/types\/product"}],"replies":[{"embeddable":true,"href":"https:\/\/clearchox.com\/fr\/wp-json\/wp\/v2\/comments?post=176"}],"wp:featuredmedia":[{"embeddable":true,"href":"https:\/\/clearchox.com\/fr\/wp-json\/wp\/v2\/media\/177"}],"wp:attachment":[{"href":"https:\/\/clearchox.com\/fr\/wp-json\/wp\/v2\/media?parent=176"}],"wp:term":[{"taxonomy":"product_brand","embeddable":true,"href":"https:\/\/clearchox.com\/fr\/wp-json\/wp\/v2\/product_brand?post=176"},{"taxonomy":"product_cat","embeddable":true,"href":"https:\/\/clearchox.com\/fr\/wp-json\/wp\/v2\/product_cat?post=176"},{"taxonomy":"product_tag","embeddable":true,"href":"https:\/\/clearchox.com\/fr\/wp-json\/wp\/v2\/product_tag?post=176"}],"curies":[{"name":"wp","href":"https:\/\/api.w.org\/{rel}","templated":true}]}}