{"id":184,"date":"2016-04-13T00:00:00","date_gmt":"2016-04-13T00:00:00","guid":{"rendered":"https:\/\/clearchox.com\/product\/georgia-ramon-pistache-vegan-bio\/"},"modified":"2026-03-27T08:04:02","modified_gmt":"2026-03-27T08:04:02","slug":"georgia-ramon-pistachio-vegan-bio","status":"publish","type":"product","link":"https:\/\/clearchox.com\/fr\/shop\/georgia-ramon-pistachio-vegan-bio\/","title":{"rendered":"Georgia Ramon V\u00e9gan aux Pistaches BIO"},"content":{"rendered":"","protected":false},"excerpt":{"rendered":"<p>Une barre \u00e0 44% de cacao, bio, sans gluten et vegan (\u00e0 base d&rsquo;amandes), avec 14% de pistaches et de sel de mer. Une alternative v\u00e9g\u00e9talienne d\u00e9licieusement cr\u00e9meuse au chocolat au lait.<\/p>\n","protected":false},"featured_media":185,"comment_status":"open","ping_status":"closed","template":"","meta":[],"product_brand":[77],"product_cat":[735,15,736],"product_tag":[24],"class_list":{"0":"post-184","1":"product","2":"type-product","3":"status-publish","4":"has-post-thumbnail","6":"product_brand-georgia-ramon","7":"product_cat-bio","8":"product_cat-chocolat","9":"product_cat-vegane","10":"product_tag-visible","11":"product_shipping_class-16","12":"infinite-scroll-item","13":"resize-featured-image","14":"sales-flash-overlay","15":"woocommerce-text-align-center","16":"woocommerce-image-align-center","18":"first","19":"instock","20":"taxable","21":"shipping-taxable","22":"purchasable","23":"product-type-simple"},"_links":{"self":[{"href":"https:\/\/clearchox.com\/fr\/wp-json\/wp\/v2\/product\/184","targetHints":{"allow":["GET"]}}],"collection":[{"href":"https:\/\/clearchox.com\/fr\/wp-json\/wp\/v2\/product"}],"about":[{"href":"https:\/\/clearchox.com\/fr\/wp-json\/wp\/v2\/types\/product"}],"replies":[{"embeddable":true,"href":"https:\/\/clearchox.com\/fr\/wp-json\/wp\/v2\/comments?post=184"}],"wp:featuredmedia":[{"embeddable":true,"href":"https:\/\/clearchox.com\/fr\/wp-json\/wp\/v2\/media\/185"}],"wp:attachment":[{"href":"https:\/\/clearchox.com\/fr\/wp-json\/wp\/v2\/media?parent=184"}],"wp:term":[{"taxonomy":"product_brand","embeddable":true,"href":"https:\/\/clearchox.com\/fr\/wp-json\/wp\/v2\/product_brand?post=184"},{"taxonomy":"product_cat","embeddable":true,"href":"https:\/\/clearchox.com\/fr\/wp-json\/wp\/v2\/product_cat?post=184"},{"taxonomy":"product_tag","embeddable":true,"href":"https:\/\/clearchox.com\/fr\/wp-json\/wp\/v2\/product_tag?post=184"}],"curies":[{"name":"wp","href":"https:\/\/api.w.org\/{rel}","templated":true}]}}