{"id":210,"date":"2016-09-26T00:00:00","date_gmt":"2016-09-26T00:00:00","guid":{"rendered":"https:\/\/clearchox.com\/product\/kuna-zout-en-raw-nibs\/"},"modified":"2026-03-23T08:14:24","modified_gmt":"2026-03-23T08:14:24","slug":"kuna-salt-and-raw-nibs","status":"publish","type":"product","link":"https:\/\/clearchox.com\/fr\/shop\/kuna-salt-and-raw-nibs\/","title":{"rendered":"Kun\u00e1 71% Sel et \u00c9clats Bruts BIO"},"content":{"rendered":"","protected":false},"excerpt":{"rendered":"<p>C&rsquo;est la rencontre parfaite. Le cacao aromatique de la biosph\u00e8re de l&rsquo;Unesco Sumaco dans l&rsquo;Amazonie \u00e9quatorienne enrichi de nibs de cacao brut et de cristaux de sel \u00e9tincelants subtilement saupoudr\u00e9s du Salar de Atacama, au nord du Chili.<\/p>\n","protected":false},"featured_media":83853,"comment_status":"open","ping_status":"closed","template":"","meta":[],"product_brand":[56],"product_cat":[734,735,15,737,736],"product_tag":[24],"class_list":{"0":"post-210","1":"product","2":"type-product","3":"status-publish","4":"has-post-thumbnail","6":"product_brand-kuna","7":"product_cat-bean-to-bar","8":"product_cat-bio","9":"product_cat-chocolat","10":"product_cat-sans-allergenes","11":"product_cat-vegane","12":"product_tag-visible","13":"product_shipping_class-16","14":"infinite-scroll-item","15":"resize-featured-image","16":"sales-flash-overlay","17":"woocommerce-text-align-center","18":"woocommerce-image-align-center","19":"wc-has-gallery","21":"first","22":"instock","23":"taxable","24":"shipping-taxable","25":"purchasable","26":"product-type-simple"},"_links":{"self":[{"href":"https:\/\/clearchox.com\/fr\/wp-json\/wp\/v2\/product\/210","targetHints":{"allow":["GET"]}}],"collection":[{"href":"https:\/\/clearchox.com\/fr\/wp-json\/wp\/v2\/product"}],"about":[{"href":"https:\/\/clearchox.com\/fr\/wp-json\/wp\/v2\/types\/product"}],"replies":[{"embeddable":true,"href":"https:\/\/clearchox.com\/fr\/wp-json\/wp\/v2\/comments?post=210"}],"wp:featuredmedia":[{"embeddable":true,"href":"https:\/\/clearchox.com\/fr\/wp-json\/wp\/v2\/media\/83853"}],"wp:attachment":[{"href":"https:\/\/clearchox.com\/fr\/wp-json\/wp\/v2\/media?parent=210"}],"wp:term":[{"taxonomy":"product_brand","embeddable":true,"href":"https:\/\/clearchox.com\/fr\/wp-json\/wp\/v2\/product_brand?post=210"},{"taxonomy":"product_cat","embeddable":true,"href":"https:\/\/clearchox.com\/fr\/wp-json\/wp\/v2\/product_cat?post=210"},{"taxonomy":"product_tag","embeddable":true,"href":"https:\/\/clearchox.com\/fr\/wp-json\/wp\/v2\/product_tag?post=210"}],"curies":[{"name":"wp","href":"https:\/\/api.w.org\/{rel}","templated":true}]}}