{"id":216,"date":"2017-01-13T00:00:00","date_gmt":"2017-01-13T00:00:00","guid":{"rendered":"https:\/\/clearchox.com\/product\/georgia-ramon-frambozen-rozen-bio\/"},"modified":"2026-04-07T14:23:51","modified_gmt":"2026-04-07T14:23:51","slug":"georgia-ramon-raspberry-rose-bio","status":"publish","type":"product","link":"https:\/\/clearchox.com\/fr\/shop\/georgia-ramon-raspberry-rose-bio\/","title":{"rendered":"Georgia Ramon Framboise et Rose BIO"},"content":{"rendered":"","protected":false},"excerpt":{"rendered":"<p>Chocolat blanc aux framboises s\u00e9ch\u00e9es et \u00e0 l&rsquo;huile de rose pure \u00e0 100%. obtenue \u00e0 partir de roses bulgares cueillies \u00e0 la main (rosa damascena).<\/p>\n","protected":false},"featured_media":83863,"comment_status":"open","ping_status":"closed","template":"","meta":[],"product_brand":[77],"product_cat":[733,734,735,15],"product_tag":[24],"class_list":{"0":"post-216","1":"product","2":"type-product","3":"status-publish","4":"has-post-thumbnail","6":"product_brand-georgia-ramon","7":"product_cat-awards","8":"product_cat-bean-to-bar","9":"product_cat-bio","10":"product_cat-chocolat","11":"product_tag-visible","12":"product_shipping_class-16","13":"infinite-scroll-item","14":"resize-featured-image","15":"sales-flash-overlay","16":"woocommerce-text-align-center","17":"woocommerce-image-align-center","18":"wc-has-gallery","20":"first","21":"instock","22":"taxable","23":"shipping-taxable","24":"purchasable","25":"product-type-simple"},"_links":{"self":[{"href":"https:\/\/clearchox.com\/fr\/wp-json\/wp\/v2\/product\/216","targetHints":{"allow":["GET"]}}],"collection":[{"href":"https:\/\/clearchox.com\/fr\/wp-json\/wp\/v2\/product"}],"about":[{"href":"https:\/\/clearchox.com\/fr\/wp-json\/wp\/v2\/types\/product"}],"replies":[{"embeddable":true,"href":"https:\/\/clearchox.com\/fr\/wp-json\/wp\/v2\/comments?post=216"}],"wp:featuredmedia":[{"embeddable":true,"href":"https:\/\/clearchox.com\/fr\/wp-json\/wp\/v2\/media\/83863"}],"wp:attachment":[{"href":"https:\/\/clearchox.com\/fr\/wp-json\/wp\/v2\/media?parent=216"}],"wp:term":[{"taxonomy":"product_brand","embeddable":true,"href":"https:\/\/clearchox.com\/fr\/wp-json\/wp\/v2\/product_brand?post=216"},{"taxonomy":"product_cat","embeddable":true,"href":"https:\/\/clearchox.com\/fr\/wp-json\/wp\/v2\/product_cat?post=216"},{"taxonomy":"product_tag","embeddable":true,"href":"https:\/\/clearchox.com\/fr\/wp-json\/wp\/v2\/product_tag?post=216"}],"curies":[{"name":"wp","href":"https:\/\/api.w.org\/{rel}","templated":true}]}}