{"id":238,"date":"2017-03-23T00:00:00","date_gmt":"2017-03-23T00:00:00","guid":{"rendered":"https:\/\/clearchox.com\/product\/morin-venezuela-porcelana-100\/"},"modified":"2025-03-27T08:59:33","modified_gmt":"2025-03-27T08:59:33","slug":"morin-venezuela-porcelana-100","status":"publish","type":"product","link":"https:\/\/clearchox.com\/fr\/shop\/morin-venezuela-porcelana-100\/","title":{"rendered":"Morin Venezuela Porcelana 100%"},"content":{"rendered":"","protected":false},"excerpt":{"rendered":"<p>Tr\u00e8s exclusif ! Ce cacao de la r\u00e9gion de Maracaibo avec ses f\u00e8ves de cacao blanc donne des ar\u00f4mes persistants de biscuits et de fruits rouges pour se terminer sur des notes florales.<\/p>\n","protected":false},"featured_media":83885,"comment_status":"open","ping_status":"closed","template":"","meta":[],"product_brand":[79],"product_cat":[15,736],"product_tag":[24],"class_list":{"0":"post-238","1":"product","2":"type-product","3":"status-publish","4":"has-post-thumbnail","6":"product_brand-chocolaterie-a-morin","7":"product_cat-chocolat","8":"product_cat-vegane","9":"product_tag-visible","10":"product_shipping_class-16","11":"infinite-scroll-item","12":"resize-featured-image","13":"sales-flash-overlay","14":"woocommerce-text-align-center","15":"woocommerce-image-align-center","16":"wc-has-gallery","18":"first","19":"outofstock","20":"taxable","21":"shipping-taxable","22":"purchasable","23":"product-type-simple"},"_links":{"self":[{"href":"https:\/\/clearchox.com\/fr\/wp-json\/wp\/v2\/product\/238","targetHints":{"allow":["GET"]}}],"collection":[{"href":"https:\/\/clearchox.com\/fr\/wp-json\/wp\/v2\/product"}],"about":[{"href":"https:\/\/clearchox.com\/fr\/wp-json\/wp\/v2\/types\/product"}],"replies":[{"embeddable":true,"href":"https:\/\/clearchox.com\/fr\/wp-json\/wp\/v2\/comments?post=238"}],"wp:featuredmedia":[{"embeddable":true,"href":"https:\/\/clearchox.com\/fr\/wp-json\/wp\/v2\/media\/83885"}],"wp:attachment":[{"href":"https:\/\/clearchox.com\/fr\/wp-json\/wp\/v2\/media?parent=238"}],"wp:term":[{"taxonomy":"product_brand","embeddable":true,"href":"https:\/\/clearchox.com\/fr\/wp-json\/wp\/v2\/product_brand?post=238"},{"taxonomy":"product_cat","embeddable":true,"href":"https:\/\/clearchox.com\/fr\/wp-json\/wp\/v2\/product_cat?post=238"},{"taxonomy":"product_tag","embeddable":true,"href":"https:\/\/clearchox.com\/fr\/wp-json\/wp\/v2\/product_tag?post=238"}],"curies":[{"name":"wp","href":"https:\/\/api.w.org\/{rel}","templated":true}]}}