{"id":240,"date":"2017-03-23T00:00:00","date_gmt":"2017-03-23T00:00:00","guid":{"rendered":"https:\/\/clearchox.com\/product\/morin-ivoorkust-100\/"},"modified":"2026-01-20T07:59:20","modified_gmt":"2026-01-20T07:59:20","slug":"morin-ivory-coast-100","status":"publish","type":"product","link":"https:\/\/clearchox.com\/fr\/shop\/morin-ivory-coast-100\/","title":{"rendered":"Morin C\u00f4te d&rsquo;Ivoire 100%"},"content":{"rendered":"","protected":false},"excerpt":{"rendered":"<p>Les f\u00e8ves de cacao pour cette tablette 100 % d&rsquo;excellente qualit\u00e9 proviennent de la C\u00f4te d&rsquo;Ivoire en Afrique et sont produites par une coop\u00e9rative enti\u00e8rement f\u00e9minine. La tablette r\u00e9sultante \u00e0 100 % est feuillue, herbac\u00e9e, bois\u00e9e et pr\u00e9sente des notes de fruits secs avec une finale douce et sucr\u00e9e.<\/p>\n","protected":false},"featured_media":83897,"comment_status":"open","ping_status":"closed","template":"","meta":[],"product_brand":[79],"product_cat":[734,15,736],"product_tag":[24],"class_list":{"0":"post-240","1":"product","2":"type-product","3":"status-publish","4":"has-post-thumbnail","6":"product_brand-chocolaterie-a-morin","7":"product_cat-bean-to-bar","8":"product_cat-chocolat","9":"product_cat-vegane","10":"product_tag-visible","11":"product_shipping_class-16","12":"infinite-scroll-item","13":"resize-featured-image","14":"sales-flash-overlay","15":"woocommerce-text-align-center","16":"woocommerce-image-align-center","17":"wc-has-gallery","19":"first","20":"outofstock","21":"taxable","22":"shipping-taxable","23":"purchasable","24":"product-type-simple"},"_links":{"self":[{"href":"https:\/\/clearchox.com\/fr\/wp-json\/wp\/v2\/product\/240","targetHints":{"allow":["GET"]}}],"collection":[{"href":"https:\/\/clearchox.com\/fr\/wp-json\/wp\/v2\/product"}],"about":[{"href":"https:\/\/clearchox.com\/fr\/wp-json\/wp\/v2\/types\/product"}],"replies":[{"embeddable":true,"href":"https:\/\/clearchox.com\/fr\/wp-json\/wp\/v2\/comments?post=240"}],"wp:featuredmedia":[{"embeddable":true,"href":"https:\/\/clearchox.com\/fr\/wp-json\/wp\/v2\/media\/83897"}],"wp:attachment":[{"href":"https:\/\/clearchox.com\/fr\/wp-json\/wp\/v2\/media?parent=240"}],"wp:term":[{"taxonomy":"product_brand","embeddable":true,"href":"https:\/\/clearchox.com\/fr\/wp-json\/wp\/v2\/product_brand?post=240"},{"taxonomy":"product_cat","embeddable":true,"href":"https:\/\/clearchox.com\/fr\/wp-json\/wp\/v2\/product_cat?post=240"},{"taxonomy":"product_tag","embeddable":true,"href":"https:\/\/clearchox.com\/fr\/wp-json\/wp\/v2\/product_tag?post=240"}],"curies":[{"name":"wp","href":"https:\/\/api.w.org\/{rel}","templated":true}]}}