{"id":241,"date":"2017-03-23T00:00:00","date_gmt":"2017-03-23T00:00:00","guid":{"rendered":"https:\/\/clearchox.com\/product\/morin-peru-chanchamayo-100\/"},"modified":"2026-02-25T15:13:14","modified_gmt":"2026-02-25T15:13:14","slug":"morin-peru-chanchamayo-100-bio","status":"publish","type":"product","link":"https:\/\/clearchox.com\/fr\/shop\/morin-peru-chanchamayo-100-bio\/","title":{"rendered":"Morin P\u00e9rou Chanchamayo 100% BIO"},"content":{"rendered":"","protected":false},"excerpt":{"rendered":"<p>Une tablette 100 % forte et sombre cr\u00e9\u00e9e \u00e0 partir de f\u00e8ves de cacao cultiv\u00e9es dans la r\u00e9gion de Chanchamayo au P\u00e9rou. Elle combine des saveurs d&rsquo;agrumes avec des fruits secs et des notes de fruits \u00e0 coque.<\/p>\n","protected":false},"featured_media":83899,"comment_status":"open","ping_status":"closed","template":"","meta":[],"product_brand":[79],"product_cat":[734,735,15,736],"product_tag":[24],"class_list":{"0":"post-241","1":"product","2":"type-product","3":"status-publish","4":"has-post-thumbnail","6":"product_brand-chocolaterie-a-morin","7":"product_cat-bean-to-bar","8":"product_cat-bio","9":"product_cat-chocolat","10":"product_cat-vegane","11":"product_tag-visible","12":"product_shipping_class-16","13":"infinite-scroll-item","14":"resize-featured-image","15":"sales-flash-overlay","16":"woocommerce-text-align-center","17":"woocommerce-image-align-center","18":"wc-has-gallery","20":"first","21":"outofstock","22":"taxable","23":"shipping-taxable","24":"purchasable","25":"product-type-simple"},"_links":{"self":[{"href":"https:\/\/clearchox.com\/fr\/wp-json\/wp\/v2\/product\/241","targetHints":{"allow":["GET"]}}],"collection":[{"href":"https:\/\/clearchox.com\/fr\/wp-json\/wp\/v2\/product"}],"about":[{"href":"https:\/\/clearchox.com\/fr\/wp-json\/wp\/v2\/types\/product"}],"replies":[{"embeddable":true,"href":"https:\/\/clearchox.com\/fr\/wp-json\/wp\/v2\/comments?post=241"}],"wp:featuredmedia":[{"embeddable":true,"href":"https:\/\/clearchox.com\/fr\/wp-json\/wp\/v2\/media\/83899"}],"wp:attachment":[{"href":"https:\/\/clearchox.com\/fr\/wp-json\/wp\/v2\/media?parent=241"}],"wp:term":[{"taxonomy":"product_brand","embeddable":true,"href":"https:\/\/clearchox.com\/fr\/wp-json\/wp\/v2\/product_brand?post=241"},{"taxonomy":"product_cat","embeddable":true,"href":"https:\/\/clearchox.com\/fr\/wp-json\/wp\/v2\/product_cat?post=241"},{"taxonomy":"product_tag","embeddable":true,"href":"https:\/\/clearchox.com\/fr\/wp-json\/wp\/v2\/product_tag?post=241"}],"curies":[{"name":"wp","href":"https:\/\/api.w.org\/{rel}","templated":true}]}}