{"id":273,"date":"2017-06-06T00:00:00","date_gmt":"2017-06-06T00:00:00","guid":{"rendered":"https:\/\/clearchox.com\/product\/naive-super-dark-rough-ground-80-bio\/"},"modified":"2026-03-30T14:58:47","modified_gmt":"2026-03-30T14:58:47","slug":"naive-rough-ground-75-bio","status":"publish","type":"product","link":"https:\/\/clearchox.com\/fr\/shop\/naive-rough-ground-75-bio\/","title":{"rendered":"Na\u00efve Rugueux 75% BIO"},"content":{"rendered":"","protected":false},"excerpt":{"rendered":"<p>Domantas Uzpalis transforme les f\u00e8ves de cacao biologiques d&rsquo;El Ceibo en pure joie. Cette barre de 75 % offre des ar\u00f4mes d&rsquo;herbes vertes fruit\u00e9es, avec une longue finale de caf\u00e9 et de prunes. Un spectacle joyeux pour les sens.<\/p>\n","protected":false},"featured_media":89438,"comment_status":"open","ping_status":"closed","template":"","meta":[],"product_brand":[100],"product_cat":[735,15,736],"product_tag":[24],"class_list":{"0":"post-273","1":"product","2":"type-product","3":"status-publish","4":"has-post-thumbnail","6":"product_brand-naive","7":"product_cat-bio","8":"product_cat-chocolat","9":"product_cat-vegane","10":"product_tag-visible","11":"product_shipping_class-16","12":"infinite-scroll-item","13":"resize-featured-image","14":"sales-flash-overlay","15":"woocommerce-text-align-center","16":"woocommerce-image-align-center","17":"wc-has-gallery","19":"first","20":"instock","21":"taxable","22":"shipping-taxable","23":"purchasable","24":"product-type-simple"},"_links":{"self":[{"href":"https:\/\/clearchox.com\/fr\/wp-json\/wp\/v2\/product\/273","targetHints":{"allow":["GET"]}}],"collection":[{"href":"https:\/\/clearchox.com\/fr\/wp-json\/wp\/v2\/product"}],"about":[{"href":"https:\/\/clearchox.com\/fr\/wp-json\/wp\/v2\/types\/product"}],"replies":[{"embeddable":true,"href":"https:\/\/clearchox.com\/fr\/wp-json\/wp\/v2\/comments?post=273"}],"wp:featuredmedia":[{"embeddable":true,"href":"https:\/\/clearchox.com\/fr\/wp-json\/wp\/v2\/media\/89438"}],"wp:attachment":[{"href":"https:\/\/clearchox.com\/fr\/wp-json\/wp\/v2\/media?parent=273"}],"wp:term":[{"taxonomy":"product_brand","embeddable":true,"href":"https:\/\/clearchox.com\/fr\/wp-json\/wp\/v2\/product_brand?post=273"},{"taxonomy":"product_cat","embeddable":true,"href":"https:\/\/clearchox.com\/fr\/wp-json\/wp\/v2\/product_cat?post=273"},{"taxonomy":"product_tag","embeddable":true,"href":"https:\/\/clearchox.com\/fr\/wp-json\/wp\/v2\/product_tag?post=273"}],"curies":[{"name":"wp","href":"https:\/\/api.w.org\/{rel}","templated":true}]}}