{"id":276,"date":"2017-06-07T00:00:00","date_gmt":"2017-06-07T00:00:00","guid":{"rendered":"https:\/\/clearchox.com\/product\/naive-spices-kruiden-bio\/"},"modified":"2024-11-22T13:40:56","modified_gmt":"2024-11-22T13:40:56","slug":"naive-bbq-spices-65","status":"publish","type":"product","link":"https:\/\/clearchox.com\/fr\/shop\/naive-bbq-spices-65\/","title":{"rendered":"Na\u00efve \u00c9pices BBQ 65%"},"content":{"rendered":"","protected":false},"excerpt":{"rendered":"<p>\u00ab\u00a0La bouche devient une salle de concert d&rsquo;\u00e9pices. L&rsquo;ail noir, la vanille et une touche de chipotle sont harmonieusement encapsul\u00e9s par le chocolat \u00e0 65 %, qui fond lentement sur la langue.<\/p>\n","protected":false},"featured_media":90194,"comment_status":"open","ping_status":"closed","template":"","meta":[],"product_brand":[100],"product_cat":[733,734,15,736],"product_tag":[24],"class_list":{"0":"post-276","1":"product","2":"type-product","3":"status-publish","4":"has-post-thumbnail","6":"product_brand-naive","7":"product_cat-awards","8":"product_cat-bean-to-bar","9":"product_cat-chocolat","10":"product_cat-vegane","11":"product_tag-visible","12":"product_shipping_class-16","13":"infinite-scroll-item","14":"resize-featured-image","15":"sales-flash-overlay","16":"woocommerce-text-align-center","17":"woocommerce-image-align-center","18":"wc-has-gallery","20":"first","21":"outofstock","22":"taxable","23":"shipping-taxable","24":"purchasable","25":"product-type-simple"},"_links":{"self":[{"href":"https:\/\/clearchox.com\/fr\/wp-json\/wp\/v2\/product\/276","targetHints":{"allow":["GET"]}}],"collection":[{"href":"https:\/\/clearchox.com\/fr\/wp-json\/wp\/v2\/product"}],"about":[{"href":"https:\/\/clearchox.com\/fr\/wp-json\/wp\/v2\/types\/product"}],"replies":[{"embeddable":true,"href":"https:\/\/clearchox.com\/fr\/wp-json\/wp\/v2\/comments?post=276"}],"wp:featuredmedia":[{"embeddable":true,"href":"https:\/\/clearchox.com\/fr\/wp-json\/wp\/v2\/media\/90194"}],"wp:attachment":[{"href":"https:\/\/clearchox.com\/fr\/wp-json\/wp\/v2\/media?parent=276"}],"wp:term":[{"taxonomy":"product_brand","embeddable":true,"href":"https:\/\/clearchox.com\/fr\/wp-json\/wp\/v2\/product_brand?post=276"},{"taxonomy":"product_cat","embeddable":true,"href":"https:\/\/clearchox.com\/fr\/wp-json\/wp\/v2\/product_cat?post=276"},{"taxonomy":"product_tag","embeddable":true,"href":"https:\/\/clearchox.com\/fr\/wp-json\/wp\/v2\/product_tag?post=276"}],"curies":[{"name":"wp","href":"https:\/\/api.w.org\/{rel}","templated":true}]}}