{"id":280,"date":"2017-06-08T00:00:00","date_gmt":"2017-06-08T00:00:00","guid":{"rendered":"https:\/\/clearchox.com\/product\/naive-porcini\/"},"modified":"2026-04-01T11:23:25","modified_gmt":"2026-04-01T11:23:25","slug":"naive-porcini-62","status":"publish","type":"product","link":"https:\/\/clearchox.com\/fr\/shop\/naive-porcini-62\/","title":{"rendered":"Na\u00efve C\u00e8pes 62%"},"content":{"rendered":"","protected":false},"excerpt":{"rendered":"<p>Incroyablement d\u00e9licieux. L&rsquo;odeur et le go\u00fbt des c\u00e8pes se sont impr\u00e9gn\u00e9s dans ce chocolat au lait noir. Laissez-le fondre doucement sur votre langue, et ses ar\u00f4mes complexes se d\u00e9velopperont un par un et vous laisseront sans voix.<\/p>\n","protected":false},"featured_media":83966,"comment_status":"open","ping_status":"closed","template":"","meta":[],"product_brand":[100],"product_cat":[15],"product_tag":[24],"class_list":{"0":"post-280","1":"product","2":"type-product","3":"status-publish","4":"has-post-thumbnail","6":"product_brand-naive","7":"product_cat-chocolat","8":"product_tag-visible","9":"product_shipping_class-16","10":"infinite-scroll-item","11":"resize-featured-image","12":"sales-flash-overlay","13":"woocommerce-text-align-center","14":"woocommerce-image-align-center","15":"wc-has-gallery","17":"first","18":"instock","19":"taxable","20":"shipping-taxable","21":"purchasable","22":"product-type-simple"},"_links":{"self":[{"href":"https:\/\/clearchox.com\/fr\/wp-json\/wp\/v2\/product\/280","targetHints":{"allow":["GET"]}}],"collection":[{"href":"https:\/\/clearchox.com\/fr\/wp-json\/wp\/v2\/product"}],"about":[{"href":"https:\/\/clearchox.com\/fr\/wp-json\/wp\/v2\/types\/product"}],"replies":[{"embeddable":true,"href":"https:\/\/clearchox.com\/fr\/wp-json\/wp\/v2\/comments?post=280"}],"wp:featuredmedia":[{"embeddable":true,"href":"https:\/\/clearchox.com\/fr\/wp-json\/wp\/v2\/media\/83966"}],"wp:attachment":[{"href":"https:\/\/clearchox.com\/fr\/wp-json\/wp\/v2\/media?parent=280"}],"wp:term":[{"taxonomy":"product_brand","embeddable":true,"href":"https:\/\/clearchox.com\/fr\/wp-json\/wp\/v2\/product_brand?post=280"},{"taxonomy":"product_cat","embeddable":true,"href":"https:\/\/clearchox.com\/fr\/wp-json\/wp\/v2\/product_cat?post=280"},{"taxonomy":"product_tag","embeddable":true,"href":"https:\/\/clearchox.com\/fr\/wp-json\/wp\/v2\/product_tag?post=280"}],"curies":[{"name":"wp","href":"https:\/\/api.w.org\/{rel}","templated":true}]}}