{"id":281,"date":"2017-06-08T00:00:00","date_gmt":"2017-06-08T00:00:00","guid":{"rendered":"https:\/\/clearchox.com\/product\/naive-kefir\/"},"modified":"2026-03-30T14:58:52","modified_gmt":"2026-03-30T14:58:52","slug":"naive-kefir-50","status":"publish","type":"product","link":"https:\/\/clearchox.com\/fr\/shop\/naive-kefir-50\/","title":{"rendered":"Na\u00efve K\u00e9fir 50%"},"content":{"rendered":"","protected":false},"excerpt":{"rendered":"<p>Ce chocolat a \u00e9t\u00e9 enrichi en k\u00e9fir cr\u00e9meux. Son go\u00fbt typique et quelque peu acide \u00e9tire l&rsquo;enveloppe des saveurs du chocolat \u00e0 une toute nouvelle dimension.<\/p>\n","protected":false},"featured_media":83969,"comment_status":"open","ping_status":"closed","template":"","meta":[],"product_brand":[100],"product_cat":[734,15],"product_tag":[24],"class_list":{"0":"post-281","1":"product","2":"type-product","3":"status-publish","4":"has-post-thumbnail","6":"product_brand-naive","7":"product_cat-bean-to-bar","8":"product_cat-chocolat","9":"product_tag-visible","10":"product_shipping_class-16","11":"infinite-scroll-item","12":"resize-featured-image","13":"sales-flash-overlay","14":"woocommerce-text-align-center","15":"woocommerce-image-align-center","16":"wc-has-gallery","18":"first","19":"instock","20":"taxable","21":"shipping-taxable","22":"purchasable","23":"product-type-simple"},"_links":{"self":[{"href":"https:\/\/clearchox.com\/fr\/wp-json\/wp\/v2\/product\/281","targetHints":{"allow":["GET"]}}],"collection":[{"href":"https:\/\/clearchox.com\/fr\/wp-json\/wp\/v2\/product"}],"about":[{"href":"https:\/\/clearchox.com\/fr\/wp-json\/wp\/v2\/types\/product"}],"replies":[{"embeddable":true,"href":"https:\/\/clearchox.com\/fr\/wp-json\/wp\/v2\/comments?post=281"}],"wp:featuredmedia":[{"embeddable":true,"href":"https:\/\/clearchox.com\/fr\/wp-json\/wp\/v2\/media\/83969"}],"wp:attachment":[{"href":"https:\/\/clearchox.com\/fr\/wp-json\/wp\/v2\/media?parent=281"}],"wp:term":[{"taxonomy":"product_brand","embeddable":true,"href":"https:\/\/clearchox.com\/fr\/wp-json\/wp\/v2\/product_brand?post=281"},{"taxonomy":"product_cat","embeddable":true,"href":"https:\/\/clearchox.com\/fr\/wp-json\/wp\/v2\/product_cat?post=281"},{"taxonomy":"product_tag","embeddable":true,"href":"https:\/\/clearchox.com\/fr\/wp-json\/wp\/v2\/product_tag?post=281"}],"curies":[{"name":"wp","href":"https:\/\/api.w.org\/{rel}","templated":true}]}}