{"id":344,"date":"2018-01-17T00:00:00","date_gmt":"2018-01-17T00:00:00","guid":{"rendered":"https:\/\/clearchox.com\/product\/blanxart-dominicaanse-republiek-82-bio\/"},"modified":"2026-04-07T18:24:01","modified_gmt":"2026-04-07T18:24:01","slug":"blanxart-classic-noir-82-bio","status":"publish","type":"product","link":"https:\/\/clearchox.com\/fr\/shop\/blanxart-classic-noir-82-bio\/","title":{"rendered":"Blanxart Classic Noir 82% BIO"},"content":{"rendered":"<p><strong>Ingr\u00e9dients: cacao, sucre, beurre de cacao<br \/>\n<\/strong><em><strong>Vegane et sans gluten.<br \/>\n<\/strong><\/em><span style=\"color: #993300;\"><em><strong>Peut contenir des traces de lait, noix et soja<\/strong><\/em><\/span><\/p>\n<table width=\"593\">\n<tbody>\n<tr>\n<td width=\"333\"><strong>N\u00e4hrwerte\/Nutritional values\/Voedingswaarde\/Valeurs nutritionnelles<\/strong><\/td>\n<td width=\"260\"><strong>pro\/per\/pour 100 g<\/strong><\/td>\n<\/tr>\n<tr>\n<td>Energie\/Energy\/Energie\/Valeur \u00e9nerg\u00e9tique<\/td>\n<td>611 kcal \/ 2528 kJ<\/td>\n<\/tr>\n<tr>\n<td>Fett\/Fat\/Vet\/Lipides<\/td>\n<td>49.1 g<\/td>\n<\/tr>\n<tr>\n<td>davon ges\u00e4ttigte Fetts\u00e4uren\/of which saturated fatty acids\/waarvan verzadigd\/dont acides gras satur\u00e9s<\/td>\n<td>31.1 g<\/td>\n<\/tr>\n<tr>\n<td>Kohlenhydrate\/Carbohydrates\/Koolhydraten\/Glucides<\/td>\n<td>26.5 g<\/td>\n<\/tr>\n<tr>\n<td>davon Zucker\/of which sugar\/waarvan suiker\/dont sucre<\/td>\n<td>17.9 g<\/td>\n<\/tr>\n<tr>\n<td>Eiweiss\/Protein\/Eiwit\/Prot\u00e9ine<\/td>\n<td>10.4 g<\/td>\n<\/tr>\n<tr>\n<td>Salz\/Salt\/Zout\/Sel<\/td>\n<td>0.05 g<\/td>\n<\/tr>\n<\/tbody>\n<\/table>\n","protected":false},"excerpt":{"rendered":"<p>Les s\u00e9ries Classic et Premium Origins repr\u00e9sentent la s\u00e9lection de chocolats Blanxart pour les palais les plus exigeants. Ces barres ont \u00e9t\u00e9 cr\u00e9\u00e9es pour mettre en valeur l&rsquo;ar\u00f4me et le caract\u00e8re des f\u00e8ves de cacao provenant de diverses contr\u00e9es lointaines, avec un minimum d&rsquo;ingr\u00e9dients.<\/p>\n","protected":false},"featured_media":91117,"comment_status":"open","ping_status":"closed","template":"","meta":[],"product_brand":[31],"product_cat":[734,735,15,736],"product_tag":[1330,1331,1332,1127,24],"class_list":{"0":"post-344","1":"product","2":"type-product","3":"status-publish","4":"has-post-thumbnail","6":"product_brand-blanxart","7":"product_cat-bean-to-bar","8":"product_cat-bio","9":"product_cat-chocolat","10":"product_cat-vegane","11":"product_tag-classic","12":"product_tag-classique","13":"product_tag-espagne","14":"product_tag-noir","15":"product_tag-visible","16":"product_shipping_class-16","17":"infinite-scroll-item","18":"resize-featured-image","19":"sales-flash-overlay","20":"woocommerce-text-align-center","21":"woocommerce-image-align-center","23":"first","24":"instock","25":"taxable","26":"shipping-taxable","27":"purchasable","28":"product-type-simple"},"_links":{"self":[{"href":"https:\/\/clearchox.com\/fr\/wp-json\/wp\/v2\/product\/344","targetHints":{"allow":["GET"]}}],"collection":[{"href":"https:\/\/clearchox.com\/fr\/wp-json\/wp\/v2\/product"}],"about":[{"href":"https:\/\/clearchox.com\/fr\/wp-json\/wp\/v2\/types\/product"}],"replies":[{"embeddable":true,"href":"https:\/\/clearchox.com\/fr\/wp-json\/wp\/v2\/comments?post=344"}],"wp:featuredmedia":[{"embeddable":true,"href":"https:\/\/clearchox.com\/fr\/wp-json\/wp\/v2\/media\/91117"}],"wp:attachment":[{"href":"https:\/\/clearchox.com\/fr\/wp-json\/wp\/v2\/media?parent=344"}],"wp:term":[{"taxonomy":"product_brand","embeddable":true,"href":"https:\/\/clearchox.com\/fr\/wp-json\/wp\/v2\/product_brand?post=344"},{"taxonomy":"product_cat","embeddable":true,"href":"https:\/\/clearchox.com\/fr\/wp-json\/wp\/v2\/product_cat?post=344"},{"taxonomy":"product_tag","embeddable":true,"href":"https:\/\/clearchox.com\/fr\/wp-json\/wp\/v2\/product_tag?post=344"}],"curies":[{"name":"wp","href":"https:\/\/api.w.org\/{rel}","templated":true}]}}