{"id":352,"date":"2018-02-14T00:00:00","date_gmt":"2018-02-14T00:00:00","guid":{"rendered":"https:\/\/clearchox.com\/product\/krakakoa-sedayu-sumatra-70\/"},"modified":"2026-01-19T09:00:15","modified_gmt":"2026-01-19T09:00:15","slug":"krakakoa-sedayu-sumatra-70","status":"publish","type":"product","link":"https:\/\/clearchox.com\/fr\/shop\/krakakoa-sedayu-sumatra-70\/","title":{"rendered":"Krakakoa &#8211; Sedayu Sumatra 70%"},"content":{"rendered":"","protected":false},"excerpt":{"rendered":"<p>M\u00e9daille de bronze de l&rsquo;Acad\u00e9mie du Chocolat 2017. Chocolat d&rsquo;origine unique tr\u00e8s aromatique, de la ferme \u00e0 la tablette, de Sedayu, un village situ\u00e9 au sud de Sumatra.<\/p>\n","protected":false},"featured_media":84064,"comment_status":"open","ping_status":"closed","template":"","meta":[],"product_brand":[105],"product_cat":[733,734,15,736],"product_tag":[24],"class_list":{"0":"post-352","1":"product","2":"type-product","3":"status-publish","4":"has-post-thumbnail","6":"product_brand-krakakoa","7":"product_cat-awards","8":"product_cat-bean-to-bar","9":"product_cat-chocolat","10":"product_cat-vegane","11":"product_tag-visible","12":"product_shipping_class-16","13":"infinite-scroll-item","14":"resize-featured-image","15":"sales-flash-overlay","16":"woocommerce-text-align-center","17":"woocommerce-image-align-center","18":"wc-has-gallery","20":"first","21":"outofstock","22":"taxable","23":"shipping-taxable","24":"purchasable","25":"product-type-simple"},"_links":{"self":[{"href":"https:\/\/clearchox.com\/fr\/wp-json\/wp\/v2\/product\/352","targetHints":{"allow":["GET"]}}],"collection":[{"href":"https:\/\/clearchox.com\/fr\/wp-json\/wp\/v2\/product"}],"about":[{"href":"https:\/\/clearchox.com\/fr\/wp-json\/wp\/v2\/types\/product"}],"replies":[{"embeddable":true,"href":"https:\/\/clearchox.com\/fr\/wp-json\/wp\/v2\/comments?post=352"}],"wp:featuredmedia":[{"embeddable":true,"href":"https:\/\/clearchox.com\/fr\/wp-json\/wp\/v2\/media\/84064"}],"wp:attachment":[{"href":"https:\/\/clearchox.com\/fr\/wp-json\/wp\/v2\/media?parent=352"}],"wp:term":[{"taxonomy":"product_brand","embeddable":true,"href":"https:\/\/clearchox.com\/fr\/wp-json\/wp\/v2\/product_brand?post=352"},{"taxonomy":"product_cat","embeddable":true,"href":"https:\/\/clearchox.com\/fr\/wp-json\/wp\/v2\/product_cat?post=352"},{"taxonomy":"product_tag","embeddable":true,"href":"https:\/\/clearchox.com\/fr\/wp-json\/wp\/v2\/product_tag?post=352"}],"curies":[{"name":"wp","href":"https:\/\/api.w.org\/{rel}","templated":true}]}}