{"id":354,"date":"2018-02-14T00:00:00","date_gmt":"2018-02-14T00:00:00","guid":{"rendered":"https:\/\/clearchox.com\/product\/krakakoa-saludengen-sulawesi-75\/"},"modified":"2026-02-19T07:58:09","modified_gmt":"2026-02-19T07:58:09","slug":"krakakoa-saludengen-sulawesi-75","status":"publish","type":"product","link":"https:\/\/clearchox.com\/fr\/shop\/krakakoa-saludengen-sulawesi-75\/","title":{"rendered":"Krakakoa &#8211; Saludengen Sulawesi 75%"},"content":{"rendered":"","protected":false},"excerpt":{"rendered":"<p>Gagnant de la m\u00e9daille d&rsquo;argent des Academy of Chocolate Awards 2017. L&rsquo;\u00eele de Sulawesi a une nature unique avec des caract\u00e9ristiques \u00e0 la fois asiatiques et australiennes. Et dans cette nature pousse une abondance de cacao de grande qualit\u00e9.<\/p>\n","protected":false},"featured_media":84070,"comment_status":"open","ping_status":"closed","template":"","meta":[],"product_brand":[105],"product_cat":[733,734,15,736],"product_tag":[24],"class_list":{"0":"post-354","1":"product","2":"type-product","3":"status-publish","4":"has-post-thumbnail","6":"product_brand-krakakoa","7":"product_cat-awards","8":"product_cat-bean-to-bar","9":"product_cat-chocolat","10":"product_cat-vegane","11":"product_tag-visible","12":"product_shipping_class-16","13":"infinite-scroll-item","14":"resize-featured-image","15":"sales-flash-overlay","16":"woocommerce-text-align-center","17":"woocommerce-image-align-center","18":"wc-has-gallery","20":"first","21":"outofstock","22":"taxable","23":"shipping-taxable","24":"purchasable","25":"product-type-simple"},"_links":{"self":[{"href":"https:\/\/clearchox.com\/fr\/wp-json\/wp\/v2\/product\/354","targetHints":{"allow":["GET"]}}],"collection":[{"href":"https:\/\/clearchox.com\/fr\/wp-json\/wp\/v2\/product"}],"about":[{"href":"https:\/\/clearchox.com\/fr\/wp-json\/wp\/v2\/types\/product"}],"replies":[{"embeddable":true,"href":"https:\/\/clearchox.com\/fr\/wp-json\/wp\/v2\/comments?post=354"}],"wp:featuredmedia":[{"embeddable":true,"href":"https:\/\/clearchox.com\/fr\/wp-json\/wp\/v2\/media\/84070"}],"wp:attachment":[{"href":"https:\/\/clearchox.com\/fr\/wp-json\/wp\/v2\/media?parent=354"}],"wp:term":[{"taxonomy":"product_brand","embeddable":true,"href":"https:\/\/clearchox.com\/fr\/wp-json\/wp\/v2\/product_brand?post=354"},{"taxonomy":"product_cat","embeddable":true,"href":"https:\/\/clearchox.com\/fr\/wp-json\/wp\/v2\/product_cat?post=354"},{"taxonomy":"product_tag","embeddable":true,"href":"https:\/\/clearchox.com\/fr\/wp-json\/wp\/v2\/product_tag?post=354"}],"curies":[{"name":"wp","href":"https:\/\/api.w.org\/{rel}","templated":true}]}}