{"id":356,"date":"2018-02-15T00:00:00","date_gmt":"2018-02-15T00:00:00","guid":{"rendered":"https:\/\/clearchox.com\/product\/krakakoa-melkchocolade-met-gember-52\/"},"modified":"2026-04-07T18:23:10","modified_gmt":"2026-04-07T18:23:10","slug":"krakakoa-dark-milk-chocolate-with-ginger-52","status":"publish","type":"product","link":"https:\/\/clearchox.com\/fr\/shop\/krakakoa-dark-milk-chocolate-with-ginger-52\/","title":{"rendered":"Krakakoa &#8211; Chocolat au Lait et Gingembre 52%"},"content":{"rendered":"","protected":false},"excerpt":{"rendered":"<p>Gagnant de la m\u00e9daille de bronze de l&rsquo;Acad\u00e9mie du Chocolat 2017. Un ar\u00f4me chaud et terreux conduit \u00e0 une onctuosit\u00e9 miell\u00e9e lisse avec une subtile \u00e9pice de gingembre.<\/p>\n","protected":false},"featured_media":84076,"comment_status":"open","ping_status":"closed","template":"","meta":[],"product_brand":[105],"product_cat":[733,734,15],"product_tag":[24],"class_list":{"0":"post-356","1":"product","2":"type-product","3":"status-publish","4":"has-post-thumbnail","6":"product_brand-krakakoa","7":"product_cat-awards","8":"product_cat-bean-to-bar","9":"product_cat-chocolat","10":"product_tag-visible","11":"product_shipping_class-16","12":"infinite-scroll-item","13":"resize-featured-image","14":"sales-flash-overlay","15":"woocommerce-text-align-center","16":"woocommerce-image-align-center","17":"wc-has-gallery","19":"first","20":"instock","21":"taxable","22":"shipping-taxable","23":"purchasable","24":"product-type-simple"},"_links":{"self":[{"href":"https:\/\/clearchox.com\/fr\/wp-json\/wp\/v2\/product\/356","targetHints":{"allow":["GET"]}}],"collection":[{"href":"https:\/\/clearchox.com\/fr\/wp-json\/wp\/v2\/product"}],"about":[{"href":"https:\/\/clearchox.com\/fr\/wp-json\/wp\/v2\/types\/product"}],"replies":[{"embeddable":true,"href":"https:\/\/clearchox.com\/fr\/wp-json\/wp\/v2\/comments?post=356"}],"wp:featuredmedia":[{"embeddable":true,"href":"https:\/\/clearchox.com\/fr\/wp-json\/wp\/v2\/media\/84076"}],"wp:attachment":[{"href":"https:\/\/clearchox.com\/fr\/wp-json\/wp\/v2\/media?parent=356"}],"wp:term":[{"taxonomy":"product_brand","embeddable":true,"href":"https:\/\/clearchox.com\/fr\/wp-json\/wp\/v2\/product_brand?post=356"},{"taxonomy":"product_cat","embeddable":true,"href":"https:\/\/clearchox.com\/fr\/wp-json\/wp\/v2\/product_cat?post=356"},{"taxonomy":"product_tag","embeddable":true,"href":"https:\/\/clearchox.com\/fr\/wp-json\/wp\/v2\/product_tag?post=356"}],"curies":[{"name":"wp","href":"https:\/\/api.w.org\/{rel}","templated":true}]}}