{"id":358,"date":"2018-02-16T00:00:00","date_gmt":"2018-02-16T00:00:00","guid":{"rendered":"https:\/\/clearchox.com\/product\/krakakoa-chocolade-met-chili-60\/"},"modified":"2026-03-26T13:18:58","modified_gmt":"2026-03-26T13:18:58","slug":"krakakoa-dark-chocolate-with-chili-60","status":"publish","type":"product","link":"https:\/\/clearchox.com\/fr\/shop\/krakakoa-dark-chocolate-with-chili-60\/","title":{"rendered":"Krakakoa &#8211; Chocolat Noir et Piment 60%"},"content":{"rendered":"","protected":false},"excerpt":{"rendered":"<p>Chocolat avec une touche de caramel, qui se d\u00e9veloppe progressivement en un coup de chaleur chaleureux du m\u00e9lange de piment et de piment de Cayenne &#8211; les petits piments rouges indon\u00e9siens.<\/p>\n","protected":false},"featured_media":84079,"comment_status":"open","ping_status":"closed","template":"","meta":[],"product_brand":[105],"product_cat":[734,15,736],"product_tag":[24],"class_list":{"0":"post-358","1":"product","2":"type-product","3":"status-publish","4":"has-post-thumbnail","6":"product_brand-krakakoa","7":"product_cat-bean-to-bar","8":"product_cat-chocolat","9":"product_cat-vegane","10":"product_tag-visible","11":"product_shipping_class-16","12":"infinite-scroll-item","13":"resize-featured-image","14":"sales-flash-overlay","15":"woocommerce-text-align-center","16":"woocommerce-image-align-center","17":"wc-has-gallery","19":"first","20":"instock","21":"taxable","22":"shipping-taxable","23":"purchasable","24":"product-type-simple"},"_links":{"self":[{"href":"https:\/\/clearchox.com\/fr\/wp-json\/wp\/v2\/product\/358","targetHints":{"allow":["GET"]}}],"collection":[{"href":"https:\/\/clearchox.com\/fr\/wp-json\/wp\/v2\/product"}],"about":[{"href":"https:\/\/clearchox.com\/fr\/wp-json\/wp\/v2\/types\/product"}],"replies":[{"embeddable":true,"href":"https:\/\/clearchox.com\/fr\/wp-json\/wp\/v2\/comments?post=358"}],"wp:featuredmedia":[{"embeddable":true,"href":"https:\/\/clearchox.com\/fr\/wp-json\/wp\/v2\/media\/84079"}],"wp:attachment":[{"href":"https:\/\/clearchox.com\/fr\/wp-json\/wp\/v2\/media?parent=358"}],"wp:term":[{"taxonomy":"product_brand","embeddable":true,"href":"https:\/\/clearchox.com\/fr\/wp-json\/wp\/v2\/product_brand?post=358"},{"taxonomy":"product_cat","embeddable":true,"href":"https:\/\/clearchox.com\/fr\/wp-json\/wp\/v2\/product_cat?post=358"},{"taxonomy":"product_tag","embeddable":true,"href":"https:\/\/clearchox.com\/fr\/wp-json\/wp\/v2\/product_tag?post=358"}],"curies":[{"name":"wp","href":"https:\/\/api.w.org\/{rel}","templated":true}]}}