{"id":359,"date":"2018-02-16T00:00:00","date_gmt":"2018-02-16T00:00:00","guid":{"rendered":"https:\/\/clearchox.com\/product\/krakakoa-donkere-melkchocolade-met-kaneel-53\/"},"modified":"2026-04-07T18:23:12","modified_gmt":"2026-04-07T18:23:12","slug":"krakakoa-dark-milk-chocolate-with-cinnamon-53","status":"publish","type":"product","link":"https:\/\/clearchox.com\/fr\/shop\/krakakoa-dark-milk-chocolate-with-cinnamon-53\/","title":{"rendered":"Krakakoa &#8211; Chocolat au Lait et Cannelle 53%"},"content":{"rendered":"","protected":false},"excerpt":{"rendered":"<p>Chocolat au lait noir, un m\u00e9lange sucr\u00e9 et \u00e9pic\u00e9 d&rsquo;une cannelle parfum\u00e9e se marie harmonieusement avec un caramel cr\u00e9meux.<\/p>\n","protected":false},"featured_media":84080,"comment_status":"open","ping_status":"closed","template":"","meta":[],"product_brand":[105],"product_cat":[734,15],"product_tag":[24],"class_list":{"0":"post-359","1":"product","2":"type-product","3":"status-publish","4":"has-post-thumbnail","6":"product_brand-krakakoa","7":"product_cat-bean-to-bar","8":"product_cat-chocolat","9":"product_tag-visible","10":"product_shipping_class-16","11":"infinite-scroll-item","12":"resize-featured-image","13":"sales-flash-overlay","14":"woocommerce-text-align-center","15":"woocommerce-image-align-center","16":"wc-has-gallery","18":"first","19":"instock","20":"taxable","21":"shipping-taxable","22":"purchasable","23":"product-type-simple"},"_links":{"self":[{"href":"https:\/\/clearchox.com\/fr\/wp-json\/wp\/v2\/product\/359","targetHints":{"allow":["GET"]}}],"collection":[{"href":"https:\/\/clearchox.com\/fr\/wp-json\/wp\/v2\/product"}],"about":[{"href":"https:\/\/clearchox.com\/fr\/wp-json\/wp\/v2\/types\/product"}],"replies":[{"embeddable":true,"href":"https:\/\/clearchox.com\/fr\/wp-json\/wp\/v2\/comments?post=359"}],"wp:featuredmedia":[{"embeddable":true,"href":"https:\/\/clearchox.com\/fr\/wp-json\/wp\/v2\/media\/84080"}],"wp:attachment":[{"href":"https:\/\/clearchox.com\/fr\/wp-json\/wp\/v2\/media?parent=359"}],"wp:term":[{"taxonomy":"product_brand","embeddable":true,"href":"https:\/\/clearchox.com\/fr\/wp-json\/wp\/v2\/product_brand?post=359"},{"taxonomy":"product_cat","embeddable":true,"href":"https:\/\/clearchox.com\/fr\/wp-json\/wp\/v2\/product_cat?post=359"},{"taxonomy":"product_tag","embeddable":true,"href":"https:\/\/clearchox.com\/fr\/wp-json\/wp\/v2\/product_tag?post=359"}],"curies":[{"name":"wp","href":"https:\/\/api.w.org\/{rel}","templated":true}]}}