{"id":360,"date":"2018-02-16T00:00:00","date_gmt":"2018-02-16T00:00:00","guid":{"rendered":"https:\/\/clearchox.com\/product\/krakakoa-chocolade-met-zeezout-59\/"},"modified":"2026-04-07T07:24:00","modified_gmt":"2026-04-07T07:24:00","slug":"krakakoa-chocolate-with-sea-salt-and-pepper-59","status":"publish","type":"product","link":"https:\/\/clearchox.com\/fr\/shop\/krakakoa-chocolate-with-sea-salt-and-pepper-59\/","title":{"rendered":"Krakakoa &#8211; Chocolat Noir avec Sel de Mer et Poivre 59%"},"content":{"rendered":"","protected":false},"excerpt":{"rendered":"<p>Gagnant de la m\u00e9daille de bronze de l&rsquo;Acad\u00e9mie du Chocolat 2017. Une combinaison puissante de poivre \u00e9pic\u00e9 et de sel marin au go\u00fbt subtil se fond dans un savoureux chocolat sal\u00e9.<\/p>\n","protected":false},"featured_media":84085,"comment_status":"open","ping_status":"closed","template":"","meta":[],"product_brand":[105],"product_cat":[733,734,15,736],"product_tag":[24],"class_list":{"0":"post-360","1":"product","2":"type-product","3":"status-publish","4":"has-post-thumbnail","6":"product_brand-krakakoa","7":"product_cat-awards","8":"product_cat-bean-to-bar","9":"product_cat-chocolat","10":"product_cat-vegane","11":"product_tag-visible","12":"product_shipping_class-16","13":"infinite-scroll-item","14":"resize-featured-image","15":"sales-flash-overlay","16":"woocommerce-text-align-center","17":"woocommerce-image-align-center","18":"wc-has-gallery","20":"first","21":"instock","22":"taxable","23":"shipping-taxable","24":"purchasable","25":"product-type-simple"},"_links":{"self":[{"href":"https:\/\/clearchox.com\/fr\/wp-json\/wp\/v2\/product\/360","targetHints":{"allow":["GET"]}}],"collection":[{"href":"https:\/\/clearchox.com\/fr\/wp-json\/wp\/v2\/product"}],"about":[{"href":"https:\/\/clearchox.com\/fr\/wp-json\/wp\/v2\/types\/product"}],"replies":[{"embeddable":true,"href":"https:\/\/clearchox.com\/fr\/wp-json\/wp\/v2\/comments?post=360"}],"wp:featuredmedia":[{"embeddable":true,"href":"https:\/\/clearchox.com\/fr\/wp-json\/wp\/v2\/media\/84085"}],"wp:attachment":[{"href":"https:\/\/clearchox.com\/fr\/wp-json\/wp\/v2\/media?parent=360"}],"wp:term":[{"taxonomy":"product_brand","embeddable":true,"href":"https:\/\/clearchox.com\/fr\/wp-json\/wp\/v2\/product_brand?post=360"},{"taxonomy":"product_cat","embeddable":true,"href":"https:\/\/clearchox.com\/fr\/wp-json\/wp\/v2\/product_cat?post=360"},{"taxonomy":"product_tag","embeddable":true,"href":"https:\/\/clearchox.com\/fr\/wp-json\/wp\/v2\/product_tag?post=360"}],"curies":[{"name":"wp","href":"https:\/\/api.w.org\/{rel}","templated":true}]}}