{"id":382,"date":"2018-07-13T00:00:00","date_gmt":"2018-07-13T00:00:00","guid":{"rendered":"https:\/\/clearchox.com\/product\/georgia-ramon-espresso-70-bio\/"},"modified":"2026-03-27T08:04:01","modified_gmt":"2026-03-27T08:04:01","slug":"georgia-ramon-espresso-70-bio","status":"publish","type":"product","link":"https:\/\/clearchox.com\/fr\/shop\/georgia-ramon-espresso-70-bio\/","title":{"rendered":"Georgia Ramon Espresso 70% BIO"},"content":{"rendered":"","protected":false},"excerpt":{"rendered":"<p>Une barre de chocolat noir \u00e0 70% avec des grains de caf\u00e9 liqu\u00e9fi\u00e9s, qui donnent \u00e0 la barre son fort go\u00fbt d&rsquo;espresso.<\/p>\n","protected":false},"featured_media":383,"comment_status":"open","ping_status":"closed","template":"","meta":[],"product_brand":[77],"product_cat":[735,15,736],"product_tag":[24],"class_list":{"0":"post-382","1":"product","2":"type-product","3":"status-publish","4":"has-post-thumbnail","6":"product_brand-georgia-ramon","7":"product_cat-bio","8":"product_cat-chocolat","9":"product_cat-vegane","10":"product_tag-visible","11":"product_shipping_class-16","12":"infinite-scroll-item","13":"resize-featured-image","14":"sales-flash-overlay","15":"woocommerce-text-align-center","16":"woocommerce-image-align-center","18":"first","19":"instock","20":"taxable","21":"shipping-taxable","22":"purchasable","23":"product-type-simple"},"_links":{"self":[{"href":"https:\/\/clearchox.com\/fr\/wp-json\/wp\/v2\/product\/382","targetHints":{"allow":["GET"]}}],"collection":[{"href":"https:\/\/clearchox.com\/fr\/wp-json\/wp\/v2\/product"}],"about":[{"href":"https:\/\/clearchox.com\/fr\/wp-json\/wp\/v2\/types\/product"}],"replies":[{"embeddable":true,"href":"https:\/\/clearchox.com\/fr\/wp-json\/wp\/v2\/comments?post=382"}],"wp:featuredmedia":[{"embeddable":true,"href":"https:\/\/clearchox.com\/fr\/wp-json\/wp\/v2\/media\/383"}],"wp:attachment":[{"href":"https:\/\/clearchox.com\/fr\/wp-json\/wp\/v2\/media?parent=382"}],"wp:term":[{"taxonomy":"product_brand","embeddable":true,"href":"https:\/\/clearchox.com\/fr\/wp-json\/wp\/v2\/product_brand?post=382"},{"taxonomy":"product_cat","embeddable":true,"href":"https:\/\/clearchox.com\/fr\/wp-json\/wp\/v2\/product_cat?post=382"},{"taxonomy":"product_tag","embeddable":true,"href":"https:\/\/clearchox.com\/fr\/wp-json\/wp\/v2\/product_tag?post=382"}],"curies":[{"name":"wp","href":"https:\/\/api.w.org\/{rel}","templated":true}]}}