{"id":384,"date":"2018-07-23T00:00:00","date_gmt":"2018-07-23T00:00:00","guid":{"rendered":"https:\/\/clearchox.com\/product\/soklet-puur-82\/"},"modified":"2026-03-24T14:43:49","modified_gmt":"2026-03-24T14:43:49","slug":"soklet-dark-82","status":"publish","type":"product","link":"https:\/\/clearchox.com\/fr\/shop\/soklet-dark-82\/","title":{"rendered":"Soklet 82% Noir"},"content":{"rendered":"","protected":false},"excerpt":{"rendered":"<p>Chocolat noir complet et riche des contreforts des montagnes d&rsquo;Anamalais. Go\u00fbt \u00e9pic\u00e9 et riche avec des notes de c\u00e8dre et de r\u00e9glisse et une finale fruit\u00e9e. Qualit\u00e9 sup\u00e9rieure de l&rsquo;Inde.<\/p>\n","protected":false},"featured_media":84103,"comment_status":"open","ping_status":"closed","template":"","meta":[],"product_brand":[108],"product_cat":[734,15,736],"product_tag":[24],"class_list":{"0":"post-384","1":"product","2":"type-product","3":"status-publish","4":"has-post-thumbnail","6":"product_brand-soklet","7":"product_cat-bean-to-bar","8":"product_cat-chocolat","9":"product_cat-vegane","10":"product_tag-visible","11":"product_shipping_class-16","12":"infinite-scroll-item","13":"resize-featured-image","14":"sales-flash-overlay","15":"woocommerce-text-align-center","16":"woocommerce-image-align-center","17":"wc-has-gallery","19":"first","20":"instock","21":"taxable","22":"shipping-taxable","23":"purchasable","24":"product-type-simple"},"_links":{"self":[{"href":"https:\/\/clearchox.com\/fr\/wp-json\/wp\/v2\/product\/384","targetHints":{"allow":["GET"]}}],"collection":[{"href":"https:\/\/clearchox.com\/fr\/wp-json\/wp\/v2\/product"}],"about":[{"href":"https:\/\/clearchox.com\/fr\/wp-json\/wp\/v2\/types\/product"}],"replies":[{"embeddable":true,"href":"https:\/\/clearchox.com\/fr\/wp-json\/wp\/v2\/comments?post=384"}],"wp:featuredmedia":[{"embeddable":true,"href":"https:\/\/clearchox.com\/fr\/wp-json\/wp\/v2\/media\/84103"}],"wp:attachment":[{"href":"https:\/\/clearchox.com\/fr\/wp-json\/wp\/v2\/media?parent=384"}],"wp:term":[{"taxonomy":"product_brand","embeddable":true,"href":"https:\/\/clearchox.com\/fr\/wp-json\/wp\/v2\/product_brand?post=384"},{"taxonomy":"product_cat","embeddable":true,"href":"https:\/\/clearchox.com\/fr\/wp-json\/wp\/v2\/product_cat?post=384"},{"taxonomy":"product_tag","embeddable":true,"href":"https:\/\/clearchox.com\/fr\/wp-json\/wp\/v2\/product_tag?post=384"}],"curies":[{"name":"wp","href":"https:\/\/api.w.org\/{rel}","templated":true}]}}