{"id":385,"date":"2018-07-23T00:00:00","date_gmt":"2018-07-23T00:00:00","guid":{"rendered":"https:\/\/clearchox.com\/product\/soklet-puur-70\/"},"modified":"2026-03-23T08:14:32","modified_gmt":"2026-03-23T08:14:32","slug":"soklet-dark-70","status":"publish","type":"product","link":"https:\/\/clearchox.com\/fr\/shop\/soklet-dark-70\/","title":{"rendered":"Soklet 70% Noir"},"content":{"rendered":"","protected":false},"excerpt":{"rendered":"<p>Chocolat noir complet et riche. Comme arrach\u00e9 \u00e0 la nature. Go\u00fbt \u00e9pic\u00e9, doux avec du caf\u00e9 et des noix du Br\u00e9sil. D\u00e9lice de l&rsquo;Inde.<\/p>\n","protected":false},"featured_media":84110,"comment_status":"open","ping_status":"closed","template":"","meta":[],"product_brand":[108],"product_cat":[733,734,15,736],"product_tag":[24],"class_list":{"0":"post-385","1":"product","2":"type-product","3":"status-publish","4":"has-post-thumbnail","6":"product_brand-soklet","7":"product_cat-awards","8":"product_cat-bean-to-bar","9":"product_cat-chocolat","10":"product_cat-vegane","11":"product_tag-visible","12":"product_shipping_class-16","13":"infinite-scroll-item","14":"resize-featured-image","15":"sales-flash-overlay","16":"woocommerce-text-align-center","17":"woocommerce-image-align-center","18":"wc-has-gallery","20":"first","21":"outofstock","22":"taxable","23":"shipping-taxable","24":"purchasable","25":"product-type-simple"},"_links":{"self":[{"href":"https:\/\/clearchox.com\/fr\/wp-json\/wp\/v2\/product\/385","targetHints":{"allow":["GET"]}}],"collection":[{"href":"https:\/\/clearchox.com\/fr\/wp-json\/wp\/v2\/product"}],"about":[{"href":"https:\/\/clearchox.com\/fr\/wp-json\/wp\/v2\/types\/product"}],"replies":[{"embeddable":true,"href":"https:\/\/clearchox.com\/fr\/wp-json\/wp\/v2\/comments?post=385"}],"wp:featuredmedia":[{"embeddable":true,"href":"https:\/\/clearchox.com\/fr\/wp-json\/wp\/v2\/media\/84110"}],"wp:attachment":[{"href":"https:\/\/clearchox.com\/fr\/wp-json\/wp\/v2\/media?parent=385"}],"wp:term":[{"taxonomy":"product_brand","embeddable":true,"href":"https:\/\/clearchox.com\/fr\/wp-json\/wp\/v2\/product_brand?post=385"},{"taxonomy":"product_cat","embeddable":true,"href":"https:\/\/clearchox.com\/fr\/wp-json\/wp\/v2\/product_cat?post=385"},{"taxonomy":"product_tag","embeddable":true,"href":"https:\/\/clearchox.com\/fr\/wp-json\/wp\/v2\/product_tag?post=385"}],"curies":[{"name":"wp","href":"https:\/\/api.w.org\/{rel}","templated":true}]}}